{"id":4679,"date":"2025-02-14T16:37:16","date_gmt":"2025-02-14T19:37:16","guid":{"rendered":"https:\/\/www.fitoplant.com.br\/loja\/?post_type=product&#038;p=4679"},"modified":"2025-09-04T10:22:32","modified_gmt":"2025-09-04T13:22:32","slug":"mag-6","status":"publish","type":"product","link":"https:\/\/www.fitoplant.com.br\/loja\/produto\/mag-6\/","title":{"rendered":"MAG 6<span class=\"codevz-product-category-after-title\">Todas<\/span>"},"content":{"rendered":"<p><img decoding=\"async\" class=\"alignnone size-medium wp-image-4657\" src=\"data:image\/svg+xml,%3Csvg%20xmlns%3D&#39;http%3A%2F%2Fwww.w3.org%2F2000%2Fsvg&#39;%20width=&#39;300&#39;%20height=&#39;300&#39;%20viewBox%3D&#39;0%200%20300%20300&#39;%2F%3E\" data-czlz data-src=\"https:\/\/www.fitoplant.com.br\/loja\/wp-content\/uploads\/2025\/01\/mag-6-fundo-transparente-300x300.png\" alt=\"\" width=\"300\" height=\"300\" data-srcset=\"https:\/\/www.fitoplant.com.br\/loja\/wp-content\/uploads\/2025\/01\/mag-6-fundo-transparente-300x300.png 300w, https:\/\/www.fitoplant.com.br\/loja\/wp-content\/uploads\/2025\/01\/mag-6-fundo-transparente-1024x1024.png 1024w, https:\/\/www.fitoplant.com.br\/loja\/wp-content\/uploads\/2025\/01\/mag-6-fundo-transparente-150x150.png 150w, https:\/\/www.fitoplant.com.br\/loja\/wp-content\/uploads\/2025\/01\/mag-6-fundo-transparente-768x768.png 768w, https:\/\/www.fitoplant.com.br\/loja\/wp-content\/uploads\/2025\/01\/mag-6-fundo-transparente-600x600.png 600w, https:\/\/www.fitoplant.com.br\/loja\/wp-content\/uploads\/2025\/01\/mag-6-fundo-transparente-1000x1000.png 1000w, https:\/\/www.fitoplant.com.br\/loja\/wp-content\/uploads\/2025\/01\/mag-6-fundo-transparente-100x100.png 100w, https:\/\/www.fitoplant.com.br\/loja\/wp-content\/uploads\/2025\/01\/mag-6-fundo-transparente.png 1200w\" data-sizes=\"(max-width: 300px) 100vw, 300px\" \/><\/p>\n","protected":false},"excerpt":{"rendered":"<p>Nesta apresenta\u00e7\u00e3o temos um mineral com alto<\/p>\n<p>teor de magn\u00e9sio, com excelente &#8230; <\/p>\n","protected":false},"featured_media":4657,"comment_status":"open","ping_status":"closed","template":"","meta":[],"product_brand":[],"product_cat":[48],"product_tag":[145,238,86,239,183],"class_list":{"0":"post-4679","1":"product","2":"type-product","3":"status-publish","4":"has-post-thumbnail","6":"product_cat-todas","7":"product_tag-calcio","8":"product_tag-mag-6","9":"product_tag-magnesio","10":"product_tag-magnesio-dimalato","11":"product_tag-magnesio-quelato","13":"first","14":"instock","15":"taxable","16":"shipping-taxable","17":"purchasable","18":"product-type-simple"},"yoast_head":"<!-- This site is optimized with the Yoast SEO plugin v27.3 - https:\/\/yoast.com\/product\/yoast-seo-wordpress\/ -->\n<title>MAG 6 - Loja Fitoplant<\/title>\n<meta name=\"description\" content=\"\u00c9 uma super combina\u00e7\u00e3o com 6 tipos de magn\u00e9sios para otimizar asa\u00fade e a performance cerebral e card\u00edaca, auxiliar na qualidade do sono, melhorar odesempenho f\u00edsico e mental, melhorar o transito intestinal, combater a fadiganeuromuscular.\" \/>\n<meta name=\"robots\" content=\"index, follow, max-snippet:-1, max-image-preview:large, max-video-preview:-1\" \/>\n<link rel=\"canonical\" href=\"https:\/\/www.fitoplant.com.br\/loja\/produto\/mag-6\/\" \/>\n<meta property=\"og:locale\" content=\"pt_BR\" \/>\n<meta property=\"og:type\" content=\"article\" \/>\n<meta property=\"og:title\" content=\"MAG 6 - Loja Fitoplant\" \/>\n<meta property=\"og:description\" content=\"\u00c9 uma super combina\u00e7\u00e3o com 6 tipos de magn\u00e9sios para otimizar asa\u00fade e a performance cerebral e card\u00edaca, auxiliar na qualidade do sono, melhorar odesempenho f\u00edsico e mental, melhorar o transito intestinal, combater a fadiganeuromuscular.\" \/>\n<meta property=\"og:url\" content=\"https:\/\/www.fitoplant.com.br\/loja\/produto\/mag-6\/\" \/>\n<meta property=\"og:site_name\" content=\"Loja Fitoplant\" \/>\n<meta property=\"article:publisher\" content=\"https:\/\/www.facebook.com\/fitoplantsuplementos\/\" \/>\n<meta property=\"article:modified_time\" content=\"2025-09-04T13:22:32+00:00\" \/>\n<meta property=\"og:image\" content=\"https:\/\/www.fitoplant.com.br\/loja\/wp-content\/uploads\/2025\/01\/mag-6-fundo-transparente.png\" \/>\n\t<meta property=\"og:image:width\" content=\"1200\" \/>\n\t<meta property=\"og:image:height\" content=\"1200\" \/>\n\t<meta property=\"og:image:type\" content=\"image\/png\" \/>\n<meta name=\"twitter:card\" content=\"summary_large_image\" \/>\n<meta name=\"twitter:label1\" content=\"Est. tempo de leitura\" \/>\n\t<meta name=\"twitter:data1\" content=\"1 minuto\" \/>\n<script type=\"application\/ld+json\" class=\"yoast-schema-graph\">{\"@context\":\"https:\\\/\\\/schema.org\",\"@graph\":[{\"@type\":[\"WebPage\",\"ItemPage\"],\"@id\":\"https:\\\/\\\/www.fitoplant.com.br\\\/loja\\\/produto\\\/mag-6\\\/\",\"url\":\"https:\\\/\\\/www.fitoplant.com.br\\\/loja\\\/produto\\\/mag-6\\\/\",\"name\":\"MAG 6 - Loja Fitoplant\",\"isPartOf\":{\"@id\":\"https:\\\/\\\/www.fitoplant.com.br\\\/loja\\\/#website\"},\"primaryImageOfPage\":{\"@id\":\"https:\\\/\\\/www.fitoplant.com.br\\\/loja\\\/produto\\\/mag-6\\\/#primaryimage\"},\"image\":{\"@id\":\"https:\\\/\\\/www.fitoplant.com.br\\\/loja\\\/produto\\\/mag-6\\\/#primaryimage\"},\"thumbnailUrl\":\"https:\\\/\\\/www.fitoplant.com.br\\\/loja\\\/wp-content\\\/uploads\\\/2025\\\/01\\\/mag-6-fundo-transparente.png\",\"datePublished\":\"2025-02-14T19:37:16+00:00\",\"dateModified\":\"2025-09-04T13:22:32+00:00\",\"description\":\"\u00c9 uma super combina\u00e7\u00e3o com 6 tipos de magn\u00e9sios para otimizar asa\u00fade e a performance cerebral e card\u00edaca, auxiliar na qualidade do sono, melhorar odesempenho f\u00edsico e mental, melhorar o transito intestinal, combater a fadiganeuromuscular.\",\"breadcrumb\":{\"@id\":\"https:\\\/\\\/www.fitoplant.com.br\\\/loja\\\/produto\\\/mag-6\\\/#breadcrumb\"},\"inLanguage\":\"pt-BR\",\"potentialAction\":[{\"@type\":\"ReadAction\",\"target\":[\"https:\\\/\\\/www.fitoplant.com.br\\\/loja\\\/produto\\\/mag-6\\\/\"]}]},{\"@type\":\"ImageObject\",\"inLanguage\":\"pt-BR\",\"@id\":\"https:\\\/\\\/www.fitoplant.com.br\\\/loja\\\/produto\\\/mag-6\\\/#primaryimage\",\"url\":\"https:\\\/\\\/www.fitoplant.com.br\\\/loja\\\/wp-content\\\/uploads\\\/2025\\\/01\\\/mag-6-fundo-transparente.png\",\"contentUrl\":\"https:\\\/\\\/www.fitoplant.com.br\\\/loja\\\/wp-content\\\/uploads\\\/2025\\\/01\\\/mag-6-fundo-transparente.png\",\"width\":1200,\"height\":1200},{\"@type\":\"BreadcrumbList\",\"@id\":\"https:\\\/\\\/www.fitoplant.com.br\\\/loja\\\/produto\\\/mag-6\\\/#breadcrumb\",\"itemListElement\":[{\"@type\":\"ListItem\",\"position\":1,\"name\":\"In\u00edcio\",\"item\":\"https:\\\/\\\/www.fitoplant.com.br\\\/loja\\\/\"},{\"@type\":\"ListItem\",\"position\":2,\"name\":\"Produtos\",\"item\":\"https:\\\/\\\/www.fitoplant.com.br\\\/loja\\\/produtos\\\/\"},{\"@type\":\"ListItem\",\"position\":3,\"name\":\"MAG 6\"}]},{\"@type\":\"WebSite\",\"@id\":\"https:\\\/\\\/www.fitoplant.com.br\\\/loja\\\/#website\",\"url\":\"https:\\\/\\\/www.fitoplant.com.br\\\/loja\\\/\",\"name\":\"Loja Fitoplant\",\"description\":\"Suplementos Alimentares\",\"publisher\":{\"@id\":\"https:\\\/\\\/www.fitoplant.com.br\\\/loja\\\/#organization\"},\"alternateName\":\"Loja Fitoplant\",\"potentialAction\":[{\"@type\":\"SearchAction\",\"target\":{\"@type\":\"EntryPoint\",\"urlTemplate\":\"https:\\\/\\\/www.fitoplant.com.br\\\/loja\\\/?s={search_term_string}\"},\"query-input\":{\"@type\":\"PropertyValueSpecification\",\"valueRequired\":true,\"valueName\":\"search_term_string\"}}],\"inLanguage\":\"pt-BR\"},{\"@type\":\"Organization\",\"@id\":\"https:\\\/\\\/www.fitoplant.com.br\\\/loja\\\/#organization\",\"name\":\"Loja Fitoplant\",\"alternateName\":\"Loja Fitoplant\",\"url\":\"https:\\\/\\\/www.fitoplant.com.br\\\/loja\\\/\",\"logo\":{\"@type\":\"ImageObject\",\"inLanguage\":\"pt-BR\",\"@id\":\"https:\\\/\\\/www.fitoplant.com.br\\\/loja\\\/#\\\/schema\\\/logo\\\/image\\\/\",\"url\":\"https:\\\/\\\/www.fitoplant.com.br\\\/loja\\\/wp-content\\\/uploads\\\/2024\\\/07\\\/favicon.png\",\"contentUrl\":\"https:\\\/\\\/www.fitoplant.com.br\\\/loja\\\/wp-content\\\/uploads\\\/2024\\\/07\\\/favicon.png\",\"width\":60,\"height\":60,\"caption\":\"Loja Fitoplant\"},\"image\":{\"@id\":\"https:\\\/\\\/www.fitoplant.com.br\\\/loja\\\/#\\\/schema\\\/logo\\\/image\\\/\"},\"sameAs\":[\"https:\\\/\\\/www.facebook.com\\\/fitoplantsuplementos\\\/\",\"https:\\\/\\\/www.instagram.com\\\/fitoplant\",\"https:\\\/\\\/www.youtube.com\\\/@fitoplant\"]}]}<\/script>\n<!-- \/ Yoast SEO plugin. -->","yoast_head_json":{"title":"MAG 6 - Loja Fitoplant","description":"\u00c9 uma super combina\u00e7\u00e3o com 6 tipos de magn\u00e9sios para otimizar asa\u00fade e a performance cerebral e card\u00edaca, auxiliar na qualidade do sono, melhorar odesempenho f\u00edsico e mental, melhorar o transito intestinal, combater a fadiganeuromuscular.","robots":{"index":"index","follow":"follow","max-snippet":"max-snippet:-1","max-image-preview":"max-image-preview:large","max-video-preview":"max-video-preview:-1"},"canonical":"https:\/\/www.fitoplant.com.br\/loja\/produto\/mag-6\/","og_locale":"pt_BR","og_type":"article","og_title":"MAG 6 - Loja Fitoplant","og_description":"\u00c9 uma super combina\u00e7\u00e3o com 6 tipos de magn\u00e9sios para otimizar asa\u00fade e a performance cerebral e card\u00edaca, auxiliar na qualidade do sono, melhorar odesempenho f\u00edsico e mental, melhorar o transito intestinal, combater a fadiganeuromuscular.","og_url":"https:\/\/www.fitoplant.com.br\/loja\/produto\/mag-6\/","og_site_name":"Loja Fitoplant","article_publisher":"https:\/\/www.facebook.com\/fitoplantsuplementos\/","article_modified_time":"2025-09-04T13:22:32+00:00","og_image":[{"width":1200,"height":1200,"url":"https:\/\/www.fitoplant.com.br\/loja\/wp-content\/uploads\/2025\/01\/mag-6-fundo-transparente.png","type":"image\/png"}],"twitter_card":"summary_large_image","twitter_misc":{"Est. tempo de leitura":"1 minuto"},"schema":{"@context":"https:\/\/schema.org","@graph":[{"@type":["WebPage","ItemPage"],"@id":"https:\/\/www.fitoplant.com.br\/loja\/produto\/mag-6\/","url":"https:\/\/www.fitoplant.com.br\/loja\/produto\/mag-6\/","name":"MAG 6 - Loja Fitoplant","isPartOf":{"@id":"https:\/\/www.fitoplant.com.br\/loja\/#website"},"primaryImageOfPage":{"@id":"https:\/\/www.fitoplant.com.br\/loja\/produto\/mag-6\/#primaryimage"},"image":{"@id":"https:\/\/www.fitoplant.com.br\/loja\/produto\/mag-6\/#primaryimage"},"thumbnailUrl":"https:\/\/www.fitoplant.com.br\/loja\/wp-content\/uploads\/2025\/01\/mag-6-fundo-transparente.png","datePublished":"2025-02-14T19:37:16+00:00","dateModified":"2025-09-04T13:22:32+00:00","description":"\u00c9 uma super combina\u00e7\u00e3o com 6 tipos de magn\u00e9sios para otimizar asa\u00fade e a performance cerebral e card\u00edaca, auxiliar na qualidade do sono, melhorar odesempenho f\u00edsico e mental, melhorar o transito intestinal, combater a fadiganeuromuscular.","breadcrumb":{"@id":"https:\/\/www.fitoplant.com.br\/loja\/produto\/mag-6\/#breadcrumb"},"inLanguage":"pt-BR","potentialAction":[{"@type":"ReadAction","target":["https:\/\/www.fitoplant.com.br\/loja\/produto\/mag-6\/"]}]},{"@type":"ImageObject","inLanguage":"pt-BR","@id":"https:\/\/www.fitoplant.com.br\/loja\/produto\/mag-6\/#primaryimage","url":"https:\/\/www.fitoplant.com.br\/loja\/wp-content\/uploads\/2025\/01\/mag-6-fundo-transparente.png","contentUrl":"https:\/\/www.fitoplant.com.br\/loja\/wp-content\/uploads\/2025\/01\/mag-6-fundo-transparente.png","width":1200,"height":1200},{"@type":"BreadcrumbList","@id":"https:\/\/www.fitoplant.com.br\/loja\/produto\/mag-6\/#breadcrumb","itemListElement":[{"@type":"ListItem","position":1,"name":"In\u00edcio","item":"https:\/\/www.fitoplant.com.br\/loja\/"},{"@type":"ListItem","position":2,"name":"Produtos","item":"https:\/\/www.fitoplant.com.br\/loja\/produtos\/"},{"@type":"ListItem","position":3,"name":"MAG 6"}]},{"@type":"WebSite","@id":"https:\/\/www.fitoplant.com.br\/loja\/#website","url":"https:\/\/www.fitoplant.com.br\/loja\/","name":"Loja Fitoplant","description":"Suplementos Alimentares","publisher":{"@id":"https:\/\/www.fitoplant.com.br\/loja\/#organization"},"alternateName":"Loja Fitoplant","potentialAction":[{"@type":"SearchAction","target":{"@type":"EntryPoint","urlTemplate":"https:\/\/www.fitoplant.com.br\/loja\/?s={search_term_string}"},"query-input":{"@type":"PropertyValueSpecification","valueRequired":true,"valueName":"search_term_string"}}],"inLanguage":"pt-BR"},{"@type":"Organization","@id":"https:\/\/www.fitoplant.com.br\/loja\/#organization","name":"Loja Fitoplant","alternateName":"Loja Fitoplant","url":"https:\/\/www.fitoplant.com.br\/loja\/","logo":{"@type":"ImageObject","inLanguage":"pt-BR","@id":"https:\/\/www.fitoplant.com.br\/loja\/#\/schema\/logo\/image\/","url":"https:\/\/www.fitoplant.com.br\/loja\/wp-content\/uploads\/2024\/07\/favicon.png","contentUrl":"https:\/\/www.fitoplant.com.br\/loja\/wp-content\/uploads\/2024\/07\/favicon.png","width":60,"height":60,"caption":"Loja Fitoplant"},"image":{"@id":"https:\/\/www.fitoplant.com.br\/loja\/#\/schema\/logo\/image\/"},"sameAs":["https:\/\/www.facebook.com\/fitoplantsuplementos\/","https:\/\/www.instagram.com\/fitoplant","https:\/\/www.youtube.com\/@fitoplant"]}]}},"_links":{"self":[{"href":"https:\/\/www.fitoplant.com.br\/loja\/wp-json\/wp\/v2\/product\/4679","targetHints":{"allow":["GET"]}}],"collection":[{"href":"https:\/\/www.fitoplant.com.br\/loja\/wp-json\/wp\/v2\/product"}],"about":[{"href":"https:\/\/www.fitoplant.com.br\/loja\/wp-json\/wp\/v2\/types\/product"}],"replies":[{"embeddable":true,"href":"https:\/\/www.fitoplant.com.br\/loja\/wp-json\/wp\/v2\/comments?post=4679"}],"wp:featuredmedia":[{"embeddable":true,"href":"https:\/\/www.fitoplant.com.br\/loja\/wp-json\/wp\/v2\/media\/4657"}],"wp:attachment":[{"href":"https:\/\/www.fitoplant.com.br\/loja\/wp-json\/wp\/v2\/media?parent=4679"}],"wp:term":[{"taxonomy":"product_brand","embeddable":true,"href":"https:\/\/www.fitoplant.com.br\/loja\/wp-json\/wp\/v2\/product_brand?post=4679"},{"taxonomy":"product_cat","embeddable":true,"href":"https:\/\/www.fitoplant.com.br\/loja\/wp-json\/wp\/v2\/product_cat?post=4679"},{"taxonomy":"product_tag","embeddable":true,"href":"https:\/\/www.fitoplant.com.br\/loja\/wp-json\/wp\/v2\/product_tag?post=4679"}],"curies":[{"name":"wp","href":"https:\/\/api.w.org\/{rel}","templated":true}]}}