{"id":3572,"date":"2024-01-22T18:25:12","date_gmt":"2024-01-22T21:25:12","guid":{"rendered":"https:\/\/fitomania.com.br\/?post_type=product&#038;p=3572"},"modified":"2026-04-06T14:12:57","modified_gmt":"2026-04-06T17:12:57","slug":"oleo-de-semente-de-abobora-30ml","status":"publish","type":"product","link":"https:\/\/www.fitoplant.com.br\/loja\/produto\/oleo-de-semente-de-abobora-30ml\/","title":{"rendered":"O\u0301leo de Semente de Abo\u0301bora 30ml<span class=\"codevz-product-category-after-title\">Anti-inflamat\u00f3rio<\/span>"},"content":{"rendered":"<p>O \u00d3leo de Semente de Ab\u00f3bora, em sua forma l\u00edquida, \u00e9 verdadeiramente um presente da natureza. Repleto de \u00e1cidos graxos essenciais, antioxidantes e vitaminas, este \u00f3leo oferece benef\u00edcios hol\u00edsticos para a sa\u00fade:<\/p>\n<ul>\n<li>Constitui uma fonte robusta de nutrientes, fornecendo suporte vital para o corpo.<\/li>\n<li>Contribui para a manuten\u00e7\u00e3o dos n\u00edveis de colesterol e press\u00e3o arterial, promovendo um sistema cardiovascular saud\u00e1vel.<\/li>\n<li>Os antioxidantes presentes neste \u00f3leo promovem uma pele radiante e cabelos saud\u00e1veis, refletindo equil\u00edbrio e beleza interna.<\/li>\n<li>Oferece suporte ao equil\u00edbrio hormonal, com especial benef\u00edcio para a sa\u00fade feminina, proporcionando al\u00edvio de forma natural.<\/li>\n<li>Com propriedades espec\u00edficas, apoia a sa\u00fade da pr\u00f3stata e a fun\u00e7\u00e3o urin\u00e1ria saud\u00e1vel em homens.<\/li>\n<\/ul>\n<p>&nbsp;<\/p>\n<p><strong>INGREDIENTES:<\/strong><\/p>\n<p>\u00d3leo de Semente de Ab\u00f3bora.<\/p>\n<p>Produto dispensado de registro conforme RDC 240\/2018.<\/p>\n<p>REF.: 1069<\/p>\n","protected":false},"excerpt":{"rendered":"<p>\u00d3leo de Semente de Ab\u00f3bora \u00e9 rico em \u00e1cidos graxos essenciais &#8230; <\/p>\n","protected":false},"featured_media":3573,"comment_status":"open","ping_status":"closed","template":"","meta":[],"product_brand":[],"product_cat":[67],"product_tag":[120,179,180,78,116,119,177,176],"class_list":{"0":"post-3572","1":"product","2":"type-product","3":"status-publish","4":"has-post-thumbnail","6":"product_cat-anti-inflamatorio","7":"product_tag-abobora","8":"product_tag-anemia","9":"product_tag-colesterol","10":"product_tag-fitoplant","11":"product_tag-oleo","12":"product_tag-oleo-de-semente","13":"product_tag-prostata","14":"product_tag-saude-masculina","16":"first","17":"instock","18":"taxable","19":"shipping-taxable","20":"purchasable","21":"product-type-simple"},"yoast_head":"<!-- This site is optimized with the Yoast SEO plugin v27.4 - https:\/\/yoast.com\/product\/yoast-seo-wordpress\/ -->\n<title>O\u0301leo de Semente de Abo\u0301bora 30ml - Loja Fitoplant<\/title>\n<meta name=\"description\" content=\"O \u00d3leo de Semente de Ab\u00f3bora, repleto de \u00e1cidos graxos essenciais, antioxidantes e vitaminas, este \u00f3leo oferece benef\u00edcios hol\u00edsticos para a sa\u00fade:\" \/>\n<meta name=\"robots\" content=\"index, follow, max-snippet:-1, max-image-preview:large, max-video-preview:-1\" \/>\n<link rel=\"canonical\" href=\"https:\/\/www.fitoplant.com.br\/loja\/produto\/oleo-de-semente-de-abobora-30ml\/\" \/>\n<meta property=\"og:locale\" content=\"pt_BR\" \/>\n<meta property=\"og:type\" content=\"article\" \/>\n<meta property=\"og:title\" content=\"O\u0301leo de Semente de Abo\u0301bora 30ml - Loja Fitoplant\" \/>\n<meta property=\"og:description\" content=\"O \u00d3leo de Semente de Ab\u00f3bora, repleto de \u00e1cidos graxos essenciais, antioxidantes e vitaminas, este \u00f3leo oferece benef\u00edcios hol\u00edsticos para a sa\u00fade:\" \/>\n<meta property=\"og:url\" content=\"https:\/\/www.fitoplant.com.br\/loja\/produto\/oleo-de-semente-de-abobora-30ml\/\" \/>\n<meta property=\"og:site_name\" content=\"Loja Fitoplant\" \/>\n<meta property=\"article:publisher\" content=\"https:\/\/www.facebook.com\/fitoplantsuplementos\/\" \/>\n<meta property=\"article:modified_time\" content=\"2026-04-06T17:12:57+00:00\" \/>\n<meta property=\"og:image\" content=\"https:\/\/www.fitoplant.com.br\/loja\/wp-content\/uploads\/2024\/01\/abobora-em-gotas.png\" \/>\n\t<meta property=\"og:image:width\" content=\"1424\" \/>\n\t<meta property=\"og:image:height\" content=\"1417\" \/>\n\t<meta property=\"og:image:type\" content=\"image\/png\" \/>\n<meta name=\"twitter:card\" content=\"summary_large_image\" \/>\n<meta name=\"twitter:label1\" content=\"Est. tempo de leitura\" \/>\n\t<meta name=\"twitter:data1\" content=\"1 minuto\" \/>\n<script type=\"application\/ld+json\" class=\"yoast-schema-graph\">{\"@context\":\"https:\\\/\\\/schema.org\",\"@graph\":[{\"@type\":[\"WebPage\",\"ItemPage\"],\"@id\":\"https:\\\/\\\/www.fitoplant.com.br\\\/loja\\\/produto\\\/oleo-de-semente-de-abobora-30ml\\\/\",\"url\":\"https:\\\/\\\/www.fitoplant.com.br\\\/loja\\\/produto\\\/oleo-de-semente-de-abobora-30ml\\\/\",\"name\":\"O\u0301leo de Semente de Abo\u0301bora 30ml - Loja Fitoplant\",\"isPartOf\":{\"@id\":\"https:\\\/\\\/www.fitoplant.com.br\\\/loja\\\/#website\"},\"primaryImageOfPage\":{\"@id\":\"https:\\\/\\\/www.fitoplant.com.br\\\/loja\\\/produto\\\/oleo-de-semente-de-abobora-30ml\\\/#primaryimage\"},\"image\":{\"@id\":\"https:\\\/\\\/www.fitoplant.com.br\\\/loja\\\/produto\\\/oleo-de-semente-de-abobora-30ml\\\/#primaryimage\"},\"thumbnailUrl\":\"https:\\\/\\\/www.fitoplant.com.br\\\/loja\\\/wp-content\\\/uploads\\\/2024\\\/01\\\/abobora-em-gotas.png\",\"datePublished\":\"2024-01-22T21:25:12+00:00\",\"dateModified\":\"2026-04-06T17:12:57+00:00\",\"description\":\"O \u00d3leo de Semente de Ab\u00f3bora, repleto de \u00e1cidos graxos essenciais, antioxidantes e vitaminas, este \u00f3leo oferece benef\u00edcios hol\u00edsticos para a sa\u00fade:\",\"breadcrumb\":{\"@id\":\"https:\\\/\\\/www.fitoplant.com.br\\\/loja\\\/produto\\\/oleo-de-semente-de-abobora-30ml\\\/#breadcrumb\"},\"inLanguage\":\"pt-BR\",\"potentialAction\":[{\"@type\":\"ReadAction\",\"target\":[\"https:\\\/\\\/www.fitoplant.com.br\\\/loja\\\/produto\\\/oleo-de-semente-de-abobora-30ml\\\/\"]}]},{\"@type\":\"ImageObject\",\"inLanguage\":\"pt-BR\",\"@id\":\"https:\\\/\\\/www.fitoplant.com.br\\\/loja\\\/produto\\\/oleo-de-semente-de-abobora-30ml\\\/#primaryimage\",\"url\":\"https:\\\/\\\/www.fitoplant.com.br\\\/loja\\\/wp-content\\\/uploads\\\/2024\\\/01\\\/abobora-em-gotas.png\",\"contentUrl\":\"https:\\\/\\\/www.fitoplant.com.br\\\/loja\\\/wp-content\\\/uploads\\\/2024\\\/01\\\/abobora-em-gotas.png\",\"width\":1424,\"height\":1417},{\"@type\":\"BreadcrumbList\",\"@id\":\"https:\\\/\\\/www.fitoplant.com.br\\\/loja\\\/produto\\\/oleo-de-semente-de-abobora-30ml\\\/#breadcrumb\",\"itemListElement\":[{\"@type\":\"ListItem\",\"position\":1,\"name\":\"In\u00edcio\",\"item\":\"https:\\\/\\\/www.fitoplant.com.br\\\/loja\\\/\"},{\"@type\":\"ListItem\",\"position\":2,\"name\":\"Produtos\",\"item\":\"https:\\\/\\\/www.fitoplant.com.br\\\/loja\\\/produtos\\\/\"},{\"@type\":\"ListItem\",\"position\":3,\"name\":\"O\u0301leo de Semente de Abo\u0301bora 30ml\"}]},{\"@type\":\"WebSite\",\"@id\":\"https:\\\/\\\/www.fitoplant.com.br\\\/loja\\\/#website\",\"url\":\"https:\\\/\\\/www.fitoplant.com.br\\\/loja\\\/\",\"name\":\"Loja Fitoplant\",\"description\":\"Suplementos Alimentares\",\"publisher\":{\"@id\":\"https:\\\/\\\/www.fitoplant.com.br\\\/loja\\\/#organization\"},\"alternateName\":\"Loja Fitoplant\",\"potentialAction\":[{\"@type\":\"SearchAction\",\"target\":{\"@type\":\"EntryPoint\",\"urlTemplate\":\"https:\\\/\\\/www.fitoplant.com.br\\\/loja\\\/?s={search_term_string}\"},\"query-input\":{\"@type\":\"PropertyValueSpecification\",\"valueRequired\":true,\"valueName\":\"search_term_string\"}}],\"inLanguage\":\"pt-BR\"},{\"@type\":\"Organization\",\"@id\":\"https:\\\/\\\/www.fitoplant.com.br\\\/loja\\\/#organization\",\"name\":\"Loja Fitoplant\",\"alternateName\":\"Loja Fitoplant\",\"url\":\"https:\\\/\\\/www.fitoplant.com.br\\\/loja\\\/\",\"logo\":{\"@type\":\"ImageObject\",\"inLanguage\":\"pt-BR\",\"@id\":\"https:\\\/\\\/www.fitoplant.com.br\\\/loja\\\/#\\\/schema\\\/logo\\\/image\\\/\",\"url\":\"https:\\\/\\\/www.fitoplant.com.br\\\/loja\\\/wp-content\\\/uploads\\\/2024\\\/07\\\/favicon.png\",\"contentUrl\":\"https:\\\/\\\/www.fitoplant.com.br\\\/loja\\\/wp-content\\\/uploads\\\/2024\\\/07\\\/favicon.png\",\"width\":60,\"height\":60,\"caption\":\"Loja Fitoplant\"},\"image\":{\"@id\":\"https:\\\/\\\/www.fitoplant.com.br\\\/loja\\\/#\\\/schema\\\/logo\\\/image\\\/\"},\"sameAs\":[\"https:\\\/\\\/www.facebook.com\\\/fitoplantsuplementos\\\/\",\"https:\\\/\\\/www.instagram.com\\\/fitoplant\",\"https:\\\/\\\/www.youtube.com\\\/@fitoplant\"]}]}<\/script>\n<!-- \/ Yoast SEO plugin. -->","yoast_head_json":{"title":"O\u0301leo de Semente de Abo\u0301bora 30ml - Loja Fitoplant","description":"O \u00d3leo de Semente de Ab\u00f3bora, repleto de \u00e1cidos graxos essenciais, antioxidantes e vitaminas, este \u00f3leo oferece benef\u00edcios hol\u00edsticos para a sa\u00fade:","robots":{"index":"index","follow":"follow","max-snippet":"max-snippet:-1","max-image-preview":"max-image-preview:large","max-video-preview":"max-video-preview:-1"},"canonical":"https:\/\/www.fitoplant.com.br\/loja\/produto\/oleo-de-semente-de-abobora-30ml\/","og_locale":"pt_BR","og_type":"article","og_title":"O\u0301leo de Semente de Abo\u0301bora 30ml - Loja Fitoplant","og_description":"O \u00d3leo de Semente de Ab\u00f3bora, repleto de \u00e1cidos graxos essenciais, antioxidantes e vitaminas, este \u00f3leo oferece benef\u00edcios hol\u00edsticos para a sa\u00fade:","og_url":"https:\/\/www.fitoplant.com.br\/loja\/produto\/oleo-de-semente-de-abobora-30ml\/","og_site_name":"Loja Fitoplant","article_publisher":"https:\/\/www.facebook.com\/fitoplantsuplementos\/","article_modified_time":"2026-04-06T17:12:57+00:00","og_image":[{"width":1424,"height":1417,"url":"https:\/\/www.fitoplant.com.br\/loja\/wp-content\/uploads\/2024\/01\/abobora-em-gotas.png","type":"image\/png"}],"twitter_card":"summary_large_image","twitter_misc":{"Est. tempo de leitura":"1 minuto"},"schema":{"@context":"https:\/\/schema.org","@graph":[{"@type":["WebPage","ItemPage"],"@id":"https:\/\/www.fitoplant.com.br\/loja\/produto\/oleo-de-semente-de-abobora-30ml\/","url":"https:\/\/www.fitoplant.com.br\/loja\/produto\/oleo-de-semente-de-abobora-30ml\/","name":"O\u0301leo de Semente de Abo\u0301bora 30ml - Loja Fitoplant","isPartOf":{"@id":"https:\/\/www.fitoplant.com.br\/loja\/#website"},"primaryImageOfPage":{"@id":"https:\/\/www.fitoplant.com.br\/loja\/produto\/oleo-de-semente-de-abobora-30ml\/#primaryimage"},"image":{"@id":"https:\/\/www.fitoplant.com.br\/loja\/produto\/oleo-de-semente-de-abobora-30ml\/#primaryimage"},"thumbnailUrl":"https:\/\/www.fitoplant.com.br\/loja\/wp-content\/uploads\/2024\/01\/abobora-em-gotas.png","datePublished":"2024-01-22T21:25:12+00:00","dateModified":"2026-04-06T17:12:57+00:00","description":"O \u00d3leo de Semente de Ab\u00f3bora, repleto de \u00e1cidos graxos essenciais, antioxidantes e vitaminas, este \u00f3leo oferece benef\u00edcios hol\u00edsticos para a sa\u00fade:","breadcrumb":{"@id":"https:\/\/www.fitoplant.com.br\/loja\/produto\/oleo-de-semente-de-abobora-30ml\/#breadcrumb"},"inLanguage":"pt-BR","potentialAction":[{"@type":"ReadAction","target":["https:\/\/www.fitoplant.com.br\/loja\/produto\/oleo-de-semente-de-abobora-30ml\/"]}]},{"@type":"ImageObject","inLanguage":"pt-BR","@id":"https:\/\/www.fitoplant.com.br\/loja\/produto\/oleo-de-semente-de-abobora-30ml\/#primaryimage","url":"https:\/\/www.fitoplant.com.br\/loja\/wp-content\/uploads\/2024\/01\/abobora-em-gotas.png","contentUrl":"https:\/\/www.fitoplant.com.br\/loja\/wp-content\/uploads\/2024\/01\/abobora-em-gotas.png","width":1424,"height":1417},{"@type":"BreadcrumbList","@id":"https:\/\/www.fitoplant.com.br\/loja\/produto\/oleo-de-semente-de-abobora-30ml\/#breadcrumb","itemListElement":[{"@type":"ListItem","position":1,"name":"In\u00edcio","item":"https:\/\/www.fitoplant.com.br\/loja\/"},{"@type":"ListItem","position":2,"name":"Produtos","item":"https:\/\/www.fitoplant.com.br\/loja\/produtos\/"},{"@type":"ListItem","position":3,"name":"O\u0301leo de Semente de Abo\u0301bora 30ml"}]},{"@type":"WebSite","@id":"https:\/\/www.fitoplant.com.br\/loja\/#website","url":"https:\/\/www.fitoplant.com.br\/loja\/","name":"Loja Fitoplant","description":"Suplementos Alimentares","publisher":{"@id":"https:\/\/www.fitoplant.com.br\/loja\/#organization"},"alternateName":"Loja Fitoplant","potentialAction":[{"@type":"SearchAction","target":{"@type":"EntryPoint","urlTemplate":"https:\/\/www.fitoplant.com.br\/loja\/?s={search_term_string}"},"query-input":{"@type":"PropertyValueSpecification","valueRequired":true,"valueName":"search_term_string"}}],"inLanguage":"pt-BR"},{"@type":"Organization","@id":"https:\/\/www.fitoplant.com.br\/loja\/#organization","name":"Loja Fitoplant","alternateName":"Loja Fitoplant","url":"https:\/\/www.fitoplant.com.br\/loja\/","logo":{"@type":"ImageObject","inLanguage":"pt-BR","@id":"https:\/\/www.fitoplant.com.br\/loja\/#\/schema\/logo\/image\/","url":"https:\/\/www.fitoplant.com.br\/loja\/wp-content\/uploads\/2024\/07\/favicon.png","contentUrl":"https:\/\/www.fitoplant.com.br\/loja\/wp-content\/uploads\/2024\/07\/favicon.png","width":60,"height":60,"caption":"Loja Fitoplant"},"image":{"@id":"https:\/\/www.fitoplant.com.br\/loja\/#\/schema\/logo\/image\/"},"sameAs":["https:\/\/www.facebook.com\/fitoplantsuplementos\/","https:\/\/www.instagram.com\/fitoplant","https:\/\/www.youtube.com\/@fitoplant"]}]}},"_links":{"self":[{"href":"https:\/\/www.fitoplant.com.br\/loja\/wp-json\/wp\/v2\/product\/3572","targetHints":{"allow":["GET"]}}],"collection":[{"href":"https:\/\/www.fitoplant.com.br\/loja\/wp-json\/wp\/v2\/product"}],"about":[{"href":"https:\/\/www.fitoplant.com.br\/loja\/wp-json\/wp\/v2\/types\/product"}],"replies":[{"embeddable":true,"href":"https:\/\/www.fitoplant.com.br\/loja\/wp-json\/wp\/v2\/comments?post=3572"}],"wp:featuredmedia":[{"embeddable":true,"href":"https:\/\/www.fitoplant.com.br\/loja\/wp-json\/wp\/v2\/media\/3573"}],"wp:attachment":[{"href":"https:\/\/www.fitoplant.com.br\/loja\/wp-json\/wp\/v2\/media?parent=3572"}],"wp:term":[{"taxonomy":"product_brand","embeddable":true,"href":"https:\/\/www.fitoplant.com.br\/loja\/wp-json\/wp\/v2\/product_brand?post=3572"},{"taxonomy":"product_cat","embeddable":true,"href":"https:\/\/www.fitoplant.com.br\/loja\/wp-json\/wp\/v2\/product_cat?post=3572"},{"taxonomy":"product_tag","embeddable":true,"href":"https:\/\/www.fitoplant.com.br\/loja\/wp-json\/wp\/v2\/product_tag?post=3572"}],"curies":[{"name":"wp","href":"https:\/\/api.w.org\/{rel}","templated":true}]}}