{"id":3522,"date":"2023-12-15T18:19:11","date_gmt":"2023-12-15T21:19:11","guid":{"rendered":"https:\/\/fitomania.com.br\/?post_type=product&#038;p=3522"},"modified":"2026-04-13T11:34:55","modified_gmt":"2026-04-13T14:34:55","slug":"magnesio-quelato-815mg-60caps","status":"publish","type":"product","link":"https:\/\/www.fitoplant.com.br\/loja\/produto\/magnesio-quelato-815mg-60caps\/","title":{"rendered":"Magne\u0301sio Quelato 815mg 60Caps<span class=\"codevz-product-category-after-title\">Magn\u00e9sio<\/span>"},"content":{"rendered":"<p>O Magn\u00e9sio Quelato est\u00e1 associado ao aprimoramento f\u00edsico, regula\u00e7\u00e3o da press\u00e3o arterial, atividade antioxidante e efeitos calmantes naturais. Este nutriente desempenha um papel fundamental na s\u00edntese de serotonina, reduzindo a ansiedade, atenuando sintomas depressivos e aliviando o estresse, promovendo uma regula\u00e7\u00e3o emocional positiva para maior vitalidade.<\/p>\n<p><strong>BENEF\u00cdCIOS:<\/strong><\/p>\n<p>Forma\u00e7\u00e3o de dentes e ossos, o metabolismo energ\u00e9tico, combate \u00e0 fadiga, facilita\u00e7\u00e3o da recupera\u00e7\u00e3o e fun\u00e7\u00e3o muscular, suporte ao funcionamento neuromuscular, preven\u00e7\u00e3o da osteoporose e redu\u00e7\u00e3o dos riscos de doen\u00e7as cardiovasculares.<\/p>\n<p><strong>INGREDIENTES:<\/strong><\/p>\n<p>&nbsp;<\/p>\n<p><strong>COMPOSI\u00c7\u00c3O DA C\u00c1PSULA:<\/strong><\/p>\n<p>&nbsp;<\/p>\n<p>PRODUTO DISPENSADO DE REGISTRO CONFORME RDC 240\/2018<\/p>\n<p>REF.: 1061<\/p>\n","protected":false},"excerpt":{"rendered":"<p>O Magn\u00e9sio Quelato est\u00e1 associado ao aprimoramento f\u00edsico e regula\u00e7\u00e3o da &#8230; <\/p>\n","protected":false},"featured_media":5415,"comment_status":"open","ping_status":"closed","template":"","meta":[],"product_brand":[],"product_cat":[71],"product_tag":[182,78,86,183,112],"class_list":{"0":"post-3522","1":"product","2":"type-product","3":"status-publish","4":"has-post-thumbnail","6":"product_cat-magnesio","7":"product_tag-diabetes","8":"product_tag-fitoplant","9":"product_tag-magnesio","10":"product_tag-magnesio-quelato","11":"product_tag-quelato","13":"first","14":"instock","15":"taxable","16":"shipping-taxable","17":"purchasable","18":"product-type-simple"},"yoast_head":"<!-- This site is optimized with the Yoast SEO plugin v27.6 - https:\/\/yoast.com\/product\/yoast-seo-wordpress\/ -->\n<title>Magne\u0301sio Quelato 815mg 60Caps - Loja Fitoplant<\/title>\n<meta name=\"description\" content=\"O Magne\u0301sio Quelato 815mg - regula a press\u00e3o arterial, \u00e9 antioxidante, calmante natural, reduz a ansiedade, alivia o estresse e atenua sintomas depressivos.\" \/>\n<meta name=\"robots\" content=\"index, follow, max-snippet:-1, max-image-preview:large, max-video-preview:-1\" \/>\n<link rel=\"canonical\" href=\"https:\/\/www.fitoplant.com.br\/loja\/produto\/magnesio-quelato-815mg-60caps\/\" \/>\n<meta property=\"og:locale\" content=\"pt_BR\" \/>\n<meta property=\"og:type\" content=\"article\" \/>\n<meta property=\"og:title\" content=\"Magne\u0301sio Quelato 815mg 60Caps - Loja Fitoplant\" \/>\n<meta property=\"og:description\" content=\"O Magne\u0301sio Quelato 815mg - regula a press\u00e3o arterial, \u00e9 antioxidante, calmante natural, reduz a ansiedade, alivia o estresse e atenua sintomas depressivos.\" \/>\n<meta property=\"og:url\" content=\"https:\/\/www.fitoplant.com.br\/loja\/produto\/magnesio-quelato-815mg-60caps\/\" \/>\n<meta property=\"og:site_name\" content=\"Loja Fitoplant\" \/>\n<meta property=\"article:publisher\" content=\"https:\/\/www.facebook.com\/fitoplantsuplementos\/\" \/>\n<meta property=\"article:modified_time\" content=\"2026-04-13T14:34:55+00:00\" \/>\n<meta property=\"og:image\" content=\"https:\/\/www.fitoplant.com.br\/loja\/wp-content\/uploads\/2023\/12\/FitoMAG-Magnesio-Quelato-exibicao-de-produto-683x1024.png\" \/>\n\t<meta property=\"og:image:width\" content=\"683\" \/>\n\t<meta property=\"og:image:height\" content=\"1024\" \/>\n\t<meta property=\"og:image:type\" content=\"image\/png\" \/>\n<meta name=\"twitter:card\" content=\"summary_large_image\" \/>\n<meta name=\"twitter:label1\" content=\"Est. tempo de leitura\" \/>\n\t<meta name=\"twitter:data1\" content=\"1 minuto\" \/>\n<script type=\"application\/ld+json\" class=\"yoast-schema-graph\">{\"@context\":\"https:\\\/\\\/schema.org\",\"@graph\":[{\"@type\":[\"WebPage\",\"ItemPage\"],\"@id\":\"https:\\\/\\\/www.fitoplant.com.br\\\/loja\\\/produto\\\/magnesio-quelato-815mg-60caps\\\/\",\"url\":\"https:\\\/\\\/www.fitoplant.com.br\\\/loja\\\/produto\\\/magnesio-quelato-815mg-60caps\\\/\",\"name\":\"Magne\u0301sio Quelato 815mg 60Caps - Loja Fitoplant\",\"isPartOf\":{\"@id\":\"https:\\\/\\\/www.fitoplant.com.br\\\/loja\\\/#website\"},\"primaryImageOfPage\":{\"@id\":\"https:\\\/\\\/www.fitoplant.com.br\\\/loja\\\/produto\\\/magnesio-quelato-815mg-60caps\\\/#primaryimage\"},\"image\":{\"@id\":\"https:\\\/\\\/www.fitoplant.com.br\\\/loja\\\/produto\\\/magnesio-quelato-815mg-60caps\\\/#primaryimage\"},\"thumbnailUrl\":\"https:\\\/\\\/www.fitoplant.com.br\\\/loja\\\/wp-content\\\/uploads\\\/2023\\\/12\\\/FitoMAG-Magnesio-Quelato-exibicao-de-produto.png\",\"datePublished\":\"2023-12-15T21:19:11+00:00\",\"dateModified\":\"2026-04-13T14:34:55+00:00\",\"description\":\"O Magne\u0301sio Quelato 815mg - regula a press\u00e3o arterial, \u00e9 antioxidante, calmante natural, reduz a ansiedade, alivia o estresse e atenua sintomas depressivos.\",\"breadcrumb\":{\"@id\":\"https:\\\/\\\/www.fitoplant.com.br\\\/loja\\\/produto\\\/magnesio-quelato-815mg-60caps\\\/#breadcrumb\"},\"inLanguage\":\"pt-BR\",\"potentialAction\":[{\"@type\":\"ReadAction\",\"target\":[\"https:\\\/\\\/www.fitoplant.com.br\\\/loja\\\/produto\\\/magnesio-quelato-815mg-60caps\\\/\"]}]},{\"@type\":\"ImageObject\",\"inLanguage\":\"pt-BR\",\"@id\":\"https:\\\/\\\/www.fitoplant.com.br\\\/loja\\\/produto\\\/magnesio-quelato-815mg-60caps\\\/#primaryimage\",\"url\":\"https:\\\/\\\/www.fitoplant.com.br\\\/loja\\\/wp-content\\\/uploads\\\/2023\\\/12\\\/FitoMAG-Magnesio-Quelato-exibicao-de-produto.png\",\"contentUrl\":\"https:\\\/\\\/www.fitoplant.com.br\\\/loja\\\/wp-content\\\/uploads\\\/2023\\\/12\\\/FitoMAG-Magnesio-Quelato-exibicao-de-produto.png\",\"width\":1024,\"height\":1536},{\"@type\":\"BreadcrumbList\",\"@id\":\"https:\\\/\\\/www.fitoplant.com.br\\\/loja\\\/produto\\\/magnesio-quelato-815mg-60caps\\\/#breadcrumb\",\"itemListElement\":[{\"@type\":\"ListItem\",\"position\":1,\"name\":\"In\u00edcio\",\"item\":\"https:\\\/\\\/www.fitoplant.com.br\\\/loja\\\/\"},{\"@type\":\"ListItem\",\"position\":2,\"name\":\"Produtos\",\"item\":\"https:\\\/\\\/www.fitoplant.com.br\\\/loja\\\/produtos\\\/\"},{\"@type\":\"ListItem\",\"position\":3,\"name\":\"Magne\u0301sio Quelato 815mg 60Caps\"}]},{\"@type\":\"WebSite\",\"@id\":\"https:\\\/\\\/www.fitoplant.com.br\\\/loja\\\/#website\",\"url\":\"https:\\\/\\\/www.fitoplant.com.br\\\/loja\\\/\",\"name\":\"Loja Fitoplant\",\"description\":\"Suplementos Alimentares\",\"publisher\":{\"@id\":\"https:\\\/\\\/www.fitoplant.com.br\\\/loja\\\/#organization\"},\"alternateName\":\"Loja Fitoplant\",\"potentialAction\":[{\"@type\":\"SearchAction\",\"target\":{\"@type\":\"EntryPoint\",\"urlTemplate\":\"https:\\\/\\\/www.fitoplant.com.br\\\/loja\\\/?s={search_term_string}\"},\"query-input\":{\"@type\":\"PropertyValueSpecification\",\"valueRequired\":true,\"valueName\":\"search_term_string\"}}],\"inLanguage\":\"pt-BR\"},{\"@type\":\"Organization\",\"@id\":\"https:\\\/\\\/www.fitoplant.com.br\\\/loja\\\/#organization\",\"name\":\"Loja Fitoplant\",\"alternateName\":\"Loja Fitoplant\",\"url\":\"https:\\\/\\\/www.fitoplant.com.br\\\/loja\\\/\",\"logo\":{\"@type\":\"ImageObject\",\"inLanguage\":\"pt-BR\",\"@id\":\"https:\\\/\\\/www.fitoplant.com.br\\\/loja\\\/#\\\/schema\\\/logo\\\/image\\\/\",\"url\":\"https:\\\/\\\/www.fitoplant.com.br\\\/loja\\\/wp-content\\\/uploads\\\/2024\\\/07\\\/favicon.png\",\"contentUrl\":\"https:\\\/\\\/www.fitoplant.com.br\\\/loja\\\/wp-content\\\/uploads\\\/2024\\\/07\\\/favicon.png\",\"width\":60,\"height\":60,\"caption\":\"Loja Fitoplant\"},\"image\":{\"@id\":\"https:\\\/\\\/www.fitoplant.com.br\\\/loja\\\/#\\\/schema\\\/logo\\\/image\\\/\"},\"sameAs\":[\"https:\\\/\\\/www.facebook.com\\\/fitoplantsuplementos\\\/\",\"https:\\\/\\\/www.instagram.com\\\/fitoplant\",\"https:\\\/\\\/www.youtube.com\\\/@fitoplant\"]}]}<\/script>\n<!-- \/ Yoast SEO plugin. -->","yoast_head_json":{"title":"Magne\u0301sio Quelato 815mg 60Caps - Loja Fitoplant","description":"O Magne\u0301sio Quelato 815mg - regula a press\u00e3o arterial, \u00e9 antioxidante, calmante natural, reduz a ansiedade, alivia o estresse e atenua sintomas depressivos.","robots":{"index":"index","follow":"follow","max-snippet":"max-snippet:-1","max-image-preview":"max-image-preview:large","max-video-preview":"max-video-preview:-1"},"canonical":"https:\/\/www.fitoplant.com.br\/loja\/produto\/magnesio-quelato-815mg-60caps\/","og_locale":"pt_BR","og_type":"article","og_title":"Magne\u0301sio Quelato 815mg 60Caps - Loja Fitoplant","og_description":"O Magne\u0301sio Quelato 815mg - regula a press\u00e3o arterial, \u00e9 antioxidante, calmante natural, reduz a ansiedade, alivia o estresse e atenua sintomas depressivos.","og_url":"https:\/\/www.fitoplant.com.br\/loja\/produto\/magnesio-quelato-815mg-60caps\/","og_site_name":"Loja Fitoplant","article_publisher":"https:\/\/www.facebook.com\/fitoplantsuplementos\/","article_modified_time":"2026-04-13T14:34:55+00:00","og_image":[{"width":683,"height":1024,"url":"https:\/\/www.fitoplant.com.br\/loja\/wp-content\/uploads\/2023\/12\/FitoMAG-Magnesio-Quelato-exibicao-de-produto-683x1024.png","type":"image\/png"}],"twitter_card":"summary_large_image","twitter_misc":{"Est. tempo de leitura":"1 minuto"},"schema":{"@context":"https:\/\/schema.org","@graph":[{"@type":["WebPage","ItemPage"],"@id":"https:\/\/www.fitoplant.com.br\/loja\/produto\/magnesio-quelato-815mg-60caps\/","url":"https:\/\/www.fitoplant.com.br\/loja\/produto\/magnesio-quelato-815mg-60caps\/","name":"Magne\u0301sio Quelato 815mg 60Caps - Loja Fitoplant","isPartOf":{"@id":"https:\/\/www.fitoplant.com.br\/loja\/#website"},"primaryImageOfPage":{"@id":"https:\/\/www.fitoplant.com.br\/loja\/produto\/magnesio-quelato-815mg-60caps\/#primaryimage"},"image":{"@id":"https:\/\/www.fitoplant.com.br\/loja\/produto\/magnesio-quelato-815mg-60caps\/#primaryimage"},"thumbnailUrl":"https:\/\/www.fitoplant.com.br\/loja\/wp-content\/uploads\/2023\/12\/FitoMAG-Magnesio-Quelato-exibicao-de-produto.png","datePublished":"2023-12-15T21:19:11+00:00","dateModified":"2026-04-13T14:34:55+00:00","description":"O Magne\u0301sio Quelato 815mg - regula a press\u00e3o arterial, \u00e9 antioxidante, calmante natural, reduz a ansiedade, alivia o estresse e atenua sintomas depressivos.","breadcrumb":{"@id":"https:\/\/www.fitoplant.com.br\/loja\/produto\/magnesio-quelato-815mg-60caps\/#breadcrumb"},"inLanguage":"pt-BR","potentialAction":[{"@type":"ReadAction","target":["https:\/\/www.fitoplant.com.br\/loja\/produto\/magnesio-quelato-815mg-60caps\/"]}]},{"@type":"ImageObject","inLanguage":"pt-BR","@id":"https:\/\/www.fitoplant.com.br\/loja\/produto\/magnesio-quelato-815mg-60caps\/#primaryimage","url":"https:\/\/www.fitoplant.com.br\/loja\/wp-content\/uploads\/2023\/12\/FitoMAG-Magnesio-Quelato-exibicao-de-produto.png","contentUrl":"https:\/\/www.fitoplant.com.br\/loja\/wp-content\/uploads\/2023\/12\/FitoMAG-Magnesio-Quelato-exibicao-de-produto.png","width":1024,"height":1536},{"@type":"BreadcrumbList","@id":"https:\/\/www.fitoplant.com.br\/loja\/produto\/magnesio-quelato-815mg-60caps\/#breadcrumb","itemListElement":[{"@type":"ListItem","position":1,"name":"In\u00edcio","item":"https:\/\/www.fitoplant.com.br\/loja\/"},{"@type":"ListItem","position":2,"name":"Produtos","item":"https:\/\/www.fitoplant.com.br\/loja\/produtos\/"},{"@type":"ListItem","position":3,"name":"Magne\u0301sio Quelato 815mg 60Caps"}]},{"@type":"WebSite","@id":"https:\/\/www.fitoplant.com.br\/loja\/#website","url":"https:\/\/www.fitoplant.com.br\/loja\/","name":"Loja Fitoplant","description":"Suplementos Alimentares","publisher":{"@id":"https:\/\/www.fitoplant.com.br\/loja\/#organization"},"alternateName":"Loja Fitoplant","potentialAction":[{"@type":"SearchAction","target":{"@type":"EntryPoint","urlTemplate":"https:\/\/www.fitoplant.com.br\/loja\/?s={search_term_string}"},"query-input":{"@type":"PropertyValueSpecification","valueRequired":true,"valueName":"search_term_string"}}],"inLanguage":"pt-BR"},{"@type":"Organization","@id":"https:\/\/www.fitoplant.com.br\/loja\/#organization","name":"Loja Fitoplant","alternateName":"Loja Fitoplant","url":"https:\/\/www.fitoplant.com.br\/loja\/","logo":{"@type":"ImageObject","inLanguage":"pt-BR","@id":"https:\/\/www.fitoplant.com.br\/loja\/#\/schema\/logo\/image\/","url":"https:\/\/www.fitoplant.com.br\/loja\/wp-content\/uploads\/2024\/07\/favicon.png","contentUrl":"https:\/\/www.fitoplant.com.br\/loja\/wp-content\/uploads\/2024\/07\/favicon.png","width":60,"height":60,"caption":"Loja Fitoplant"},"image":{"@id":"https:\/\/www.fitoplant.com.br\/loja\/#\/schema\/logo\/image\/"},"sameAs":["https:\/\/www.facebook.com\/fitoplantsuplementos\/","https:\/\/www.instagram.com\/fitoplant","https:\/\/www.youtube.com\/@fitoplant"]}]}},"_links":{"self":[{"href":"https:\/\/www.fitoplant.com.br\/loja\/wp-json\/wp\/v2\/product\/3522","targetHints":{"allow":["GET"]}}],"collection":[{"href":"https:\/\/www.fitoplant.com.br\/loja\/wp-json\/wp\/v2\/product"}],"about":[{"href":"https:\/\/www.fitoplant.com.br\/loja\/wp-json\/wp\/v2\/types\/product"}],"replies":[{"embeddable":true,"href":"https:\/\/www.fitoplant.com.br\/loja\/wp-json\/wp\/v2\/comments?post=3522"}],"wp:featuredmedia":[{"embeddable":true,"href":"https:\/\/www.fitoplant.com.br\/loja\/wp-json\/wp\/v2\/media\/5415"}],"wp:attachment":[{"href":"https:\/\/www.fitoplant.com.br\/loja\/wp-json\/wp\/v2\/media?parent=3522"}],"wp:term":[{"taxonomy":"product_brand","embeddable":true,"href":"https:\/\/www.fitoplant.com.br\/loja\/wp-json\/wp\/v2\/product_brand?post=3522"},{"taxonomy":"product_cat","embeddable":true,"href":"https:\/\/www.fitoplant.com.br\/loja\/wp-json\/wp\/v2\/product_cat?post=3522"},{"taxonomy":"product_tag","embeddable":true,"href":"https:\/\/www.fitoplant.com.br\/loja\/wp-json\/wp\/v2\/product_tag?post=3522"}],"curies":[{"name":"wp","href":"https:\/\/api.w.org\/{rel}","templated":true}]}}