{"id":3520,"date":"2023-12-15T17:54:34","date_gmt":"2023-12-15T20:54:34","guid":{"rendered":"https:\/\/fitomania.com.br\/?post_type=product&#038;p=3520"},"modified":"2026-04-06T14:17:28","modified_gmt":"2026-04-06T17:17:28","slug":"zinco-quelato-600mg-60caps","status":"publish","type":"product","link":"https:\/\/www.fitoplant.com.br\/loja\/produto\/zinco-quelato-600mg-60caps\/","title":{"rendered":"Zinco Quelato 600mg 60Caps<span class=\"codevz-product-category-after-title\">Imunidade<\/span>"},"content":{"rendered":"<p>Zinco Quelato \u00e9 um composto mineral desenvolvido para otimizar a absor\u00e7\u00e3o de nutrientes pelo organismo, elevando sua efici\u00eancia no aproveitamento desses elementos essenciais. Essa abordagem aprimorada potencializa os resultados dos suplementos, oferecendo um selo de qualidade que garante uma melhor utiliza\u00e7\u00e3o dos nutrientes.<\/p>\n<p><strong>BENEF\u00cdCIOS:<\/strong><\/p>\n<p>Fortifica\u00e7\u00e3o do sistema imunol\u00f3gico, sa\u00fade ocular, a manuten\u00e7\u00e3o da integridade \u00f3ssea e o suporte para cabelos e unhas saud\u00e1veis. Al\u00e9m disso, esse composto desempenha um papel crucial na melhoria da mem\u00f3ria e na prote\u00e7\u00e3o contra condi\u00e7\u00f5es como a diabetes, representando apenas algumas das vantagens oferecidas por sua utiliza\u00e7\u00e3o.<\/p>\n<p><strong>INGREDIENTES:<\/strong><\/p>\n<p>&nbsp;<\/p>\n<p><strong>COMPOSI\u00c7\u00c3O DA C\u00c1PSULA:<\/strong><\/p>\n<p>&nbsp;<\/p>\n<p>PRODUTO DISPENSADO DE REGISTRO CONFORME RDC 240\/2018<\/p>\n<p>REF.: 1062<\/p>\n","protected":false},"excerpt":{"rendered":"<p>Zinco Quelato otimiza a absor\u00e7\u00e3o de nutrientes e melhora a efici\u00eancia &#8230; <\/p>\n","protected":false},"featured_media":3521,"comment_status":"open","ping_status":"closed","template":"","meta":[],"product_brand":[],"product_cat":[70],"product_tag":[78,112,187,95],"class_list":{"0":"post-3520","1":"product","2":"type-product","3":"status-publish","4":"has-post-thumbnail","6":"product_cat-imunidade","7":"product_tag-fitoplant","8":"product_tag-quelato","9":"product_tag-vitamina","10":"product_tag-zinco","12":"first","13":"instock","14":"taxable","15":"shipping-taxable","16":"purchasable","17":"product-type-simple"},"yoast_head":"<!-- This site is optimized with the Yoast SEO plugin v27.5 - https:\/\/yoast.com\/product\/yoast-seo-wordpress\/ -->\n<title>Zinco Quelato 600mg 60Caps - Loja Fitoplant<\/title>\n<meta name=\"description\" content=\"O Zinco Quelato melhora a absor\u00e7\u00e3o de nutrientes, potencializa suplementos e garante efici\u00eancia no aproveitamento dos elementos essenciais pelo organismo.\" \/>\n<meta name=\"robots\" content=\"index, follow, max-snippet:-1, max-image-preview:large, max-video-preview:-1\" \/>\n<link rel=\"canonical\" href=\"https:\/\/www.fitoplant.com.br\/loja\/produto\/zinco-quelato-600mg-60caps\/\" \/>\n<meta property=\"og:locale\" content=\"pt_BR\" \/>\n<meta property=\"og:type\" content=\"article\" \/>\n<meta property=\"og:title\" content=\"Zinco Quelato 600mg 60Caps - Loja Fitoplant\" \/>\n<meta property=\"og:description\" content=\"O Zinco Quelato melhora a absor\u00e7\u00e3o de nutrientes, potencializa suplementos e garante efici\u00eancia no aproveitamento dos elementos essenciais pelo organismo.\" \/>\n<meta property=\"og:url\" content=\"https:\/\/www.fitoplant.com.br\/loja\/produto\/zinco-quelato-600mg-60caps\/\" \/>\n<meta property=\"og:site_name\" content=\"Loja Fitoplant\" \/>\n<meta property=\"article:publisher\" content=\"https:\/\/www.facebook.com\/fitoplantsuplementos\/\" \/>\n<meta property=\"article:modified_time\" content=\"2026-04-06T17:17:28+00:00\" \/>\n<meta property=\"og:image\" content=\"https:\/\/www.fitoplant.com.br\/loja\/wp-content\/uploads\/2023\/12\/Zinco_60caps_Fitoplant-1.png\" \/>\n\t<meta property=\"og:image:width\" content=\"1800\" \/>\n\t<meta property=\"og:image:height\" content=\"1800\" \/>\n\t<meta property=\"og:image:type\" content=\"image\/png\" \/>\n<meta name=\"twitter:card\" content=\"summary_large_image\" \/>\n<meta name=\"twitter:label1\" content=\"Est. tempo de leitura\" \/>\n\t<meta name=\"twitter:data1\" content=\"1 minuto\" \/>\n<script type=\"application\/ld+json\" class=\"yoast-schema-graph\">{\"@context\":\"https:\\\/\\\/schema.org\",\"@graph\":[{\"@type\":[\"WebPage\",\"ItemPage\"],\"@id\":\"https:\\\/\\\/www.fitoplant.com.br\\\/loja\\\/produto\\\/zinco-quelato-600mg-60caps\\\/\",\"url\":\"https:\\\/\\\/www.fitoplant.com.br\\\/loja\\\/produto\\\/zinco-quelato-600mg-60caps\\\/\",\"name\":\"Zinco Quelato 600mg 60Caps - Loja Fitoplant\",\"isPartOf\":{\"@id\":\"https:\\\/\\\/www.fitoplant.com.br\\\/loja\\\/#website\"},\"primaryImageOfPage\":{\"@id\":\"https:\\\/\\\/www.fitoplant.com.br\\\/loja\\\/produto\\\/zinco-quelato-600mg-60caps\\\/#primaryimage\"},\"image\":{\"@id\":\"https:\\\/\\\/www.fitoplant.com.br\\\/loja\\\/produto\\\/zinco-quelato-600mg-60caps\\\/#primaryimage\"},\"thumbnailUrl\":\"https:\\\/\\\/www.fitoplant.com.br\\\/loja\\\/wp-content\\\/uploads\\\/2023\\\/12\\\/Zinco_60caps_Fitoplant-1.png\",\"datePublished\":\"2023-12-15T20:54:34+00:00\",\"dateModified\":\"2026-04-06T17:17:28+00:00\",\"description\":\"O Zinco Quelato melhora a absor\u00e7\u00e3o de nutrientes, potencializa suplementos e garante efici\u00eancia no aproveitamento dos elementos essenciais pelo organismo.\",\"breadcrumb\":{\"@id\":\"https:\\\/\\\/www.fitoplant.com.br\\\/loja\\\/produto\\\/zinco-quelato-600mg-60caps\\\/#breadcrumb\"},\"inLanguage\":\"pt-BR\",\"potentialAction\":[{\"@type\":\"ReadAction\",\"target\":[\"https:\\\/\\\/www.fitoplant.com.br\\\/loja\\\/produto\\\/zinco-quelato-600mg-60caps\\\/\"]}]},{\"@type\":\"ImageObject\",\"inLanguage\":\"pt-BR\",\"@id\":\"https:\\\/\\\/www.fitoplant.com.br\\\/loja\\\/produto\\\/zinco-quelato-600mg-60caps\\\/#primaryimage\",\"url\":\"https:\\\/\\\/www.fitoplant.com.br\\\/loja\\\/wp-content\\\/uploads\\\/2023\\\/12\\\/Zinco_60caps_Fitoplant-1.png\",\"contentUrl\":\"https:\\\/\\\/www.fitoplant.com.br\\\/loja\\\/wp-content\\\/uploads\\\/2023\\\/12\\\/Zinco_60caps_Fitoplant-1.png\",\"width\":1800,\"height\":1800},{\"@type\":\"BreadcrumbList\",\"@id\":\"https:\\\/\\\/www.fitoplant.com.br\\\/loja\\\/produto\\\/zinco-quelato-600mg-60caps\\\/#breadcrumb\",\"itemListElement\":[{\"@type\":\"ListItem\",\"position\":1,\"name\":\"In\u00edcio\",\"item\":\"https:\\\/\\\/www.fitoplant.com.br\\\/loja\\\/\"},{\"@type\":\"ListItem\",\"position\":2,\"name\":\"Produtos\",\"item\":\"https:\\\/\\\/www.fitoplant.com.br\\\/loja\\\/produtos\\\/\"},{\"@type\":\"ListItem\",\"position\":3,\"name\":\"Zinco Quelato 600mg 60Caps\"}]},{\"@type\":\"WebSite\",\"@id\":\"https:\\\/\\\/www.fitoplant.com.br\\\/loja\\\/#website\",\"url\":\"https:\\\/\\\/www.fitoplant.com.br\\\/loja\\\/\",\"name\":\"Loja Fitoplant\",\"description\":\"Suplementos Alimentares\",\"publisher\":{\"@id\":\"https:\\\/\\\/www.fitoplant.com.br\\\/loja\\\/#organization\"},\"alternateName\":\"Loja Fitoplant\",\"potentialAction\":[{\"@type\":\"SearchAction\",\"target\":{\"@type\":\"EntryPoint\",\"urlTemplate\":\"https:\\\/\\\/www.fitoplant.com.br\\\/loja\\\/?s={search_term_string}\"},\"query-input\":{\"@type\":\"PropertyValueSpecification\",\"valueRequired\":true,\"valueName\":\"search_term_string\"}}],\"inLanguage\":\"pt-BR\"},{\"@type\":\"Organization\",\"@id\":\"https:\\\/\\\/www.fitoplant.com.br\\\/loja\\\/#organization\",\"name\":\"Loja Fitoplant\",\"alternateName\":\"Loja Fitoplant\",\"url\":\"https:\\\/\\\/www.fitoplant.com.br\\\/loja\\\/\",\"logo\":{\"@type\":\"ImageObject\",\"inLanguage\":\"pt-BR\",\"@id\":\"https:\\\/\\\/www.fitoplant.com.br\\\/loja\\\/#\\\/schema\\\/logo\\\/image\\\/\",\"url\":\"https:\\\/\\\/www.fitoplant.com.br\\\/loja\\\/wp-content\\\/uploads\\\/2024\\\/07\\\/favicon.png\",\"contentUrl\":\"https:\\\/\\\/www.fitoplant.com.br\\\/loja\\\/wp-content\\\/uploads\\\/2024\\\/07\\\/favicon.png\",\"width\":60,\"height\":60,\"caption\":\"Loja Fitoplant\"},\"image\":{\"@id\":\"https:\\\/\\\/www.fitoplant.com.br\\\/loja\\\/#\\\/schema\\\/logo\\\/image\\\/\"},\"sameAs\":[\"https:\\\/\\\/www.facebook.com\\\/fitoplantsuplementos\\\/\",\"https:\\\/\\\/www.instagram.com\\\/fitoplant\",\"https:\\\/\\\/www.youtube.com\\\/@fitoplant\"]}]}<\/script>\n<!-- \/ Yoast SEO plugin. -->","yoast_head_json":{"title":"Zinco Quelato 600mg 60Caps - Loja Fitoplant","description":"O Zinco Quelato melhora a absor\u00e7\u00e3o de nutrientes, potencializa suplementos e garante efici\u00eancia no aproveitamento dos elementos essenciais pelo organismo.","robots":{"index":"index","follow":"follow","max-snippet":"max-snippet:-1","max-image-preview":"max-image-preview:large","max-video-preview":"max-video-preview:-1"},"canonical":"https:\/\/www.fitoplant.com.br\/loja\/produto\/zinco-quelato-600mg-60caps\/","og_locale":"pt_BR","og_type":"article","og_title":"Zinco Quelato 600mg 60Caps - Loja Fitoplant","og_description":"O Zinco Quelato melhora a absor\u00e7\u00e3o de nutrientes, potencializa suplementos e garante efici\u00eancia no aproveitamento dos elementos essenciais pelo organismo.","og_url":"https:\/\/www.fitoplant.com.br\/loja\/produto\/zinco-quelato-600mg-60caps\/","og_site_name":"Loja Fitoplant","article_publisher":"https:\/\/www.facebook.com\/fitoplantsuplementos\/","article_modified_time":"2026-04-06T17:17:28+00:00","og_image":[{"width":1800,"height":1800,"url":"https:\/\/www.fitoplant.com.br\/loja\/wp-content\/uploads\/2023\/12\/Zinco_60caps_Fitoplant-1.png","type":"image\/png"}],"twitter_card":"summary_large_image","twitter_misc":{"Est. tempo de leitura":"1 minuto"},"schema":{"@context":"https:\/\/schema.org","@graph":[{"@type":["WebPage","ItemPage"],"@id":"https:\/\/www.fitoplant.com.br\/loja\/produto\/zinco-quelato-600mg-60caps\/","url":"https:\/\/www.fitoplant.com.br\/loja\/produto\/zinco-quelato-600mg-60caps\/","name":"Zinco Quelato 600mg 60Caps - Loja Fitoplant","isPartOf":{"@id":"https:\/\/www.fitoplant.com.br\/loja\/#website"},"primaryImageOfPage":{"@id":"https:\/\/www.fitoplant.com.br\/loja\/produto\/zinco-quelato-600mg-60caps\/#primaryimage"},"image":{"@id":"https:\/\/www.fitoplant.com.br\/loja\/produto\/zinco-quelato-600mg-60caps\/#primaryimage"},"thumbnailUrl":"https:\/\/www.fitoplant.com.br\/loja\/wp-content\/uploads\/2023\/12\/Zinco_60caps_Fitoplant-1.png","datePublished":"2023-12-15T20:54:34+00:00","dateModified":"2026-04-06T17:17:28+00:00","description":"O Zinco Quelato melhora a absor\u00e7\u00e3o de nutrientes, potencializa suplementos e garante efici\u00eancia no aproveitamento dos elementos essenciais pelo organismo.","breadcrumb":{"@id":"https:\/\/www.fitoplant.com.br\/loja\/produto\/zinco-quelato-600mg-60caps\/#breadcrumb"},"inLanguage":"pt-BR","potentialAction":[{"@type":"ReadAction","target":["https:\/\/www.fitoplant.com.br\/loja\/produto\/zinco-quelato-600mg-60caps\/"]}]},{"@type":"ImageObject","inLanguage":"pt-BR","@id":"https:\/\/www.fitoplant.com.br\/loja\/produto\/zinco-quelato-600mg-60caps\/#primaryimage","url":"https:\/\/www.fitoplant.com.br\/loja\/wp-content\/uploads\/2023\/12\/Zinco_60caps_Fitoplant-1.png","contentUrl":"https:\/\/www.fitoplant.com.br\/loja\/wp-content\/uploads\/2023\/12\/Zinco_60caps_Fitoplant-1.png","width":1800,"height":1800},{"@type":"BreadcrumbList","@id":"https:\/\/www.fitoplant.com.br\/loja\/produto\/zinco-quelato-600mg-60caps\/#breadcrumb","itemListElement":[{"@type":"ListItem","position":1,"name":"In\u00edcio","item":"https:\/\/www.fitoplant.com.br\/loja\/"},{"@type":"ListItem","position":2,"name":"Produtos","item":"https:\/\/www.fitoplant.com.br\/loja\/produtos\/"},{"@type":"ListItem","position":3,"name":"Zinco Quelato 600mg 60Caps"}]},{"@type":"WebSite","@id":"https:\/\/www.fitoplant.com.br\/loja\/#website","url":"https:\/\/www.fitoplant.com.br\/loja\/","name":"Loja Fitoplant","description":"Suplementos Alimentares","publisher":{"@id":"https:\/\/www.fitoplant.com.br\/loja\/#organization"},"alternateName":"Loja Fitoplant","potentialAction":[{"@type":"SearchAction","target":{"@type":"EntryPoint","urlTemplate":"https:\/\/www.fitoplant.com.br\/loja\/?s={search_term_string}"},"query-input":{"@type":"PropertyValueSpecification","valueRequired":true,"valueName":"search_term_string"}}],"inLanguage":"pt-BR"},{"@type":"Organization","@id":"https:\/\/www.fitoplant.com.br\/loja\/#organization","name":"Loja Fitoplant","alternateName":"Loja Fitoplant","url":"https:\/\/www.fitoplant.com.br\/loja\/","logo":{"@type":"ImageObject","inLanguage":"pt-BR","@id":"https:\/\/www.fitoplant.com.br\/loja\/#\/schema\/logo\/image\/","url":"https:\/\/www.fitoplant.com.br\/loja\/wp-content\/uploads\/2024\/07\/favicon.png","contentUrl":"https:\/\/www.fitoplant.com.br\/loja\/wp-content\/uploads\/2024\/07\/favicon.png","width":60,"height":60,"caption":"Loja Fitoplant"},"image":{"@id":"https:\/\/www.fitoplant.com.br\/loja\/#\/schema\/logo\/image\/"},"sameAs":["https:\/\/www.facebook.com\/fitoplantsuplementos\/","https:\/\/www.instagram.com\/fitoplant","https:\/\/www.youtube.com\/@fitoplant"]}]}},"_links":{"self":[{"href":"https:\/\/www.fitoplant.com.br\/loja\/wp-json\/wp\/v2\/product\/3520","targetHints":{"allow":["GET"]}}],"collection":[{"href":"https:\/\/www.fitoplant.com.br\/loja\/wp-json\/wp\/v2\/product"}],"about":[{"href":"https:\/\/www.fitoplant.com.br\/loja\/wp-json\/wp\/v2\/types\/product"}],"replies":[{"embeddable":true,"href":"https:\/\/www.fitoplant.com.br\/loja\/wp-json\/wp\/v2\/comments?post=3520"}],"wp:featuredmedia":[{"embeddable":true,"href":"https:\/\/www.fitoplant.com.br\/loja\/wp-json\/wp\/v2\/media\/3521"}],"wp:attachment":[{"href":"https:\/\/www.fitoplant.com.br\/loja\/wp-json\/wp\/v2\/media?parent=3520"}],"wp:term":[{"taxonomy":"product_brand","embeddable":true,"href":"https:\/\/www.fitoplant.com.br\/loja\/wp-json\/wp\/v2\/product_brand?post=3520"},{"taxonomy":"product_cat","embeddable":true,"href":"https:\/\/www.fitoplant.com.br\/loja\/wp-json\/wp\/v2\/product_cat?post=3520"},{"taxonomy":"product_tag","embeddable":true,"href":"https:\/\/www.fitoplant.com.br\/loja\/wp-json\/wp\/v2\/product_tag?post=3520"}],"curies":[{"name":"wp","href":"https:\/\/api.w.org\/{rel}","templated":true}]}}