{"id":3346,"date":"2023-05-30T18:07:25","date_gmt":"2023-05-30T21:07:25","guid":{"rendered":"https:\/\/fitomania.com.br\/?post_type=product&#038;p=3346"},"modified":"2026-04-06T14:19:39","modified_gmt":"2026-04-06T17:19:39","slug":"omega-3-power-tg-1340mg-90caps","status":"publish","type":"product","link":"https:\/\/www.fitoplant.com.br\/loja\/produto\/omega-3-power-tg-1340mg-90caps\/","title":{"rendered":"O\u0302mega 3 Power TG 1340mg 90Caps<span class=\"codevz-product-category-after-title\">Fitness<\/span>"},"content":{"rendered":"<p>Suplemento alimentar composto por \u00f3leo de peixe e rico em \u00f4mega 3. Ele \u00e9 conhecido como \u00d4mega 3 33 22, isso<\/p>\n<p>porque em uma c\u00e1psula voc\u00ea adquire 330mg de EPA e 220mg de DHA! Nossa recomenda\u00e7\u00e3o de uso \u00e9 de 3 c\u00e1psulas ao dia, totalizando 990mg de EPA e 660mg de DHA, resultando na ingest\u00e3o de 1650mg de \u00e1cidos graxos! Com essa dosagem o produto auxilia na redu\u00e7\u00e3o dos triglicer\u00eddeos, que s\u00e3o um tipo de gordura que circula no sangue. N\u00f3s sabemos que os \u00e1cidos graxos s\u00e3o essenciais para a sa\u00fade do nosso corpo. Eles s\u00e3o considerados excelentes anti-inflamat\u00f3rios. O EPA age diretamente na sa\u00fade do cora\u00e7\u00e3o, ajudando a reduzir os danos vasculares, evita a forma\u00e7\u00e3o de trombos e aterosclerose, reduz o colesterol total e apresentam efeitos ben\u00e9ficos na preven\u00e7\u00e3o e no controle das doen\u00e7as cardiovasculares, dislipidemias e diabetes. O DHA age diretamente na sa\u00fade do c\u00e9rebro, atuando na preven\u00e7\u00e3o e melhoria de dist\u00farbios de humor, particularmente a depress\u00e3o, bem como dist\u00farbios cognitivos (TDAH, Alzheimer, autismo).<\/p>\n<p><strong>INGREDIENTES:<\/strong><\/p>\n<p>\u00d3leo de peixe TG 33 EPA 22 DHA e Vitamina E (Acetato de DL alfa tocoferol).<\/p>\n<p><strong>COMPOSI\u00c7\u00c3O DA C\u00c1PSULA:<\/strong><\/p>\n<p>\u00c1gua purificada, gelificante: gelatina bovina INS 428 e umectante glicerina INS 422.<\/p>\n<p>Produto dispensado de registro conforme RDC 240\/2018.<\/p>\n<p>REF.: 2522<\/p>\n","protected":false},"excerpt":{"rendered":"<p>Suplemento de \u00f3leo de peixe rico em \u00f4mega 3. Cont\u00e9m 330mg &#8230; <\/p>\n","protected":false},"featured_media":3500,"comment_status":"open","ping_status":"closed","template":"","meta":[],"product_brand":[],"product_cat":[45],"product_tag":[156,107,164],"class_list":{"0":"post-3346","1":"product","2":"type-product","3":"status-publish","4":"has-post-thumbnail","6":"product_cat-fitness","7":"product_tag-nutrition-for","8":"product_tag-omega-3","9":"product_tag-power","11":"first","12":"instock","13":"taxable","14":"shipping-taxable","15":"purchasable","16":"product-type-simple"},"yoast_head":"<!-- This site is optimized with the Yoast SEO plugin v27.5 - https:\/\/yoast.com\/product\/yoast-seo-wordpress\/ -->\n<title>O\u0302mega 3 Power TG 1340mg 90Caps - Loja Fitoplant<\/title>\n<meta name=\"robots\" content=\"index, follow, max-snippet:-1, max-image-preview:large, max-video-preview:-1\" \/>\n<link rel=\"canonical\" href=\"https:\/\/www.fitoplant.com.br\/loja\/produto\/omega-3-power-tg-1340mg-90caps\/\" \/>\n<meta property=\"og:locale\" content=\"pt_BR\" \/>\n<meta property=\"og:type\" content=\"article\" \/>\n<meta property=\"og:title\" content=\"O\u0302mega 3 Power TG 1340mg 90Caps - Loja Fitoplant\" \/>\n<meta property=\"og:description\" content=\"Suplemento de \u00f3leo de peixe rico em \u00f4mega 3. Cont\u00e9m 330mg ...\" \/>\n<meta property=\"og:url\" content=\"https:\/\/www.fitoplant.com.br\/loja\/produto\/omega-3-power-tg-1340mg-90caps\/\" \/>\n<meta property=\"og:site_name\" content=\"Loja Fitoplant\" \/>\n<meta property=\"article:publisher\" content=\"https:\/\/www.facebook.com\/fitoplantsuplementos\/\" \/>\n<meta property=\"article:modified_time\" content=\"2026-04-06T17:19:39+00:00\" \/>\n<meta property=\"og:image\" content=\"https:\/\/www.fitoplant.com.br\/loja\/wp-content\/uploads\/2023\/05\/\u00d4mega_3_POWER_Nutrition_90-caps-1.png\" \/>\n\t<meta property=\"og:image:width\" content=\"1772\" \/>\n\t<meta property=\"og:image:height\" content=\"1772\" \/>\n\t<meta property=\"og:image:type\" content=\"image\/png\" \/>\n<meta name=\"twitter:card\" content=\"summary_large_image\" \/>\n<meta name=\"twitter:label1\" content=\"Est. tempo de leitura\" \/>\n\t<meta name=\"twitter:data1\" content=\"2 minutos\" \/>\n<script type=\"application\/ld+json\" class=\"yoast-schema-graph\">{\"@context\":\"https:\\\/\\\/schema.org\",\"@graph\":[{\"@type\":[\"WebPage\",\"ItemPage\"],\"@id\":\"https:\\\/\\\/www.fitoplant.com.br\\\/loja\\\/produto\\\/omega-3-power-tg-1340mg-90caps\\\/\",\"url\":\"https:\\\/\\\/www.fitoplant.com.br\\\/loja\\\/produto\\\/omega-3-power-tg-1340mg-90caps\\\/\",\"name\":\"O\u0302mega 3 Power TG 1340mg 90Caps - Loja Fitoplant\",\"isPartOf\":{\"@id\":\"https:\\\/\\\/www.fitoplant.com.br\\\/loja\\\/#website\"},\"primaryImageOfPage\":{\"@id\":\"https:\\\/\\\/www.fitoplant.com.br\\\/loja\\\/produto\\\/omega-3-power-tg-1340mg-90caps\\\/#primaryimage\"},\"image\":{\"@id\":\"https:\\\/\\\/www.fitoplant.com.br\\\/loja\\\/produto\\\/omega-3-power-tg-1340mg-90caps\\\/#primaryimage\"},\"thumbnailUrl\":\"https:\\\/\\\/www.fitoplant.com.br\\\/loja\\\/wp-content\\\/uploads\\\/2023\\\/05\\\/\u00d4mega_3_POWER_Nutrition_90-caps-1.png\",\"datePublished\":\"2023-05-30T21:07:25+00:00\",\"dateModified\":\"2026-04-06T17:19:39+00:00\",\"breadcrumb\":{\"@id\":\"https:\\\/\\\/www.fitoplant.com.br\\\/loja\\\/produto\\\/omega-3-power-tg-1340mg-90caps\\\/#breadcrumb\"},\"inLanguage\":\"pt-BR\",\"potentialAction\":[{\"@type\":\"ReadAction\",\"target\":[\"https:\\\/\\\/www.fitoplant.com.br\\\/loja\\\/produto\\\/omega-3-power-tg-1340mg-90caps\\\/\"]}]},{\"@type\":\"ImageObject\",\"inLanguage\":\"pt-BR\",\"@id\":\"https:\\\/\\\/www.fitoplant.com.br\\\/loja\\\/produto\\\/omega-3-power-tg-1340mg-90caps\\\/#primaryimage\",\"url\":\"https:\\\/\\\/www.fitoplant.com.br\\\/loja\\\/wp-content\\\/uploads\\\/2023\\\/05\\\/\u00d4mega_3_POWER_Nutrition_90-caps-1.png\",\"contentUrl\":\"https:\\\/\\\/www.fitoplant.com.br\\\/loja\\\/wp-content\\\/uploads\\\/2023\\\/05\\\/\u00d4mega_3_POWER_Nutrition_90-caps-1.png\",\"width\":1772,\"height\":1772},{\"@type\":\"BreadcrumbList\",\"@id\":\"https:\\\/\\\/www.fitoplant.com.br\\\/loja\\\/produto\\\/omega-3-power-tg-1340mg-90caps\\\/#breadcrumb\",\"itemListElement\":[{\"@type\":\"ListItem\",\"position\":1,\"name\":\"In\u00edcio\",\"item\":\"https:\\\/\\\/www.fitoplant.com.br\\\/loja\\\/\"},{\"@type\":\"ListItem\",\"position\":2,\"name\":\"Produtos\",\"item\":\"https:\\\/\\\/www.fitoplant.com.br\\\/loja\\\/produtos\\\/\"},{\"@type\":\"ListItem\",\"position\":3,\"name\":\"O\u0302mega 3 Power TG 1340mg 90Caps\"}]},{\"@type\":\"WebSite\",\"@id\":\"https:\\\/\\\/www.fitoplant.com.br\\\/loja\\\/#website\",\"url\":\"https:\\\/\\\/www.fitoplant.com.br\\\/loja\\\/\",\"name\":\"Loja Fitoplant\",\"description\":\"Suplementos Alimentares\",\"publisher\":{\"@id\":\"https:\\\/\\\/www.fitoplant.com.br\\\/loja\\\/#organization\"},\"alternateName\":\"Loja Fitoplant\",\"potentialAction\":[{\"@type\":\"SearchAction\",\"target\":{\"@type\":\"EntryPoint\",\"urlTemplate\":\"https:\\\/\\\/www.fitoplant.com.br\\\/loja\\\/?s={search_term_string}\"},\"query-input\":{\"@type\":\"PropertyValueSpecification\",\"valueRequired\":true,\"valueName\":\"search_term_string\"}}],\"inLanguage\":\"pt-BR\"},{\"@type\":\"Organization\",\"@id\":\"https:\\\/\\\/www.fitoplant.com.br\\\/loja\\\/#organization\",\"name\":\"Loja Fitoplant\",\"alternateName\":\"Loja Fitoplant\",\"url\":\"https:\\\/\\\/www.fitoplant.com.br\\\/loja\\\/\",\"logo\":{\"@type\":\"ImageObject\",\"inLanguage\":\"pt-BR\",\"@id\":\"https:\\\/\\\/www.fitoplant.com.br\\\/loja\\\/#\\\/schema\\\/logo\\\/image\\\/\",\"url\":\"https:\\\/\\\/www.fitoplant.com.br\\\/loja\\\/wp-content\\\/uploads\\\/2024\\\/07\\\/favicon.png\",\"contentUrl\":\"https:\\\/\\\/www.fitoplant.com.br\\\/loja\\\/wp-content\\\/uploads\\\/2024\\\/07\\\/favicon.png\",\"width\":60,\"height\":60,\"caption\":\"Loja Fitoplant\"},\"image\":{\"@id\":\"https:\\\/\\\/www.fitoplant.com.br\\\/loja\\\/#\\\/schema\\\/logo\\\/image\\\/\"},\"sameAs\":[\"https:\\\/\\\/www.facebook.com\\\/fitoplantsuplementos\\\/\",\"https:\\\/\\\/www.instagram.com\\\/fitoplant\",\"https:\\\/\\\/www.youtube.com\\\/@fitoplant\"]}]}<\/script>\n<!-- \/ Yoast SEO plugin. -->","yoast_head_json":{"title":"O\u0302mega 3 Power TG 1340mg 90Caps - Loja Fitoplant","robots":{"index":"index","follow":"follow","max-snippet":"max-snippet:-1","max-image-preview":"max-image-preview:large","max-video-preview":"max-video-preview:-1"},"canonical":"https:\/\/www.fitoplant.com.br\/loja\/produto\/omega-3-power-tg-1340mg-90caps\/","og_locale":"pt_BR","og_type":"article","og_title":"O\u0302mega 3 Power TG 1340mg 90Caps - Loja Fitoplant","og_description":"Suplemento de \u00f3leo de peixe rico em \u00f4mega 3. Cont\u00e9m 330mg ...","og_url":"https:\/\/www.fitoplant.com.br\/loja\/produto\/omega-3-power-tg-1340mg-90caps\/","og_site_name":"Loja Fitoplant","article_publisher":"https:\/\/www.facebook.com\/fitoplantsuplementos\/","article_modified_time":"2026-04-06T17:19:39+00:00","og_image":[{"width":1772,"height":1772,"url":"https:\/\/www.fitoplant.com.br\/loja\/wp-content\/uploads\/2023\/05\/\u00d4mega_3_POWER_Nutrition_90-caps-1.png","type":"image\/png"}],"twitter_card":"summary_large_image","twitter_misc":{"Est. tempo de leitura":"2 minutos"},"schema":{"@context":"https:\/\/schema.org","@graph":[{"@type":["WebPage","ItemPage"],"@id":"https:\/\/www.fitoplant.com.br\/loja\/produto\/omega-3-power-tg-1340mg-90caps\/","url":"https:\/\/www.fitoplant.com.br\/loja\/produto\/omega-3-power-tg-1340mg-90caps\/","name":"O\u0302mega 3 Power TG 1340mg 90Caps - Loja Fitoplant","isPartOf":{"@id":"https:\/\/www.fitoplant.com.br\/loja\/#website"},"primaryImageOfPage":{"@id":"https:\/\/www.fitoplant.com.br\/loja\/produto\/omega-3-power-tg-1340mg-90caps\/#primaryimage"},"image":{"@id":"https:\/\/www.fitoplant.com.br\/loja\/produto\/omega-3-power-tg-1340mg-90caps\/#primaryimage"},"thumbnailUrl":"https:\/\/www.fitoplant.com.br\/loja\/wp-content\/uploads\/2023\/05\/\u00d4mega_3_POWER_Nutrition_90-caps-1.png","datePublished":"2023-05-30T21:07:25+00:00","dateModified":"2026-04-06T17:19:39+00:00","breadcrumb":{"@id":"https:\/\/www.fitoplant.com.br\/loja\/produto\/omega-3-power-tg-1340mg-90caps\/#breadcrumb"},"inLanguage":"pt-BR","potentialAction":[{"@type":"ReadAction","target":["https:\/\/www.fitoplant.com.br\/loja\/produto\/omega-3-power-tg-1340mg-90caps\/"]}]},{"@type":"ImageObject","inLanguage":"pt-BR","@id":"https:\/\/www.fitoplant.com.br\/loja\/produto\/omega-3-power-tg-1340mg-90caps\/#primaryimage","url":"https:\/\/www.fitoplant.com.br\/loja\/wp-content\/uploads\/2023\/05\/\u00d4mega_3_POWER_Nutrition_90-caps-1.png","contentUrl":"https:\/\/www.fitoplant.com.br\/loja\/wp-content\/uploads\/2023\/05\/\u00d4mega_3_POWER_Nutrition_90-caps-1.png","width":1772,"height":1772},{"@type":"BreadcrumbList","@id":"https:\/\/www.fitoplant.com.br\/loja\/produto\/omega-3-power-tg-1340mg-90caps\/#breadcrumb","itemListElement":[{"@type":"ListItem","position":1,"name":"In\u00edcio","item":"https:\/\/www.fitoplant.com.br\/loja\/"},{"@type":"ListItem","position":2,"name":"Produtos","item":"https:\/\/www.fitoplant.com.br\/loja\/produtos\/"},{"@type":"ListItem","position":3,"name":"O\u0302mega 3 Power TG 1340mg 90Caps"}]},{"@type":"WebSite","@id":"https:\/\/www.fitoplant.com.br\/loja\/#website","url":"https:\/\/www.fitoplant.com.br\/loja\/","name":"Loja Fitoplant","description":"Suplementos Alimentares","publisher":{"@id":"https:\/\/www.fitoplant.com.br\/loja\/#organization"},"alternateName":"Loja Fitoplant","potentialAction":[{"@type":"SearchAction","target":{"@type":"EntryPoint","urlTemplate":"https:\/\/www.fitoplant.com.br\/loja\/?s={search_term_string}"},"query-input":{"@type":"PropertyValueSpecification","valueRequired":true,"valueName":"search_term_string"}}],"inLanguage":"pt-BR"},{"@type":"Organization","@id":"https:\/\/www.fitoplant.com.br\/loja\/#organization","name":"Loja Fitoplant","alternateName":"Loja Fitoplant","url":"https:\/\/www.fitoplant.com.br\/loja\/","logo":{"@type":"ImageObject","inLanguage":"pt-BR","@id":"https:\/\/www.fitoplant.com.br\/loja\/#\/schema\/logo\/image\/","url":"https:\/\/www.fitoplant.com.br\/loja\/wp-content\/uploads\/2024\/07\/favicon.png","contentUrl":"https:\/\/www.fitoplant.com.br\/loja\/wp-content\/uploads\/2024\/07\/favicon.png","width":60,"height":60,"caption":"Loja Fitoplant"},"image":{"@id":"https:\/\/www.fitoplant.com.br\/loja\/#\/schema\/logo\/image\/"},"sameAs":["https:\/\/www.facebook.com\/fitoplantsuplementos\/","https:\/\/www.instagram.com\/fitoplant","https:\/\/www.youtube.com\/@fitoplant"]}]}},"_links":{"self":[{"href":"https:\/\/www.fitoplant.com.br\/loja\/wp-json\/wp\/v2\/product\/3346","targetHints":{"allow":["GET"]}}],"collection":[{"href":"https:\/\/www.fitoplant.com.br\/loja\/wp-json\/wp\/v2\/product"}],"about":[{"href":"https:\/\/www.fitoplant.com.br\/loja\/wp-json\/wp\/v2\/types\/product"}],"replies":[{"embeddable":true,"href":"https:\/\/www.fitoplant.com.br\/loja\/wp-json\/wp\/v2\/comments?post=3346"}],"wp:featuredmedia":[{"embeddable":true,"href":"https:\/\/www.fitoplant.com.br\/loja\/wp-json\/wp\/v2\/media\/3500"}],"wp:attachment":[{"href":"https:\/\/www.fitoplant.com.br\/loja\/wp-json\/wp\/v2\/media?parent=3346"}],"wp:term":[{"taxonomy":"product_brand","embeddable":true,"href":"https:\/\/www.fitoplant.com.br\/loja\/wp-json\/wp\/v2\/product_brand?post=3346"},{"taxonomy":"product_cat","embeddable":true,"href":"https:\/\/www.fitoplant.com.br\/loja\/wp-json\/wp\/v2\/product_cat?post=3346"},{"taxonomy":"product_tag","embeddable":true,"href":"https:\/\/www.fitoplant.com.br\/loja\/wp-json\/wp\/v2\/product_tag?post=3346"}],"curies":[{"name":"wp","href":"https:\/\/api.w.org\/{rel}","templated":true}]}}