{"id":3343,"date":"2023-05-30T17:45:11","date_gmt":"2023-05-30T20:45:11","guid":{"rendered":"https:\/\/fitomania.com.br\/?post_type=product&#038;p=3343"},"modified":"2025-09-04T10:27:24","modified_gmt":"2025-09-04T13:27:24","slug":"curcumin-premium-96-30ml","status":"publish","type":"product","link":"https:\/\/www.fitoplant.com.br\/loja\/produto\/curcumin-premium-96-30ml\/","title":{"rendered":"Curcumin Premium 96 30ml<span class=\"codevz-product-category-after-title\">Anti-inflamat\u00f3rio<\/span>"},"content":{"rendered":"<p>O Curcumin premium 96% \u00e9 constituido por Curcuma Longa e Col\u00e1geno tipo II e vitamina E em \u00f3leo de<\/p>\n<p>girassol. A Curcuma Longa possui propriedade antioxidante, por meio da presen\u00e7a de compostos fen\u00f3licos, como os curcuminoides (curcumina), protegendo nosso organismo de danos ocasionados pelos radcais livres. Evid\u00eancias moleculares sugerem que os seus efeitos favor\u00e1veis relatados em c\u00e2nceres pode ser devido a\u00e7\u00e3o anti-oxidativa e efeitos anti-inflamat\u00f3rios, como tamb\u00e9m, em parte, \u00e0 sua capacidade para modular o sistema imunol\u00f3gico. O col\u00e1geno tipo II \u00e9 um derivado da cartilagem de frango que contribui significativamente para melhora da resist\u00eancia estrutural das articula\u00e7\u00f5es e fortalecimento das fibras musculares, proporcionando maior mobilidade e flexibilidade. Sua principal fun\u00e7\u00e3o \u00e9 prevenir e auxiliar o sistema \u00f3sseo e articular ao tratar a artrite reumatoide ou a osteoartrite, al\u00e9m de ser indicado para praticantes de atividades f\u00edsicas e atletas no controle das dores ap\u00f3s os treinos. Ele \u00e9 uma f\u00f3rmula com extrato de curcuma longa padronizada, com r\u00e1pida absor\u00e7\u00e3o por ser em meio oleoso e 96% de curcuminoides. Col\u00e1geno tipo II unido ao extrato de curcuma longa potencializa o seu efeito anti-inflamat\u00f3rio. O \u00f3leo de girassol \u00e9 rico em \u00e1cidos graxos insaturados como o \u00f4mega 9, \u00f4mega 3 e 6, tamb\u00e9m \u00e9 rico em vitamina E.<\/p>\n<p>BENEFICIOS: Melhora os quadros de inflama\u00e7\u00e3o e artrite; atua na recupera\u00e7\u00e3o da sa\u00fade articular; recupera estrutura de cartilagem articular; melhora a mobilidade e flexibilidade; alivia a dor em v\u00e1rias estruturas musculares e articula\u00e7\u00f5es do corpo.<\/p>\n<p><strong>INGREDIENTES:<\/strong><\/p>\n<p>\u00d3leo de girassol, extrato de rizomas de Curcuma longa, col\u00e1geno de frango com col\u00e1geno tipo II n\u00e3o desnaturado, acetato de DL-alfa-tocoferol, acidulante \u00e1cido c\u00edtrico, antiumectante fosfato tric\u00e1lcico, regulador de acidez citrato de triss\u00f3dico, edulcorantes acesulfame de pot\u00e1ssio e sucralose, corantes beta-caroteno e di\u00f3xido de tit\u00e2nio e aromatizante.<\/p>\n<p>Produto dispensado de registro conforme RDC 240\/2018.<\/p>\n<p>REF.: 1065<\/p>\n","protected":false},"excerpt":{"rendered":"<p>O Curcumin Premium 96% combina Curcuma Longa e Col\u00e1geno tipo II. &#8230; <\/p>\n","protected":false},"featured_media":3345,"comment_status":"open","ping_status":"closed","template":"","meta":[],"product_brand":[],"product_cat":[67],"product_tag":[113,78],"class_list":{"0":"post-3343","1":"product","2":"type-product","3":"status-publish","4":"has-post-thumbnail","6":"product_cat-anti-inflamatorio","7":"product_tag-curcumin","8":"product_tag-fitoplant","10":"first","11":"instock","12":"taxable","13":"shipping-taxable","14":"purchasable","15":"product-type-simple"},"yoast_head":"<!-- This site is optimized with the Yoast SEO plugin v27.3 - https:\/\/yoast.com\/product\/yoast-seo-wordpress\/ -->\n<title>Curcumin Premium 96 30ml - Loja Fitoplant<\/title>\n<meta name=\"robots\" content=\"index, follow, max-snippet:-1, max-image-preview:large, max-video-preview:-1\" \/>\n<link rel=\"canonical\" href=\"https:\/\/www.fitoplant.com.br\/loja\/produto\/curcumin-premium-96-30ml\/\" \/>\n<meta property=\"og:locale\" content=\"pt_BR\" \/>\n<meta property=\"og:type\" content=\"article\" \/>\n<meta property=\"og:title\" content=\"Curcumin Premium 96 30ml - Loja Fitoplant\" \/>\n<meta property=\"og:description\" content=\"O Curcumin Premium 96% combina Curcuma Longa e Col\u00e1geno tipo II. ...\" \/>\n<meta property=\"og:url\" content=\"https:\/\/www.fitoplant.com.br\/loja\/produto\/curcumin-premium-96-30ml\/\" \/>\n<meta property=\"og:site_name\" content=\"Loja Fitoplant\" \/>\n<meta property=\"article:publisher\" content=\"https:\/\/www.facebook.com\/fitoplantsuplementos\/\" \/>\n<meta property=\"article:modified_time\" content=\"2025-09-04T13:27:24+00:00\" \/>\n<meta property=\"og:image\" content=\"https:\/\/www.fitoplant.com.br\/loja\/wp-content\/uploads\/2023\/05\/curcuma-gotas-mockup-final.png\" \/>\n\t<meta property=\"og:image:width\" content=\"1200\" \/>\n\t<meta property=\"og:image:height\" content=\"1200\" \/>\n\t<meta property=\"og:image:type\" content=\"image\/png\" \/>\n<meta name=\"twitter:card\" content=\"summary_large_image\" \/>\n<meta name=\"twitter:label1\" content=\"Est. tempo de leitura\" \/>\n\t<meta name=\"twitter:data1\" content=\"2 minutos\" \/>\n<script type=\"application\/ld+json\" class=\"yoast-schema-graph\">{\"@context\":\"https:\\\/\\\/schema.org\",\"@graph\":[{\"@type\":[\"WebPage\",\"ItemPage\"],\"@id\":\"https:\\\/\\\/www.fitoplant.com.br\\\/loja\\\/produto\\\/curcumin-premium-96-30ml\\\/\",\"url\":\"https:\\\/\\\/www.fitoplant.com.br\\\/loja\\\/produto\\\/curcumin-premium-96-30ml\\\/\",\"name\":\"Curcumin Premium 96 30ml - Loja Fitoplant\",\"isPartOf\":{\"@id\":\"https:\\\/\\\/www.fitoplant.com.br\\\/loja\\\/#website\"},\"primaryImageOfPage\":{\"@id\":\"https:\\\/\\\/www.fitoplant.com.br\\\/loja\\\/produto\\\/curcumin-premium-96-30ml\\\/#primaryimage\"},\"image\":{\"@id\":\"https:\\\/\\\/www.fitoplant.com.br\\\/loja\\\/produto\\\/curcumin-premium-96-30ml\\\/#primaryimage\"},\"thumbnailUrl\":\"https:\\\/\\\/www.fitoplant.com.br\\\/loja\\\/wp-content\\\/uploads\\\/2023\\\/05\\\/curcuma-gotas-mockup-final.png\",\"datePublished\":\"2023-05-30T20:45:11+00:00\",\"dateModified\":\"2025-09-04T13:27:24+00:00\",\"breadcrumb\":{\"@id\":\"https:\\\/\\\/www.fitoplant.com.br\\\/loja\\\/produto\\\/curcumin-premium-96-30ml\\\/#breadcrumb\"},\"inLanguage\":\"pt-BR\",\"potentialAction\":[{\"@type\":\"ReadAction\",\"target\":[\"https:\\\/\\\/www.fitoplant.com.br\\\/loja\\\/produto\\\/curcumin-premium-96-30ml\\\/\"]}]},{\"@type\":\"ImageObject\",\"inLanguage\":\"pt-BR\",\"@id\":\"https:\\\/\\\/www.fitoplant.com.br\\\/loja\\\/produto\\\/curcumin-premium-96-30ml\\\/#primaryimage\",\"url\":\"https:\\\/\\\/www.fitoplant.com.br\\\/loja\\\/wp-content\\\/uploads\\\/2023\\\/05\\\/curcuma-gotas-mockup-final.png\",\"contentUrl\":\"https:\\\/\\\/www.fitoplant.com.br\\\/loja\\\/wp-content\\\/uploads\\\/2023\\\/05\\\/curcuma-gotas-mockup-final.png\",\"width\":1200,\"height\":1200},{\"@type\":\"BreadcrumbList\",\"@id\":\"https:\\\/\\\/www.fitoplant.com.br\\\/loja\\\/produto\\\/curcumin-premium-96-30ml\\\/#breadcrumb\",\"itemListElement\":[{\"@type\":\"ListItem\",\"position\":1,\"name\":\"In\u00edcio\",\"item\":\"https:\\\/\\\/www.fitoplant.com.br\\\/loja\\\/\"},{\"@type\":\"ListItem\",\"position\":2,\"name\":\"Produtos\",\"item\":\"https:\\\/\\\/www.fitoplant.com.br\\\/loja\\\/produtos\\\/\"},{\"@type\":\"ListItem\",\"position\":3,\"name\":\"Curcumin Premium 96 30ml\"}]},{\"@type\":\"WebSite\",\"@id\":\"https:\\\/\\\/www.fitoplant.com.br\\\/loja\\\/#website\",\"url\":\"https:\\\/\\\/www.fitoplant.com.br\\\/loja\\\/\",\"name\":\"Loja Fitoplant\",\"description\":\"Suplementos Alimentares\",\"publisher\":{\"@id\":\"https:\\\/\\\/www.fitoplant.com.br\\\/loja\\\/#organization\"},\"alternateName\":\"Loja Fitoplant\",\"potentialAction\":[{\"@type\":\"SearchAction\",\"target\":{\"@type\":\"EntryPoint\",\"urlTemplate\":\"https:\\\/\\\/www.fitoplant.com.br\\\/loja\\\/?s={search_term_string}\"},\"query-input\":{\"@type\":\"PropertyValueSpecification\",\"valueRequired\":true,\"valueName\":\"search_term_string\"}}],\"inLanguage\":\"pt-BR\"},{\"@type\":\"Organization\",\"@id\":\"https:\\\/\\\/www.fitoplant.com.br\\\/loja\\\/#organization\",\"name\":\"Loja Fitoplant\",\"alternateName\":\"Loja Fitoplant\",\"url\":\"https:\\\/\\\/www.fitoplant.com.br\\\/loja\\\/\",\"logo\":{\"@type\":\"ImageObject\",\"inLanguage\":\"pt-BR\",\"@id\":\"https:\\\/\\\/www.fitoplant.com.br\\\/loja\\\/#\\\/schema\\\/logo\\\/image\\\/\",\"url\":\"https:\\\/\\\/www.fitoplant.com.br\\\/loja\\\/wp-content\\\/uploads\\\/2024\\\/07\\\/favicon.png\",\"contentUrl\":\"https:\\\/\\\/www.fitoplant.com.br\\\/loja\\\/wp-content\\\/uploads\\\/2024\\\/07\\\/favicon.png\",\"width\":60,\"height\":60,\"caption\":\"Loja Fitoplant\"},\"image\":{\"@id\":\"https:\\\/\\\/www.fitoplant.com.br\\\/loja\\\/#\\\/schema\\\/logo\\\/image\\\/\"},\"sameAs\":[\"https:\\\/\\\/www.facebook.com\\\/fitoplantsuplementos\\\/\",\"https:\\\/\\\/www.instagram.com\\\/fitoplant\",\"https:\\\/\\\/www.youtube.com\\\/@fitoplant\"]}]}<\/script>\n<!-- \/ Yoast SEO plugin. -->","yoast_head_json":{"title":"Curcumin Premium 96 30ml - Loja Fitoplant","robots":{"index":"index","follow":"follow","max-snippet":"max-snippet:-1","max-image-preview":"max-image-preview:large","max-video-preview":"max-video-preview:-1"},"canonical":"https:\/\/www.fitoplant.com.br\/loja\/produto\/curcumin-premium-96-30ml\/","og_locale":"pt_BR","og_type":"article","og_title":"Curcumin Premium 96 30ml - Loja Fitoplant","og_description":"O Curcumin Premium 96% combina Curcuma Longa e Col\u00e1geno tipo II. ...","og_url":"https:\/\/www.fitoplant.com.br\/loja\/produto\/curcumin-premium-96-30ml\/","og_site_name":"Loja Fitoplant","article_publisher":"https:\/\/www.facebook.com\/fitoplantsuplementos\/","article_modified_time":"2025-09-04T13:27:24+00:00","og_image":[{"width":1200,"height":1200,"url":"https:\/\/www.fitoplant.com.br\/loja\/wp-content\/uploads\/2023\/05\/curcuma-gotas-mockup-final.png","type":"image\/png"}],"twitter_card":"summary_large_image","twitter_misc":{"Est. tempo de leitura":"2 minutos"},"schema":{"@context":"https:\/\/schema.org","@graph":[{"@type":["WebPage","ItemPage"],"@id":"https:\/\/www.fitoplant.com.br\/loja\/produto\/curcumin-premium-96-30ml\/","url":"https:\/\/www.fitoplant.com.br\/loja\/produto\/curcumin-premium-96-30ml\/","name":"Curcumin Premium 96 30ml - Loja Fitoplant","isPartOf":{"@id":"https:\/\/www.fitoplant.com.br\/loja\/#website"},"primaryImageOfPage":{"@id":"https:\/\/www.fitoplant.com.br\/loja\/produto\/curcumin-premium-96-30ml\/#primaryimage"},"image":{"@id":"https:\/\/www.fitoplant.com.br\/loja\/produto\/curcumin-premium-96-30ml\/#primaryimage"},"thumbnailUrl":"https:\/\/www.fitoplant.com.br\/loja\/wp-content\/uploads\/2023\/05\/curcuma-gotas-mockup-final.png","datePublished":"2023-05-30T20:45:11+00:00","dateModified":"2025-09-04T13:27:24+00:00","breadcrumb":{"@id":"https:\/\/www.fitoplant.com.br\/loja\/produto\/curcumin-premium-96-30ml\/#breadcrumb"},"inLanguage":"pt-BR","potentialAction":[{"@type":"ReadAction","target":["https:\/\/www.fitoplant.com.br\/loja\/produto\/curcumin-premium-96-30ml\/"]}]},{"@type":"ImageObject","inLanguage":"pt-BR","@id":"https:\/\/www.fitoplant.com.br\/loja\/produto\/curcumin-premium-96-30ml\/#primaryimage","url":"https:\/\/www.fitoplant.com.br\/loja\/wp-content\/uploads\/2023\/05\/curcuma-gotas-mockup-final.png","contentUrl":"https:\/\/www.fitoplant.com.br\/loja\/wp-content\/uploads\/2023\/05\/curcuma-gotas-mockup-final.png","width":1200,"height":1200},{"@type":"BreadcrumbList","@id":"https:\/\/www.fitoplant.com.br\/loja\/produto\/curcumin-premium-96-30ml\/#breadcrumb","itemListElement":[{"@type":"ListItem","position":1,"name":"In\u00edcio","item":"https:\/\/www.fitoplant.com.br\/loja\/"},{"@type":"ListItem","position":2,"name":"Produtos","item":"https:\/\/www.fitoplant.com.br\/loja\/produtos\/"},{"@type":"ListItem","position":3,"name":"Curcumin Premium 96 30ml"}]},{"@type":"WebSite","@id":"https:\/\/www.fitoplant.com.br\/loja\/#website","url":"https:\/\/www.fitoplant.com.br\/loja\/","name":"Loja Fitoplant","description":"Suplementos Alimentares","publisher":{"@id":"https:\/\/www.fitoplant.com.br\/loja\/#organization"},"alternateName":"Loja Fitoplant","potentialAction":[{"@type":"SearchAction","target":{"@type":"EntryPoint","urlTemplate":"https:\/\/www.fitoplant.com.br\/loja\/?s={search_term_string}"},"query-input":{"@type":"PropertyValueSpecification","valueRequired":true,"valueName":"search_term_string"}}],"inLanguage":"pt-BR"},{"@type":"Organization","@id":"https:\/\/www.fitoplant.com.br\/loja\/#organization","name":"Loja Fitoplant","alternateName":"Loja Fitoplant","url":"https:\/\/www.fitoplant.com.br\/loja\/","logo":{"@type":"ImageObject","inLanguage":"pt-BR","@id":"https:\/\/www.fitoplant.com.br\/loja\/#\/schema\/logo\/image\/","url":"https:\/\/www.fitoplant.com.br\/loja\/wp-content\/uploads\/2024\/07\/favicon.png","contentUrl":"https:\/\/www.fitoplant.com.br\/loja\/wp-content\/uploads\/2024\/07\/favicon.png","width":60,"height":60,"caption":"Loja Fitoplant"},"image":{"@id":"https:\/\/www.fitoplant.com.br\/loja\/#\/schema\/logo\/image\/"},"sameAs":["https:\/\/www.facebook.com\/fitoplantsuplementos\/","https:\/\/www.instagram.com\/fitoplant","https:\/\/www.youtube.com\/@fitoplant"]}]}},"_links":{"self":[{"href":"https:\/\/www.fitoplant.com.br\/loja\/wp-json\/wp\/v2\/product\/3343","targetHints":{"allow":["GET"]}}],"collection":[{"href":"https:\/\/www.fitoplant.com.br\/loja\/wp-json\/wp\/v2\/product"}],"about":[{"href":"https:\/\/www.fitoplant.com.br\/loja\/wp-json\/wp\/v2\/types\/product"}],"replies":[{"embeddable":true,"href":"https:\/\/www.fitoplant.com.br\/loja\/wp-json\/wp\/v2\/comments?post=3343"}],"wp:featuredmedia":[{"embeddable":true,"href":"https:\/\/www.fitoplant.com.br\/loja\/wp-json\/wp\/v2\/media\/3345"}],"wp:attachment":[{"href":"https:\/\/www.fitoplant.com.br\/loja\/wp-json\/wp\/v2\/media?parent=3343"}],"wp:term":[{"taxonomy":"product_brand","embeddable":true,"href":"https:\/\/www.fitoplant.com.br\/loja\/wp-json\/wp\/v2\/product_brand?post=3343"},{"taxonomy":"product_cat","embeddable":true,"href":"https:\/\/www.fitoplant.com.br\/loja\/wp-json\/wp\/v2\/product_cat?post=3343"},{"taxonomy":"product_tag","embeddable":true,"href":"https:\/\/www.fitoplant.com.br\/loja\/wp-json\/wp\/v2\/product_tag?post=3343"}],"curies":[{"name":"wp","href":"https:\/\/api.w.org\/{rel}","templated":true}]}}