{"id":3264,"date":"2022-12-22T00:57:03","date_gmt":"2022-12-22T03:57:03","guid":{"rendered":"https:\/\/fitomania.com.br\/?post_type=product&#038;p=3264"},"modified":"2025-09-07T14:13:05","modified_gmt":"2025-09-07T17:13:05","slug":"colageno-verisol-acido-hialuronico-150g","status":"publish","type":"product","link":"https:\/\/www.fitoplant.com.br\/loja\/produto\/colageno-verisol-acido-hialuronico-150g\/","title":{"rendered":"Cola\u0301geno Verisol + A\u0301cido Hialuro\u0302nico 150g<span class=\"codevz-product-category-after-title\">Beleza<\/span>"},"content":{"rendered":"<p>O col\u00e1geno Verisol \u00e9 composto por Pept\u00eddeos Bioativos de Col\u00e1geno (mol\u00e9culas menores) especialmente desenvolvido para a manuten\u00e7\u00e3o e sa\u00fade da pele.\u00a0 A ingest\u00e3o di\u00e1ria de 2,5 g do col\u00e1geno Verisol estimula a produ\u00e7\u00e3o e o metabolismo do col\u00e1geno presente na pele. Sua associa\u00e7\u00e3o ao \u00e1cido hialur\u00f4nico, as vitaminas A, C, E, Biotina e o mineral Zinco promovem a sa\u00fade e manuten\u00e7\u00e3o da pele, cabelo e unhas.<\/p>\n<p><strong>Benef\u00edcios:<\/strong><\/p>\n<p>Hidrata\u00e7\u00e3o, regenera\u00e7\u00e3o, elasticidade, sustenta\u00e7\u00e3o e firmeza da pele. Evita a flacidez, estrias e reduz o grau de celulite da pele, desacelera a forma\u00e7\u00e3o de rugas e linhas de express\u00e3o e suaviza as j\u00e1 existentes. Auxilia no fortalecimento e no crescimento de unhas e cabelos.<\/p>\n<p><strong>INGREDIENTES:<\/strong><\/p>\n<p>Pept\u00eddeos bioativos de col\u00e1geno hidrolisado com peso molecular m\u00e9dio de 2kda (Verisol), hialuronato de s\u00f3dio obtido pela fermenta\u00e7\u00e3o de S<em>treptococcus zooepidemicus,<\/em> maltodextrina, \u00e1cido asc\u00f3rbico, bisglicinato de zinco, acetato de DL-alfa-tocoferol, acetato de retinol, D \u2013 biotina, acidulante \u00e1cido c\u00edtrico, edulcorante sucralose, antiumectante di\u00f3xido de sil\u00edcio e aroma id\u00eantico ao natural de frutas vermelhas.<\/p>\n<p><strong>COMPOSI\u00c7\u00c3O DA C\u00c1PSULA:<\/strong><\/p>\n<p>Gelatina.<\/p>\n<p>PRODUTO DISPENSADO DE REGISTRO CONFORME RDC 240\/2018<\/p>\n<p>REF.: 1057<\/p>\n","protected":false},"excerpt":{"rendered":"<p>O col\u00e1geno Verisol \u00e9 composto por Pept\u00eddeos Bioativos de Col\u00e1geno, especialmente &#8230; <\/p>\n","protected":false},"featured_media":4695,"comment_status":"open","ping_status":"closed","template":"","meta":[],"product_brand":[],"product_cat":[68,15],"product_tag":[109,61,78,184,63],"class_list":{"0":"post-3264","1":"product","2":"type-product","3":"status-publish","4":"has-post-thumbnail","6":"product_cat-beleza","7":"product_cat-novidades","8":"product_tag-acido-hialuronico","9":"product_tag-colageno","10":"product_tag-fitoplant","11":"product_tag-mais-bonita","12":"product_tag-verisol","14":"first","15":"instock","16":"taxable","17":"shipping-taxable","18":"purchasable","19":"product-type-simple"},"yoast_head":"<!-- This site is optimized with the Yoast SEO plugin v27.4 - https:\/\/yoast.com\/product\/yoast-seo-wordpress\/ -->\n<title>Cola\u0301geno Verisol + A\u0301cido Hialuro\u0302nico 150g - Loja Fitoplant<\/title>\n<meta name=\"robots\" content=\"index, follow, max-snippet:-1, max-image-preview:large, max-video-preview:-1\" \/>\n<link rel=\"canonical\" href=\"https:\/\/www.fitoplant.com.br\/loja\/produto\/colageno-verisol-acido-hialuronico-150g\/\" \/>\n<meta property=\"og:locale\" content=\"pt_BR\" \/>\n<meta property=\"og:type\" content=\"article\" \/>\n<meta property=\"og:title\" content=\"Cola\u0301geno Verisol + A\u0301cido Hialuro\u0302nico 150g - Loja Fitoplant\" \/>\n<meta property=\"og:description\" content=\"O col\u00e1geno Verisol \u00e9 composto por Pept\u00eddeos Bioativos de Col\u00e1geno, especialmente ...\" \/>\n<meta property=\"og:url\" content=\"https:\/\/www.fitoplant.com.br\/loja\/produto\/colageno-verisol-acido-hialuronico-150g\/\" \/>\n<meta property=\"og:site_name\" content=\"Loja Fitoplant\" \/>\n<meta property=\"article:publisher\" content=\"https:\/\/www.facebook.com\/fitoplantsuplementos\/\" \/>\n<meta property=\"article:modified_time\" content=\"2025-09-07T17:13:05+00:00\" \/>\n<meta property=\"og:image\" content=\"https:\/\/www.fitoplant.com.br\/loja\/wp-content\/uploads\/2022\/12\/Colageno_verisol.jpeg\" \/>\n\t<meta property=\"og:image:width\" content=\"1600\" \/>\n\t<meta property=\"og:image:height\" content=\"771\" \/>\n\t<meta property=\"og:image:type\" content=\"image\/jpeg\" \/>\n<meta name=\"twitter:card\" content=\"summary_large_image\" \/>\n<meta name=\"twitter:label1\" content=\"Est. tempo de leitura\" \/>\n\t<meta name=\"twitter:data1\" content=\"2 minutos\" \/>\n<script type=\"application\/ld+json\" class=\"yoast-schema-graph\">{\"@context\":\"https:\\\/\\\/schema.org\",\"@graph\":[{\"@type\":[\"WebPage\",\"ItemPage\"],\"@id\":\"https:\\\/\\\/www.fitoplant.com.br\\\/loja\\\/produto\\\/colageno-verisol-acido-hialuronico-150g\\\/\",\"url\":\"https:\\\/\\\/www.fitoplant.com.br\\\/loja\\\/produto\\\/colageno-verisol-acido-hialuronico-150g\\\/\",\"name\":\"Cola\u0301geno Verisol + A\u0301cido Hialuro\u0302nico 150g - Loja Fitoplant\",\"isPartOf\":{\"@id\":\"https:\\\/\\\/www.fitoplant.com.br\\\/loja\\\/#website\"},\"primaryImageOfPage\":{\"@id\":\"https:\\\/\\\/www.fitoplant.com.br\\\/loja\\\/produto\\\/colageno-verisol-acido-hialuronico-150g\\\/#primaryimage\"},\"image\":{\"@id\":\"https:\\\/\\\/www.fitoplant.com.br\\\/loja\\\/produto\\\/colageno-verisol-acido-hialuronico-150g\\\/#primaryimage\"},\"thumbnailUrl\":\"https:\\\/\\\/www.fitoplant.com.br\\\/loja\\\/wp-content\\\/uploads\\\/2022\\\/12\\\/Colageno_verisol.jpeg\",\"datePublished\":\"2022-12-22T03:57:03+00:00\",\"dateModified\":\"2025-09-07T17:13:05+00:00\",\"breadcrumb\":{\"@id\":\"https:\\\/\\\/www.fitoplant.com.br\\\/loja\\\/produto\\\/colageno-verisol-acido-hialuronico-150g\\\/#breadcrumb\"},\"inLanguage\":\"pt-BR\",\"potentialAction\":[{\"@type\":\"ReadAction\",\"target\":[\"https:\\\/\\\/www.fitoplant.com.br\\\/loja\\\/produto\\\/colageno-verisol-acido-hialuronico-150g\\\/\"]}]},{\"@type\":\"ImageObject\",\"inLanguage\":\"pt-BR\",\"@id\":\"https:\\\/\\\/www.fitoplant.com.br\\\/loja\\\/produto\\\/colageno-verisol-acido-hialuronico-150g\\\/#primaryimage\",\"url\":\"https:\\\/\\\/www.fitoplant.com.br\\\/loja\\\/wp-content\\\/uploads\\\/2022\\\/12\\\/Colageno_verisol.jpeg\",\"contentUrl\":\"https:\\\/\\\/www.fitoplant.com.br\\\/loja\\\/wp-content\\\/uploads\\\/2022\\\/12\\\/Colageno_verisol.jpeg\",\"width\":1600,\"height\":771},{\"@type\":\"BreadcrumbList\",\"@id\":\"https:\\\/\\\/www.fitoplant.com.br\\\/loja\\\/produto\\\/colageno-verisol-acido-hialuronico-150g\\\/#breadcrumb\",\"itemListElement\":[{\"@type\":\"ListItem\",\"position\":1,\"name\":\"In\u00edcio\",\"item\":\"https:\\\/\\\/www.fitoplant.com.br\\\/loja\\\/\"},{\"@type\":\"ListItem\",\"position\":2,\"name\":\"Produtos\",\"item\":\"https:\\\/\\\/www.fitoplant.com.br\\\/loja\\\/produtos\\\/\"},{\"@type\":\"ListItem\",\"position\":3,\"name\":\"Cola\u0301geno Verisol + A\u0301cido Hialuro\u0302nico 150g\"}]},{\"@type\":\"WebSite\",\"@id\":\"https:\\\/\\\/www.fitoplant.com.br\\\/loja\\\/#website\",\"url\":\"https:\\\/\\\/www.fitoplant.com.br\\\/loja\\\/\",\"name\":\"Loja Fitoplant\",\"description\":\"Suplementos Alimentares\",\"publisher\":{\"@id\":\"https:\\\/\\\/www.fitoplant.com.br\\\/loja\\\/#organization\"},\"alternateName\":\"Loja Fitoplant\",\"potentialAction\":[{\"@type\":\"SearchAction\",\"target\":{\"@type\":\"EntryPoint\",\"urlTemplate\":\"https:\\\/\\\/www.fitoplant.com.br\\\/loja\\\/?s={search_term_string}\"},\"query-input\":{\"@type\":\"PropertyValueSpecification\",\"valueRequired\":true,\"valueName\":\"search_term_string\"}}],\"inLanguage\":\"pt-BR\"},{\"@type\":\"Organization\",\"@id\":\"https:\\\/\\\/www.fitoplant.com.br\\\/loja\\\/#organization\",\"name\":\"Loja Fitoplant\",\"alternateName\":\"Loja Fitoplant\",\"url\":\"https:\\\/\\\/www.fitoplant.com.br\\\/loja\\\/\",\"logo\":{\"@type\":\"ImageObject\",\"inLanguage\":\"pt-BR\",\"@id\":\"https:\\\/\\\/www.fitoplant.com.br\\\/loja\\\/#\\\/schema\\\/logo\\\/image\\\/\",\"url\":\"https:\\\/\\\/www.fitoplant.com.br\\\/loja\\\/wp-content\\\/uploads\\\/2024\\\/07\\\/favicon.png\",\"contentUrl\":\"https:\\\/\\\/www.fitoplant.com.br\\\/loja\\\/wp-content\\\/uploads\\\/2024\\\/07\\\/favicon.png\",\"width\":60,\"height\":60,\"caption\":\"Loja Fitoplant\"},\"image\":{\"@id\":\"https:\\\/\\\/www.fitoplant.com.br\\\/loja\\\/#\\\/schema\\\/logo\\\/image\\\/\"},\"sameAs\":[\"https:\\\/\\\/www.facebook.com\\\/fitoplantsuplementos\\\/\",\"https:\\\/\\\/www.instagram.com\\\/fitoplant\",\"https:\\\/\\\/www.youtube.com\\\/@fitoplant\"]}]}<\/script>\n<!-- \/ Yoast SEO plugin. -->","yoast_head_json":{"title":"Cola\u0301geno Verisol + A\u0301cido Hialuro\u0302nico 150g - Loja Fitoplant","robots":{"index":"index","follow":"follow","max-snippet":"max-snippet:-1","max-image-preview":"max-image-preview:large","max-video-preview":"max-video-preview:-1"},"canonical":"https:\/\/www.fitoplant.com.br\/loja\/produto\/colageno-verisol-acido-hialuronico-150g\/","og_locale":"pt_BR","og_type":"article","og_title":"Cola\u0301geno Verisol + A\u0301cido Hialuro\u0302nico 150g - Loja Fitoplant","og_description":"O col\u00e1geno Verisol \u00e9 composto por Pept\u00eddeos Bioativos de Col\u00e1geno, especialmente ...","og_url":"https:\/\/www.fitoplant.com.br\/loja\/produto\/colageno-verisol-acido-hialuronico-150g\/","og_site_name":"Loja Fitoplant","article_publisher":"https:\/\/www.facebook.com\/fitoplantsuplementos\/","article_modified_time":"2025-09-07T17:13:05+00:00","og_image":[{"width":1600,"height":771,"url":"https:\/\/www.fitoplant.com.br\/loja\/wp-content\/uploads\/2022\/12\/Colageno_verisol.jpeg","type":"image\/jpeg"}],"twitter_card":"summary_large_image","twitter_misc":{"Est. tempo de leitura":"2 minutos"},"schema":{"@context":"https:\/\/schema.org","@graph":[{"@type":["WebPage","ItemPage"],"@id":"https:\/\/www.fitoplant.com.br\/loja\/produto\/colageno-verisol-acido-hialuronico-150g\/","url":"https:\/\/www.fitoplant.com.br\/loja\/produto\/colageno-verisol-acido-hialuronico-150g\/","name":"Cola\u0301geno Verisol + A\u0301cido Hialuro\u0302nico 150g - Loja Fitoplant","isPartOf":{"@id":"https:\/\/www.fitoplant.com.br\/loja\/#website"},"primaryImageOfPage":{"@id":"https:\/\/www.fitoplant.com.br\/loja\/produto\/colageno-verisol-acido-hialuronico-150g\/#primaryimage"},"image":{"@id":"https:\/\/www.fitoplant.com.br\/loja\/produto\/colageno-verisol-acido-hialuronico-150g\/#primaryimage"},"thumbnailUrl":"https:\/\/www.fitoplant.com.br\/loja\/wp-content\/uploads\/2022\/12\/Colageno_verisol.jpeg","datePublished":"2022-12-22T03:57:03+00:00","dateModified":"2025-09-07T17:13:05+00:00","breadcrumb":{"@id":"https:\/\/www.fitoplant.com.br\/loja\/produto\/colageno-verisol-acido-hialuronico-150g\/#breadcrumb"},"inLanguage":"pt-BR","potentialAction":[{"@type":"ReadAction","target":["https:\/\/www.fitoplant.com.br\/loja\/produto\/colageno-verisol-acido-hialuronico-150g\/"]}]},{"@type":"ImageObject","inLanguage":"pt-BR","@id":"https:\/\/www.fitoplant.com.br\/loja\/produto\/colageno-verisol-acido-hialuronico-150g\/#primaryimage","url":"https:\/\/www.fitoplant.com.br\/loja\/wp-content\/uploads\/2022\/12\/Colageno_verisol.jpeg","contentUrl":"https:\/\/www.fitoplant.com.br\/loja\/wp-content\/uploads\/2022\/12\/Colageno_verisol.jpeg","width":1600,"height":771},{"@type":"BreadcrumbList","@id":"https:\/\/www.fitoplant.com.br\/loja\/produto\/colageno-verisol-acido-hialuronico-150g\/#breadcrumb","itemListElement":[{"@type":"ListItem","position":1,"name":"In\u00edcio","item":"https:\/\/www.fitoplant.com.br\/loja\/"},{"@type":"ListItem","position":2,"name":"Produtos","item":"https:\/\/www.fitoplant.com.br\/loja\/produtos\/"},{"@type":"ListItem","position":3,"name":"Cola\u0301geno Verisol + A\u0301cido Hialuro\u0302nico 150g"}]},{"@type":"WebSite","@id":"https:\/\/www.fitoplant.com.br\/loja\/#website","url":"https:\/\/www.fitoplant.com.br\/loja\/","name":"Loja Fitoplant","description":"Suplementos Alimentares","publisher":{"@id":"https:\/\/www.fitoplant.com.br\/loja\/#organization"},"alternateName":"Loja Fitoplant","potentialAction":[{"@type":"SearchAction","target":{"@type":"EntryPoint","urlTemplate":"https:\/\/www.fitoplant.com.br\/loja\/?s={search_term_string}"},"query-input":{"@type":"PropertyValueSpecification","valueRequired":true,"valueName":"search_term_string"}}],"inLanguage":"pt-BR"},{"@type":"Organization","@id":"https:\/\/www.fitoplant.com.br\/loja\/#organization","name":"Loja Fitoplant","alternateName":"Loja Fitoplant","url":"https:\/\/www.fitoplant.com.br\/loja\/","logo":{"@type":"ImageObject","inLanguage":"pt-BR","@id":"https:\/\/www.fitoplant.com.br\/loja\/#\/schema\/logo\/image\/","url":"https:\/\/www.fitoplant.com.br\/loja\/wp-content\/uploads\/2024\/07\/favicon.png","contentUrl":"https:\/\/www.fitoplant.com.br\/loja\/wp-content\/uploads\/2024\/07\/favicon.png","width":60,"height":60,"caption":"Loja Fitoplant"},"image":{"@id":"https:\/\/www.fitoplant.com.br\/loja\/#\/schema\/logo\/image\/"},"sameAs":["https:\/\/www.facebook.com\/fitoplantsuplementos\/","https:\/\/www.instagram.com\/fitoplant","https:\/\/www.youtube.com\/@fitoplant"]}]}},"_links":{"self":[{"href":"https:\/\/www.fitoplant.com.br\/loja\/wp-json\/wp\/v2\/product\/3264","targetHints":{"allow":["GET"]}}],"collection":[{"href":"https:\/\/www.fitoplant.com.br\/loja\/wp-json\/wp\/v2\/product"}],"about":[{"href":"https:\/\/www.fitoplant.com.br\/loja\/wp-json\/wp\/v2\/types\/product"}],"replies":[{"embeddable":true,"href":"https:\/\/www.fitoplant.com.br\/loja\/wp-json\/wp\/v2\/comments?post=3264"}],"wp:featuredmedia":[{"embeddable":true,"href":"https:\/\/www.fitoplant.com.br\/loja\/wp-json\/wp\/v2\/media\/4695"}],"wp:attachment":[{"href":"https:\/\/www.fitoplant.com.br\/loja\/wp-json\/wp\/v2\/media?parent=3264"}],"wp:term":[{"taxonomy":"product_brand","embeddable":true,"href":"https:\/\/www.fitoplant.com.br\/loja\/wp-json\/wp\/v2\/product_brand?post=3264"},{"taxonomy":"product_cat","embeddable":true,"href":"https:\/\/www.fitoplant.com.br\/loja\/wp-json\/wp\/v2\/product_cat?post=3264"},{"taxonomy":"product_tag","embeddable":true,"href":"https:\/\/www.fitoplant.com.br\/loja\/wp-json\/wp\/v2\/product_tag?post=3264"}],"curies":[{"name":"wp","href":"https:\/\/api.w.org\/{rel}","templated":true}]}}