{"id":3221,"date":"2022-10-13T18:13:28","date_gmt":"2022-10-13T21:13:28","guid":{"rendered":"https:\/\/fitomania.com.br\/?post_type=product&#038;p=3221"},"modified":"2025-09-04T10:28:56","modified_gmt":"2025-09-04T13:28:56","slug":"vitamina-c-zinco-900mg-60caps","status":"publish","type":"product","link":"https:\/\/www.fitoplant.com.br\/loja\/produto\/vitamina-c-zinco-900mg-60caps\/","title":{"rendered":"Vitamina C + Zinco 900mg 60Caps<span class=\"codevz-product-category-after-title\">Imunidade<\/span>"},"content":{"rendered":"<p>Suplemento alimentar composto por Acerola (<em>Malphighia glabra <\/em>L), Vitamina C e Zinco. A ingest\u00e3o destes nutrientes ajudam no fortalecimento do sistema imunol\u00f3gico e estimulam a atividade dos leuc\u00f3citos, as c\u00e9lulas brancas de defesa do sangue. A vitamina C e o micronutriente Zinco juntos desempenham importante papel na resist\u00eancia contra gripes e infec\u00e7\u00f5es, al\u00e9m de possuir atividade antioxidante contra os radicais livres.<\/p>\n<p><strong>BENEF\u00cdCIOS:<\/strong><\/p>\n<p>Antioxidante que auxilia na prote\u00e7\u00e3o dos danos causados pelos radicais livres, na absor\u00e7\u00e3o de ferro dos alimentos, no funcionamento do sistema imune, na forma\u00e7\u00e3o do col\u00e1geno, na regenera\u00e7\u00e3o da forma reduzida da vitamina E, no metabolismo energ\u00e9tico, na vis\u00e3o, no metabolismo da vitamina A, no metabolismo de prote\u00ednas, carboidratos e gorduras, na s\u00edntese de prote\u00ednas, na manuten\u00e7\u00e3o de ossos e no processo de divis\u00e3o celular. Contribui para a manuten\u00e7\u00e3o do cabelo, da pele e das unhas.<\/p>\n<p><strong>INGREDIENTES:<\/strong><\/p>\n<p>Acerola desidratada em p\u00f3, \u00e1cido l-asc\u00f3rbico, amido de milho, bisglicinato de zinco, talco.<\/p>\n<p><strong>COMPOSI\u00c7\u00c3O DA C\u00c1PSULA:<\/strong><\/p>\n<p>Gelatina.<\/p>\n<p>PRODUTO DISPENSADO DE REGISTRO CONFORME RDC 240\/2018<\/p>\n<p>REF.: 1041<\/p>\n<p>N\u00c3O CONTEM GL\u00daTEN<\/p>\n","protected":false},"excerpt":{"rendered":"<p>Suplemento alimentar composto por Acerola (<em>Malphighia glabra<\/em> L), Vitamina C e &#8230; <\/p>\n","protected":false},"featured_media":3237,"comment_status":"open","ping_status":"closed","template":"","meta":[],"product_brand":[],"product_cat":[70,58],"product_tag":[122,61,132,78,203,204,76,202,123,94,96,95],"class_list":{"0":"post-3221","1":"product","2":"type-product","3":"status-publish","4":"has-post-thumbnail","6":"product_cat-imunidade","7":"product_cat-vitaminas","8":"product_tag-cabelo","9":"product_tag-colageno","10":"product_tag-ferro","11":"product_tag-fitoplant","12":"product_tag-gripes","13":"product_tag-infeccoes","14":"product_tag-inverno","15":"product_tag-pele","16":"product_tag-unha","17":"product_tag-vitamina-c","18":"product_tag-vitaminas","19":"product_tag-zinco","21":"first","22":"instock","23":"taxable","24":"shipping-taxable","25":"purchasable","26":"product-type-simple"},"yoast_head":"<!-- This site is optimized with the Yoast SEO plugin v27.3 - https:\/\/yoast.com\/product\/yoast-seo-wordpress\/ -->\n<title>Vitamina C + Zinco 900mg 60Caps - Loja Fitoplant<\/title>\n<meta name=\"robots\" content=\"index, follow, max-snippet:-1, max-image-preview:large, max-video-preview:-1\" \/>\n<link rel=\"canonical\" href=\"https:\/\/www.fitoplant.com.br\/loja\/produto\/vitamina-c-zinco-900mg-60caps\/\" \/>\n<meta property=\"og:locale\" content=\"pt_BR\" \/>\n<meta property=\"og:type\" content=\"article\" \/>\n<meta property=\"og:title\" content=\"Vitamina C + Zinco 900mg 60Caps - Loja Fitoplant\" \/>\n<meta property=\"og:description\" content=\"Suplemento alimentar composto por Acerola (Malphighia glabra L), Vitamina C e ...\" \/>\n<meta property=\"og:url\" content=\"https:\/\/www.fitoplant.com.br\/loja\/produto\/vitamina-c-zinco-900mg-60caps\/\" \/>\n<meta property=\"og:site_name\" content=\"Loja Fitoplant\" \/>\n<meta property=\"article:publisher\" content=\"https:\/\/www.facebook.com\/fitoplantsuplementos\/\" \/>\n<meta property=\"article:modified_time\" content=\"2025-09-04T13:28:56+00:00\" \/>\n<meta property=\"og:image\" content=\"https:\/\/www.fitoplant.com.br\/loja\/wp-content\/uploads\/2022\/10\/vitamina_c_zinco.png\" \/>\n\t<meta property=\"og:image:width\" content=\"1800\" \/>\n\t<meta property=\"og:image:height\" content=\"1800\" \/>\n\t<meta property=\"og:image:type\" content=\"image\/png\" \/>\n<meta name=\"twitter:card\" content=\"summary_large_image\" \/>\n<meta name=\"twitter:label1\" content=\"Est. tempo de leitura\" \/>\n\t<meta name=\"twitter:data1\" content=\"1 minuto\" \/>\n<script type=\"application\/ld+json\" class=\"yoast-schema-graph\">{\"@context\":\"https:\\\/\\\/schema.org\",\"@graph\":[{\"@type\":[\"WebPage\",\"ItemPage\"],\"@id\":\"https:\\\/\\\/www.fitoplant.com.br\\\/loja\\\/produto\\\/vitamina-c-zinco-900mg-60caps\\\/\",\"url\":\"https:\\\/\\\/www.fitoplant.com.br\\\/loja\\\/produto\\\/vitamina-c-zinco-900mg-60caps\\\/\",\"name\":\"Vitamina C + Zinco 900mg 60Caps - Loja Fitoplant\",\"isPartOf\":{\"@id\":\"https:\\\/\\\/www.fitoplant.com.br\\\/loja\\\/#website\"},\"primaryImageOfPage\":{\"@id\":\"https:\\\/\\\/www.fitoplant.com.br\\\/loja\\\/produto\\\/vitamina-c-zinco-900mg-60caps\\\/#primaryimage\"},\"image\":{\"@id\":\"https:\\\/\\\/www.fitoplant.com.br\\\/loja\\\/produto\\\/vitamina-c-zinco-900mg-60caps\\\/#primaryimage\"},\"thumbnailUrl\":\"https:\\\/\\\/www.fitoplant.com.br\\\/loja\\\/wp-content\\\/uploads\\\/2022\\\/10\\\/vitamina_c_zinco.png\",\"datePublished\":\"2022-10-13T21:13:28+00:00\",\"dateModified\":\"2025-09-04T13:28:56+00:00\",\"breadcrumb\":{\"@id\":\"https:\\\/\\\/www.fitoplant.com.br\\\/loja\\\/produto\\\/vitamina-c-zinco-900mg-60caps\\\/#breadcrumb\"},\"inLanguage\":\"pt-BR\",\"potentialAction\":[{\"@type\":\"ReadAction\",\"target\":[\"https:\\\/\\\/www.fitoplant.com.br\\\/loja\\\/produto\\\/vitamina-c-zinco-900mg-60caps\\\/\"]}]},{\"@type\":\"ImageObject\",\"inLanguage\":\"pt-BR\",\"@id\":\"https:\\\/\\\/www.fitoplant.com.br\\\/loja\\\/produto\\\/vitamina-c-zinco-900mg-60caps\\\/#primaryimage\",\"url\":\"https:\\\/\\\/www.fitoplant.com.br\\\/loja\\\/wp-content\\\/uploads\\\/2022\\\/10\\\/vitamina_c_zinco.png\",\"contentUrl\":\"https:\\\/\\\/www.fitoplant.com.br\\\/loja\\\/wp-content\\\/uploads\\\/2022\\\/10\\\/vitamina_c_zinco.png\",\"width\":1800,\"height\":1800},{\"@type\":\"BreadcrumbList\",\"@id\":\"https:\\\/\\\/www.fitoplant.com.br\\\/loja\\\/produto\\\/vitamina-c-zinco-900mg-60caps\\\/#breadcrumb\",\"itemListElement\":[{\"@type\":\"ListItem\",\"position\":1,\"name\":\"In\u00edcio\",\"item\":\"https:\\\/\\\/www.fitoplant.com.br\\\/loja\\\/\"},{\"@type\":\"ListItem\",\"position\":2,\"name\":\"Produtos\",\"item\":\"https:\\\/\\\/www.fitoplant.com.br\\\/loja\\\/produtos\\\/\"},{\"@type\":\"ListItem\",\"position\":3,\"name\":\"Vitamina C + Zinco 900mg 60Caps\"}]},{\"@type\":\"WebSite\",\"@id\":\"https:\\\/\\\/www.fitoplant.com.br\\\/loja\\\/#website\",\"url\":\"https:\\\/\\\/www.fitoplant.com.br\\\/loja\\\/\",\"name\":\"Loja Fitoplant\",\"description\":\"Suplementos Alimentares\",\"publisher\":{\"@id\":\"https:\\\/\\\/www.fitoplant.com.br\\\/loja\\\/#organization\"},\"alternateName\":\"Loja Fitoplant\",\"potentialAction\":[{\"@type\":\"SearchAction\",\"target\":{\"@type\":\"EntryPoint\",\"urlTemplate\":\"https:\\\/\\\/www.fitoplant.com.br\\\/loja\\\/?s={search_term_string}\"},\"query-input\":{\"@type\":\"PropertyValueSpecification\",\"valueRequired\":true,\"valueName\":\"search_term_string\"}}],\"inLanguage\":\"pt-BR\"},{\"@type\":\"Organization\",\"@id\":\"https:\\\/\\\/www.fitoplant.com.br\\\/loja\\\/#organization\",\"name\":\"Loja Fitoplant\",\"alternateName\":\"Loja Fitoplant\",\"url\":\"https:\\\/\\\/www.fitoplant.com.br\\\/loja\\\/\",\"logo\":{\"@type\":\"ImageObject\",\"inLanguage\":\"pt-BR\",\"@id\":\"https:\\\/\\\/www.fitoplant.com.br\\\/loja\\\/#\\\/schema\\\/logo\\\/image\\\/\",\"url\":\"https:\\\/\\\/www.fitoplant.com.br\\\/loja\\\/wp-content\\\/uploads\\\/2024\\\/07\\\/favicon.png\",\"contentUrl\":\"https:\\\/\\\/www.fitoplant.com.br\\\/loja\\\/wp-content\\\/uploads\\\/2024\\\/07\\\/favicon.png\",\"width\":60,\"height\":60,\"caption\":\"Loja Fitoplant\"},\"image\":{\"@id\":\"https:\\\/\\\/www.fitoplant.com.br\\\/loja\\\/#\\\/schema\\\/logo\\\/image\\\/\"},\"sameAs\":[\"https:\\\/\\\/www.facebook.com\\\/fitoplantsuplementos\\\/\",\"https:\\\/\\\/www.instagram.com\\\/fitoplant\",\"https:\\\/\\\/www.youtube.com\\\/@fitoplant\"]}]}<\/script>\n<!-- \/ Yoast SEO plugin. -->","yoast_head_json":{"title":"Vitamina C + Zinco 900mg 60Caps - Loja Fitoplant","robots":{"index":"index","follow":"follow","max-snippet":"max-snippet:-1","max-image-preview":"max-image-preview:large","max-video-preview":"max-video-preview:-1"},"canonical":"https:\/\/www.fitoplant.com.br\/loja\/produto\/vitamina-c-zinco-900mg-60caps\/","og_locale":"pt_BR","og_type":"article","og_title":"Vitamina C + Zinco 900mg 60Caps - Loja Fitoplant","og_description":"Suplemento alimentar composto por Acerola (Malphighia glabra L), Vitamina C e ...","og_url":"https:\/\/www.fitoplant.com.br\/loja\/produto\/vitamina-c-zinco-900mg-60caps\/","og_site_name":"Loja Fitoplant","article_publisher":"https:\/\/www.facebook.com\/fitoplantsuplementos\/","article_modified_time":"2025-09-04T13:28:56+00:00","og_image":[{"width":1800,"height":1800,"url":"https:\/\/www.fitoplant.com.br\/loja\/wp-content\/uploads\/2022\/10\/vitamina_c_zinco.png","type":"image\/png"}],"twitter_card":"summary_large_image","twitter_misc":{"Est. tempo de leitura":"1 minuto"},"schema":{"@context":"https:\/\/schema.org","@graph":[{"@type":["WebPage","ItemPage"],"@id":"https:\/\/www.fitoplant.com.br\/loja\/produto\/vitamina-c-zinco-900mg-60caps\/","url":"https:\/\/www.fitoplant.com.br\/loja\/produto\/vitamina-c-zinco-900mg-60caps\/","name":"Vitamina C + Zinco 900mg 60Caps - Loja Fitoplant","isPartOf":{"@id":"https:\/\/www.fitoplant.com.br\/loja\/#website"},"primaryImageOfPage":{"@id":"https:\/\/www.fitoplant.com.br\/loja\/produto\/vitamina-c-zinco-900mg-60caps\/#primaryimage"},"image":{"@id":"https:\/\/www.fitoplant.com.br\/loja\/produto\/vitamina-c-zinco-900mg-60caps\/#primaryimage"},"thumbnailUrl":"https:\/\/www.fitoplant.com.br\/loja\/wp-content\/uploads\/2022\/10\/vitamina_c_zinco.png","datePublished":"2022-10-13T21:13:28+00:00","dateModified":"2025-09-04T13:28:56+00:00","breadcrumb":{"@id":"https:\/\/www.fitoplant.com.br\/loja\/produto\/vitamina-c-zinco-900mg-60caps\/#breadcrumb"},"inLanguage":"pt-BR","potentialAction":[{"@type":"ReadAction","target":["https:\/\/www.fitoplant.com.br\/loja\/produto\/vitamina-c-zinco-900mg-60caps\/"]}]},{"@type":"ImageObject","inLanguage":"pt-BR","@id":"https:\/\/www.fitoplant.com.br\/loja\/produto\/vitamina-c-zinco-900mg-60caps\/#primaryimage","url":"https:\/\/www.fitoplant.com.br\/loja\/wp-content\/uploads\/2022\/10\/vitamina_c_zinco.png","contentUrl":"https:\/\/www.fitoplant.com.br\/loja\/wp-content\/uploads\/2022\/10\/vitamina_c_zinco.png","width":1800,"height":1800},{"@type":"BreadcrumbList","@id":"https:\/\/www.fitoplant.com.br\/loja\/produto\/vitamina-c-zinco-900mg-60caps\/#breadcrumb","itemListElement":[{"@type":"ListItem","position":1,"name":"In\u00edcio","item":"https:\/\/www.fitoplant.com.br\/loja\/"},{"@type":"ListItem","position":2,"name":"Produtos","item":"https:\/\/www.fitoplant.com.br\/loja\/produtos\/"},{"@type":"ListItem","position":3,"name":"Vitamina C + Zinco 900mg 60Caps"}]},{"@type":"WebSite","@id":"https:\/\/www.fitoplant.com.br\/loja\/#website","url":"https:\/\/www.fitoplant.com.br\/loja\/","name":"Loja Fitoplant","description":"Suplementos Alimentares","publisher":{"@id":"https:\/\/www.fitoplant.com.br\/loja\/#organization"},"alternateName":"Loja Fitoplant","potentialAction":[{"@type":"SearchAction","target":{"@type":"EntryPoint","urlTemplate":"https:\/\/www.fitoplant.com.br\/loja\/?s={search_term_string}"},"query-input":{"@type":"PropertyValueSpecification","valueRequired":true,"valueName":"search_term_string"}}],"inLanguage":"pt-BR"},{"@type":"Organization","@id":"https:\/\/www.fitoplant.com.br\/loja\/#organization","name":"Loja Fitoplant","alternateName":"Loja Fitoplant","url":"https:\/\/www.fitoplant.com.br\/loja\/","logo":{"@type":"ImageObject","inLanguage":"pt-BR","@id":"https:\/\/www.fitoplant.com.br\/loja\/#\/schema\/logo\/image\/","url":"https:\/\/www.fitoplant.com.br\/loja\/wp-content\/uploads\/2024\/07\/favicon.png","contentUrl":"https:\/\/www.fitoplant.com.br\/loja\/wp-content\/uploads\/2024\/07\/favicon.png","width":60,"height":60,"caption":"Loja Fitoplant"},"image":{"@id":"https:\/\/www.fitoplant.com.br\/loja\/#\/schema\/logo\/image\/"},"sameAs":["https:\/\/www.facebook.com\/fitoplantsuplementos\/","https:\/\/www.instagram.com\/fitoplant","https:\/\/www.youtube.com\/@fitoplant"]}]}},"_links":{"self":[{"href":"https:\/\/www.fitoplant.com.br\/loja\/wp-json\/wp\/v2\/product\/3221","targetHints":{"allow":["GET"]}}],"collection":[{"href":"https:\/\/www.fitoplant.com.br\/loja\/wp-json\/wp\/v2\/product"}],"about":[{"href":"https:\/\/www.fitoplant.com.br\/loja\/wp-json\/wp\/v2\/types\/product"}],"replies":[{"embeddable":true,"href":"https:\/\/www.fitoplant.com.br\/loja\/wp-json\/wp\/v2\/comments?post=3221"}],"wp:featuredmedia":[{"embeddable":true,"href":"https:\/\/www.fitoplant.com.br\/loja\/wp-json\/wp\/v2\/media\/3237"}],"wp:attachment":[{"href":"https:\/\/www.fitoplant.com.br\/loja\/wp-json\/wp\/v2\/media?parent=3221"}],"wp:term":[{"taxonomy":"product_brand","embeddable":true,"href":"https:\/\/www.fitoplant.com.br\/loja\/wp-json\/wp\/v2\/product_brand?post=3221"},{"taxonomy":"product_cat","embeddable":true,"href":"https:\/\/www.fitoplant.com.br\/loja\/wp-json\/wp\/v2\/product_cat?post=3221"},{"taxonomy":"product_tag","embeddable":true,"href":"https:\/\/www.fitoplant.com.br\/loja\/wp-json\/wp\/v2\/product_tag?post=3221"}],"curies":[{"name":"wp","href":"https:\/\/api.w.org\/{rel}","templated":true}]}}