{"id":3217,"date":"2022-10-11T16:51:28","date_gmt":"2022-10-11T19:51:28","guid":{"rendered":"https:\/\/fitomania.com.br\/?post_type=product&#038;p=3217"},"modified":"2025-09-04T10:29:11","modified_gmt":"2025-09-04T13:29:11","slug":"acido-hialuronico-com-vitaminas-e-zinco-500mg-60caps","status":"publish","type":"product","link":"https:\/\/www.fitoplant.com.br\/loja\/produto\/acido-hialuronico-com-vitaminas-e-zinco-500mg-60caps\/","title":{"rendered":"A\u0301cido Hialuro\u0302nico com Vitaminas e Zinco 500mg 60Caps<span class=\"codevz-product-category-after-title\">Beleza<\/span>"},"content":{"rendered":"<p>O \u00e1cido hialur\u00f4nico \u00e9 um polissacar\u00eddeo, subst\u00e2ncia naturalmente presente no organismo humano e que auxilia na hidrata\u00e7\u00e3o, lubrifica\u00e7\u00e3o, volume, sustenta\u00e7\u00e3o, elasticidade e no combate ao envelhecimento precoce da pele. As mol\u00e9culas de \u00e1cido hialur\u00f4nico tem capacidade de reter \u00e1gua em grandes quantidades, tornando a pele mais hidratada e saud\u00e1vel, reduzindo as rugas e linhas de express\u00e3o.<\/p>\n<p>As vitaminas A, C, E e o mineral zinco s\u00e3o subst\u00e2ncias com propriedades antioxidantes e que protegem a pele contra a a\u00e7\u00e3o dos radicais livres, respons\u00e1veis pelo aparecimento das rugas e manchas na pele. As vitaminas A e C elas aumentam a produ\u00e7\u00e3o de col\u00e1geno e refor\u00e7am a imunidade da pele.<\/p>\n<p>A combina\u00e7\u00e3o das vitaminas e do mineral associada ao \u00e1cido hialur\u00f4nico \u00e9 uma f\u00f3rmula ideal para combater os primeiros sinais do tempo e potencializar a sua a\u00e7\u00e3o. O seu consumo deve ser di\u00e1rio e continuo e as nossas c\u00e1psulas fornecem uma dose di\u00e1ria de 120 mg do \u00e1cido. A vitamina C, E e o zinco em n\u00edveis adequados favorecem a produ\u00e7\u00e3o do \u00e1cido hialur\u00f4nico e potencializam os efeitos da suplementa\u00e7\u00e3o com \u00e1cido hialur\u00f4nico.<\/p>\n<p><strong>Benef\u00edcios:<\/strong><\/p>\n<p>Aumento da hidrata\u00e7\u00e3o da pele, diminui os sinais do envelhecimento na pele, oferece volume e preenchimento por sua afinidade em se ligar a mol\u00e9culas de \u00e1gua, suaviza as rugas e marcas de express\u00e3o, forma\u00e7\u00e3o do col\u00e1geno, manuten\u00e7\u00e3o da pele, antioxidante, fortalece unhas e cabelos.<\/p>\n<p><strong>INGREDIENTES:<\/strong><\/p>\n<p>Amido de milho, Hialuronato de s\u00f3dio obtido pela fermenta\u00e7\u00e3o de Streptococcus zooepidemicus, \u00e1cido asc\u00f3rbico, bisglicinato de zinco, acetato de DL-alfa tocoferol e acetato de retinol.<\/p>\n<p><strong>COMPOSI\u00c7\u00c3O DA C\u00c1PSULA:<\/strong><\/p>\n<p>Gelatina.<\/p>\n<p>Produto dispensado de registro conforme RDC 240\/2018.<\/p>\n<p>REF.: 1051<\/p>\n","protected":false},"excerpt":{"rendered":"<p>O \u00e1cido hialur\u00f4nico melhora a hidrata\u00e7\u00e3o e elasticidade da pele, enquanto &#8230; <\/p>\n","protected":false},"featured_media":3465,"comment_status":"open","ping_status":"closed","template":"","meta":[],"product_brand":[],"product_cat":[68,15],"product_tag":[102,61,205,78,62,206,202,75,147,94,143,96,95],"class_list":{"0":"post-3217","1":"product","2":"type-product","3":"status-publish","4":"has-post-thumbnail","6":"product_cat-beleza","7":"product_cat-novidades","8":"product_tag-acido","9":"product_tag-colageno","10":"product_tag-envelhecimento","11":"product_tag-fitoplant","12":"product_tag-hialuronico","13":"product_tag-hidratacao","14":"product_tag-pele","15":"product_tag-verao","16":"product_tag-vitamina-a","17":"product_tag-vitamina-c","18":"product_tag-vitamina-e","19":"product_tag-vitaminas","20":"product_tag-zinco","22":"first","23":"instock","24":"taxable","25":"shipping-taxable","26":"purchasable","27":"product-type-simple"},"yoast_head":"<!-- This site is optimized with the Yoast SEO plugin v27.3 - https:\/\/yoast.com\/product\/yoast-seo-wordpress\/ -->\n<title>A\u0301cido Hialuro\u0302nico com Vitaminas e Zinco 500mg 60Caps - Loja Fitoplant<\/title>\n<meta name=\"description\" content=\"O A\u0301cido Hialuro\u0302nico melhora a hidrata\u00e7\u00e3o e elasticidade da pele, enquanto as vitaminas e zinco oferecem prote\u00e7\u00e3o antioxidante.\" \/>\n<meta name=\"robots\" content=\"index, follow, max-snippet:-1, max-image-preview:large, max-video-preview:-1\" \/>\n<link rel=\"canonical\" href=\"https:\/\/www.fitoplant.com.br\/loja\/produto\/acido-hialuronico-com-vitaminas-e-zinco-500mg-60caps\/\" \/>\n<meta property=\"og:locale\" content=\"pt_BR\" \/>\n<meta property=\"og:type\" content=\"article\" \/>\n<meta property=\"og:title\" content=\"A\u0301cido Hialuro\u0302nico com Vitaminas e Zinco 500mg 60Caps - Loja Fitoplant\" \/>\n<meta property=\"og:description\" content=\"O A\u0301cido Hialuro\u0302nico melhora a hidrata\u00e7\u00e3o e elasticidade da pele, enquanto as vitaminas e zinco oferecem prote\u00e7\u00e3o antioxidante.\" \/>\n<meta property=\"og:url\" content=\"https:\/\/www.fitoplant.com.br\/loja\/produto\/acido-hialuronico-com-vitaminas-e-zinco-500mg-60caps\/\" \/>\n<meta property=\"og:site_name\" content=\"Loja Fitoplant\" \/>\n<meta property=\"article:publisher\" content=\"https:\/\/www.facebook.com\/fitoplantsuplementos\/\" \/>\n<meta property=\"article:modified_time\" content=\"2025-09-04T13:29:11+00:00\" \/>\n<meta property=\"og:image\" content=\"https:\/\/www.fitoplant.com.br\/loja\/wp-content\/uploads\/2020\/12\/Colageno_Fitoplant_120Caps.png\" \/>\n\t<meta property=\"og:image:width\" content=\"1800\" \/>\n\t<meta property=\"og:image:height\" content=\"1800\" \/>\n\t<meta property=\"og:image:type\" content=\"image\/png\" \/>\n<meta name=\"twitter:card\" content=\"summary_large_image\" \/>\n<meta name=\"twitter:label1\" content=\"Est. tempo de leitura\" \/>\n\t<meta name=\"twitter:data1\" content=\"2 minutos\" \/>\n<script type=\"application\/ld+json\" class=\"yoast-schema-graph\">{\"@context\":\"https:\\\/\\\/schema.org\",\"@graph\":[{\"@type\":[\"WebPage\",\"ItemPage\"],\"@id\":\"https:\\\/\\\/www.fitoplant.com.br\\\/loja\\\/produto\\\/acido-hialuronico-com-vitaminas-e-zinco-500mg-60caps\\\/\",\"url\":\"https:\\\/\\\/www.fitoplant.com.br\\\/loja\\\/produto\\\/acido-hialuronico-com-vitaminas-e-zinco-500mg-60caps\\\/\",\"name\":\"A\u0301cido Hialuro\u0302nico com Vitaminas e Zinco 500mg 60Caps - Loja Fitoplant\",\"isPartOf\":{\"@id\":\"https:\\\/\\\/www.fitoplant.com.br\\\/loja\\\/#website\"},\"primaryImageOfPage\":{\"@id\":\"https:\\\/\\\/www.fitoplant.com.br\\\/loja\\\/produto\\\/acido-hialuronico-com-vitaminas-e-zinco-500mg-60caps\\\/#primaryimage\"},\"image\":{\"@id\":\"https:\\\/\\\/www.fitoplant.com.br\\\/loja\\\/produto\\\/acido-hialuronico-com-vitaminas-e-zinco-500mg-60caps\\\/#primaryimage\"},\"thumbnailUrl\":\"https:\\\/\\\/www.fitoplant.com.br\\\/loja\\\/wp-content\\\/uploads\\\/2020\\\/12\\\/Colageno_Fitoplant_120Caps.png\",\"datePublished\":\"2022-10-11T19:51:28+00:00\",\"dateModified\":\"2025-09-04T13:29:11+00:00\",\"description\":\"O A\u0301cido Hialuro\u0302nico melhora a hidrata\u00e7\u00e3o e elasticidade da pele, enquanto as vitaminas e zinco oferecem prote\u00e7\u00e3o antioxidante.\",\"breadcrumb\":{\"@id\":\"https:\\\/\\\/www.fitoplant.com.br\\\/loja\\\/produto\\\/acido-hialuronico-com-vitaminas-e-zinco-500mg-60caps\\\/#breadcrumb\"},\"inLanguage\":\"pt-BR\",\"potentialAction\":[{\"@type\":\"ReadAction\",\"target\":[\"https:\\\/\\\/www.fitoplant.com.br\\\/loja\\\/produto\\\/acido-hialuronico-com-vitaminas-e-zinco-500mg-60caps\\\/\"]}]},{\"@type\":\"ImageObject\",\"inLanguage\":\"pt-BR\",\"@id\":\"https:\\\/\\\/www.fitoplant.com.br\\\/loja\\\/produto\\\/acido-hialuronico-com-vitaminas-e-zinco-500mg-60caps\\\/#primaryimage\",\"url\":\"https:\\\/\\\/www.fitoplant.com.br\\\/loja\\\/wp-content\\\/uploads\\\/2020\\\/12\\\/Colageno_Fitoplant_120Caps.png\",\"contentUrl\":\"https:\\\/\\\/www.fitoplant.com.br\\\/loja\\\/wp-content\\\/uploads\\\/2020\\\/12\\\/Colageno_Fitoplant_120Caps.png\",\"width\":1800,\"height\":1800},{\"@type\":\"BreadcrumbList\",\"@id\":\"https:\\\/\\\/www.fitoplant.com.br\\\/loja\\\/produto\\\/acido-hialuronico-com-vitaminas-e-zinco-500mg-60caps\\\/#breadcrumb\",\"itemListElement\":[{\"@type\":\"ListItem\",\"position\":1,\"name\":\"In\u00edcio\",\"item\":\"https:\\\/\\\/www.fitoplant.com.br\\\/loja\\\/\"},{\"@type\":\"ListItem\",\"position\":2,\"name\":\"Produtos\",\"item\":\"https:\\\/\\\/www.fitoplant.com.br\\\/loja\\\/produtos\\\/\"},{\"@type\":\"ListItem\",\"position\":3,\"name\":\"A\u0301cido Hialuro\u0302nico com Vitaminas e Zinco 500mg 60Caps\"}]},{\"@type\":\"WebSite\",\"@id\":\"https:\\\/\\\/www.fitoplant.com.br\\\/loja\\\/#website\",\"url\":\"https:\\\/\\\/www.fitoplant.com.br\\\/loja\\\/\",\"name\":\"Loja Fitoplant\",\"description\":\"Suplementos Alimentares\",\"publisher\":{\"@id\":\"https:\\\/\\\/www.fitoplant.com.br\\\/loja\\\/#organization\"},\"alternateName\":\"Loja Fitoplant\",\"potentialAction\":[{\"@type\":\"SearchAction\",\"target\":{\"@type\":\"EntryPoint\",\"urlTemplate\":\"https:\\\/\\\/www.fitoplant.com.br\\\/loja\\\/?s={search_term_string}\"},\"query-input\":{\"@type\":\"PropertyValueSpecification\",\"valueRequired\":true,\"valueName\":\"search_term_string\"}}],\"inLanguage\":\"pt-BR\"},{\"@type\":\"Organization\",\"@id\":\"https:\\\/\\\/www.fitoplant.com.br\\\/loja\\\/#organization\",\"name\":\"Loja Fitoplant\",\"alternateName\":\"Loja Fitoplant\",\"url\":\"https:\\\/\\\/www.fitoplant.com.br\\\/loja\\\/\",\"logo\":{\"@type\":\"ImageObject\",\"inLanguage\":\"pt-BR\",\"@id\":\"https:\\\/\\\/www.fitoplant.com.br\\\/loja\\\/#\\\/schema\\\/logo\\\/image\\\/\",\"url\":\"https:\\\/\\\/www.fitoplant.com.br\\\/loja\\\/wp-content\\\/uploads\\\/2024\\\/07\\\/favicon.png\",\"contentUrl\":\"https:\\\/\\\/www.fitoplant.com.br\\\/loja\\\/wp-content\\\/uploads\\\/2024\\\/07\\\/favicon.png\",\"width\":60,\"height\":60,\"caption\":\"Loja Fitoplant\"},\"image\":{\"@id\":\"https:\\\/\\\/www.fitoplant.com.br\\\/loja\\\/#\\\/schema\\\/logo\\\/image\\\/\"},\"sameAs\":[\"https:\\\/\\\/www.facebook.com\\\/fitoplantsuplementos\\\/\",\"https:\\\/\\\/www.instagram.com\\\/fitoplant\",\"https:\\\/\\\/www.youtube.com\\\/@fitoplant\"]}]}<\/script>\n<!-- \/ Yoast SEO plugin. -->","yoast_head_json":{"title":"A\u0301cido Hialuro\u0302nico com Vitaminas e Zinco 500mg 60Caps - Loja Fitoplant","description":"O A\u0301cido Hialuro\u0302nico melhora a hidrata\u00e7\u00e3o e elasticidade da pele, enquanto as vitaminas e zinco oferecem prote\u00e7\u00e3o antioxidante.","robots":{"index":"index","follow":"follow","max-snippet":"max-snippet:-1","max-image-preview":"max-image-preview:large","max-video-preview":"max-video-preview:-1"},"canonical":"https:\/\/www.fitoplant.com.br\/loja\/produto\/acido-hialuronico-com-vitaminas-e-zinco-500mg-60caps\/","og_locale":"pt_BR","og_type":"article","og_title":"A\u0301cido Hialuro\u0302nico com Vitaminas e Zinco 500mg 60Caps - Loja Fitoplant","og_description":"O A\u0301cido Hialuro\u0302nico melhora a hidrata\u00e7\u00e3o e elasticidade da pele, enquanto as vitaminas e zinco oferecem prote\u00e7\u00e3o antioxidante.","og_url":"https:\/\/www.fitoplant.com.br\/loja\/produto\/acido-hialuronico-com-vitaminas-e-zinco-500mg-60caps\/","og_site_name":"Loja Fitoplant","article_publisher":"https:\/\/www.facebook.com\/fitoplantsuplementos\/","article_modified_time":"2025-09-04T13:29:11+00:00","og_image":[{"width":1800,"height":1800,"url":"https:\/\/www.fitoplant.com.br\/loja\/wp-content\/uploads\/2020\/12\/Colageno_Fitoplant_120Caps.png","type":"image\/png"}],"twitter_card":"summary_large_image","twitter_misc":{"Est. tempo de leitura":"2 minutos"},"schema":{"@context":"https:\/\/schema.org","@graph":[{"@type":["WebPage","ItemPage"],"@id":"https:\/\/www.fitoplant.com.br\/loja\/produto\/acido-hialuronico-com-vitaminas-e-zinco-500mg-60caps\/","url":"https:\/\/www.fitoplant.com.br\/loja\/produto\/acido-hialuronico-com-vitaminas-e-zinco-500mg-60caps\/","name":"A\u0301cido Hialuro\u0302nico com Vitaminas e Zinco 500mg 60Caps - Loja Fitoplant","isPartOf":{"@id":"https:\/\/www.fitoplant.com.br\/loja\/#website"},"primaryImageOfPage":{"@id":"https:\/\/www.fitoplant.com.br\/loja\/produto\/acido-hialuronico-com-vitaminas-e-zinco-500mg-60caps\/#primaryimage"},"image":{"@id":"https:\/\/www.fitoplant.com.br\/loja\/produto\/acido-hialuronico-com-vitaminas-e-zinco-500mg-60caps\/#primaryimage"},"thumbnailUrl":"https:\/\/www.fitoplant.com.br\/loja\/wp-content\/uploads\/2020\/12\/Colageno_Fitoplant_120Caps.png","datePublished":"2022-10-11T19:51:28+00:00","dateModified":"2025-09-04T13:29:11+00:00","description":"O A\u0301cido Hialuro\u0302nico melhora a hidrata\u00e7\u00e3o e elasticidade da pele, enquanto as vitaminas e zinco oferecem prote\u00e7\u00e3o antioxidante.","breadcrumb":{"@id":"https:\/\/www.fitoplant.com.br\/loja\/produto\/acido-hialuronico-com-vitaminas-e-zinco-500mg-60caps\/#breadcrumb"},"inLanguage":"pt-BR","potentialAction":[{"@type":"ReadAction","target":["https:\/\/www.fitoplant.com.br\/loja\/produto\/acido-hialuronico-com-vitaminas-e-zinco-500mg-60caps\/"]}]},{"@type":"ImageObject","inLanguage":"pt-BR","@id":"https:\/\/www.fitoplant.com.br\/loja\/produto\/acido-hialuronico-com-vitaminas-e-zinco-500mg-60caps\/#primaryimage","url":"https:\/\/www.fitoplant.com.br\/loja\/wp-content\/uploads\/2020\/12\/Colageno_Fitoplant_120Caps.png","contentUrl":"https:\/\/www.fitoplant.com.br\/loja\/wp-content\/uploads\/2020\/12\/Colageno_Fitoplant_120Caps.png","width":1800,"height":1800},{"@type":"BreadcrumbList","@id":"https:\/\/www.fitoplant.com.br\/loja\/produto\/acido-hialuronico-com-vitaminas-e-zinco-500mg-60caps\/#breadcrumb","itemListElement":[{"@type":"ListItem","position":1,"name":"In\u00edcio","item":"https:\/\/www.fitoplant.com.br\/loja\/"},{"@type":"ListItem","position":2,"name":"Produtos","item":"https:\/\/www.fitoplant.com.br\/loja\/produtos\/"},{"@type":"ListItem","position":3,"name":"A\u0301cido Hialuro\u0302nico com Vitaminas e Zinco 500mg 60Caps"}]},{"@type":"WebSite","@id":"https:\/\/www.fitoplant.com.br\/loja\/#website","url":"https:\/\/www.fitoplant.com.br\/loja\/","name":"Loja Fitoplant","description":"Suplementos Alimentares","publisher":{"@id":"https:\/\/www.fitoplant.com.br\/loja\/#organization"},"alternateName":"Loja Fitoplant","potentialAction":[{"@type":"SearchAction","target":{"@type":"EntryPoint","urlTemplate":"https:\/\/www.fitoplant.com.br\/loja\/?s={search_term_string}"},"query-input":{"@type":"PropertyValueSpecification","valueRequired":true,"valueName":"search_term_string"}}],"inLanguage":"pt-BR"},{"@type":"Organization","@id":"https:\/\/www.fitoplant.com.br\/loja\/#organization","name":"Loja Fitoplant","alternateName":"Loja Fitoplant","url":"https:\/\/www.fitoplant.com.br\/loja\/","logo":{"@type":"ImageObject","inLanguage":"pt-BR","@id":"https:\/\/www.fitoplant.com.br\/loja\/#\/schema\/logo\/image\/","url":"https:\/\/www.fitoplant.com.br\/loja\/wp-content\/uploads\/2024\/07\/favicon.png","contentUrl":"https:\/\/www.fitoplant.com.br\/loja\/wp-content\/uploads\/2024\/07\/favicon.png","width":60,"height":60,"caption":"Loja Fitoplant"},"image":{"@id":"https:\/\/www.fitoplant.com.br\/loja\/#\/schema\/logo\/image\/"},"sameAs":["https:\/\/www.facebook.com\/fitoplantsuplementos\/","https:\/\/www.instagram.com\/fitoplant","https:\/\/www.youtube.com\/@fitoplant"]}]}},"_links":{"self":[{"href":"https:\/\/www.fitoplant.com.br\/loja\/wp-json\/wp\/v2\/product\/3217","targetHints":{"allow":["GET"]}}],"collection":[{"href":"https:\/\/www.fitoplant.com.br\/loja\/wp-json\/wp\/v2\/product"}],"about":[{"href":"https:\/\/www.fitoplant.com.br\/loja\/wp-json\/wp\/v2\/types\/product"}],"replies":[{"embeddable":true,"href":"https:\/\/www.fitoplant.com.br\/loja\/wp-json\/wp\/v2\/comments?post=3217"}],"wp:featuredmedia":[{"embeddable":true,"href":"https:\/\/www.fitoplant.com.br\/loja\/wp-json\/wp\/v2\/media\/3465"}],"wp:attachment":[{"href":"https:\/\/www.fitoplant.com.br\/loja\/wp-json\/wp\/v2\/media?parent=3217"}],"wp:term":[{"taxonomy":"product_brand","embeddable":true,"href":"https:\/\/www.fitoplant.com.br\/loja\/wp-json\/wp\/v2\/product_brand?post=3217"},{"taxonomy":"product_cat","embeddable":true,"href":"https:\/\/www.fitoplant.com.br\/loja\/wp-json\/wp\/v2\/product_cat?post=3217"},{"taxonomy":"product_tag","embeddable":true,"href":"https:\/\/www.fitoplant.com.br\/loja\/wp-json\/wp\/v2\/product_tag?post=3217"}],"curies":[{"name":"wp","href":"https:\/\/api.w.org\/{rel}","templated":true}]}}