{"id":3181,"date":"2022-03-17T16:24:19","date_gmt":"2022-03-17T19:24:19","guid":{"rendered":"https:\/\/fitomania.com.br\/?post_type=product&#038;p=3181"},"modified":"2025-09-04T10:29:16","modified_gmt":"2025-09-04T13:29:16","slug":"7-slim-835mg-120caps","status":"publish","type":"product","link":"https:\/\/www.fitoplant.com.br\/loja\/produto\/7-slim-835mg-120caps\/","title":{"rendered":"7 Slim 835mg 120Caps<span class=\"codevz-product-category-after-title\">Beleza<\/span>"},"content":{"rendered":"<p><img decoding=\"async\" class=\"alignnone wp-image-4557 size-full\" title=\"7 Slim\" src=\"data:image\/svg+xml,%3Csvg%20xmlns%3D&#39;http%3A%2F%2Fwww.w3.org%2F2000%2Fsvg&#39;%20width=&#39;1920&#39;%20height=&#39;1080&#39;%20viewBox%3D&#39;0%200%201920%201080&#39;%2F%3E\" data-czlz data-src=\"https:\/\/www.fitoplant.com.br\/loja\/wp-content\/uploads\/2024\/12\/7-Slim-Banner-1.jpg\" alt=\"7 Slim\" width=\"1920\" height=\"1080\" \/><\/p>\n<p>&nbsp;<\/p>\n<h3>7 Slim 835mg 120Caps<\/h3>\n<p>As fibras presentes nesta formula\u00e7\u00e3o favorecem o aumento do conte\u00fado fecal, expans\u00e3o do est\u00f4mago e maior saciedade. O consumo adequado desse suplemento est\u00e1 associado a uma redu\u00e7\u00e3o significativa dos n\u00edveis de glicose e gorduras (colesterol LDL) e doen\u00e7as cr\u00f4nicas; auxilia no controle da press\u00e3o arterial; reduz o n\u00edvel de \u00e1cido \u00farico e promove a perda de peso quando associada a uma dieta equilibrada e atividade f\u00edsica.<\/p>\n<p>Suplemento alimentar em c\u00e1psulas composto pelos seguintes componentes:<\/p>\n<ol>\n<li style=\"list-style-type: none;\">\n<ol>\n<li>EXTRATO DE LARANJA MORO (morosil);<\/li>\n<li>PSYLLIUM;<\/li>\n<li>PICOLINATO DE CROMO.<\/li>\n<li>COL\u00c1GENO HIDROLISADO;<\/li>\n<li>ESPIRULINA;<\/li>\n<li>QUITOSANA;<\/li>\n<li>BERINJELA;<\/li>\n<\/ol>\n<\/li>\n<\/ol>\n<p>&nbsp;<\/p>\n<p><img decoding=\"async\" class=\"alignnone wp-image-4558 size-full\" title=\"7 Slim\" src=\"data:image\/svg+xml,%3Csvg%20xmlns%3D&#39;http%3A%2F%2Fwww.w3.org%2F2000%2Fsvg&#39;%20width=&#39;1920&#39;%20height=&#39;1080&#39;%20viewBox%3D&#39;0%200%201920%201080&#39;%2F%3E\" data-czlz data-src=\"https:\/\/www.fitoplant.com.br\/loja\/wp-content\/uploads\/2024\/12\/7-Slim-Banner-2.jpg\" alt=\"7 Slim\" width=\"1920\" height=\"1080\" \/><\/p>\n<p>&nbsp;<\/p>\n<p>Os benef\u00edcios do morosil est\u00e3o relacionados a sua capacidade antioxidante. Ele \u00e9 rico em compostos bioativos como as antocianinas e os flavonoides, respons\u00e1veis por limitar o ganho de peso corporal ao diminuir o ac\u00famulo de gordura no tecido adiposo.<\/p>\n<p>O comportamento das fibras em se ligar e formar complexos consegue interferir na digest\u00e3o e na absor\u00e7\u00e3o da gordura pelo trato gastrointestinal. Ao inv\u00e9s de ser transferida para corrente sangu\u00ednea, a gordura \u00e9 eliminada pelas fezes (SILVA; SANTOS; FERREIRA, 2006).<\/p>\n<p>&nbsp;<\/p>\n<p><strong><img decoding=\"async\" class=\"alignnone wp-image-4559 size-full\" title=\"7 Slim\" src=\"data:image\/svg+xml,%3Csvg%20xmlns%3D&#39;http%3A%2F%2Fwww.w3.org%2F2000%2Fsvg&#39;%20width=&#39;1920&#39;%20height=&#39;1080&#39;%20viewBox%3D&#39;0%200%201920%201080&#39;%2F%3E\" data-czlz data-src=\"https:\/\/www.fitoplant.com.br\/loja\/wp-content\/uploads\/2024\/12\/7-Slim-Banner-3.jpg\" alt=\"7 Slim\" width=\"1920\" height=\"1080\" \/><\/strong><\/p>\n<p>&nbsp;<\/p>\n<p><strong>Descubra<\/strong> como nosso <strong>suplemento natural com fibras<\/strong> e antioxidantes pode <strong>ajudar voc\u00ea a controlar o apetite<\/strong>, <strong>eliminar gorduras<\/strong> e <strong>alcan\u00e7ar seu peso ideal<\/strong>, sem abrir m\u00e3o de uma vida equilibrada.<\/p>\n<p>Comece sua jornada para o bem-estar agora! <strong>Compre agora e experimente!<\/strong><\/p>\n<p>&nbsp;<\/p>\n<p><strong>INGREDIENTES:<\/strong><\/p>\n<p>Berinjela, quitosana, psyllium, espirulina, col\u00e1geno hidrolisado, extrato de laranja moro (Citrus sinensis L. Osbeck) e picolinato de cromo.<\/p>\n<p><strong>COMPOSI\u00c7\u00c3O DA C\u00c1PSULA:<\/strong><\/p>\n<p>Gelatina.<\/p>\n<p>PRODUTO DISPENSADO DE REGISTRO CONFORME RDC 240\/2018.<\/p>\n<p>REF.: 2516<\/p>\n","protected":false},"excerpt":{"rendered":"<p>Suplemento alimentar em c\u00e1psulas contendo berinjela, quitosana, psyllium, espirulina, col\u00e1geno hidrolisado, &#8230; <\/p>\n","protected":false},"featured_media":3438,"comment_status":"open","ping_status":"closed","template":"","meta":[],"product_brand":[],"product_cat":[68,45,46],"product_tag":[215,219,217,221,224,220,222,156,223,218,160,75],"class_list":{"0":"post-3181","1":"product","2":"type-product","3":"status-publish","4":"has-post-thumbnail","6":"product_cat-beleza","7":"product_cat-fitness","8":"product_cat-emagrecimento","9":"product_tag-beleza","10":"product_tag-emagrecer","11":"product_tag-emagrecimento","12":"product_tag-exercicio-fisico","13":"product_tag-exercicios","14":"product_tag-fitness","15":"product_tag-laranja-moro","16":"product_tag-nutrition-for","17":"product_tag-perda-de-peso","18":"product_tag-slim","19":"product_tag-up-force","20":"product_tag-verao","22":"first","23":"instock","24":"taxable","25":"shipping-taxable","26":"purchasable","27":"product-type-simple"},"yoast_head":"<!-- This site is optimized with the Yoast SEO plugin v27.4 - https:\/\/yoast.com\/product\/yoast-seo-wordpress\/ -->\n<title>7 Slim 835mg 120Caps - Loja Fitoplant<\/title>\n<meta name=\"description\" content=\"7 Slim, o suplemento alimentar com fibras que favorecem o aumento do conte\u00fado fecal, expans\u00e3o do est\u00f4mago e maior saciedade.\" \/>\n<meta name=\"robots\" content=\"index, follow, max-snippet:-1, max-image-preview:large, max-video-preview:-1\" \/>\n<link rel=\"canonical\" href=\"https:\/\/www.fitoplant.com.br\/loja\/produto\/7-slim-835mg-120caps\/\" \/>\n<meta property=\"og:locale\" content=\"pt_BR\" \/>\n<meta property=\"og:type\" content=\"article\" \/>\n<meta property=\"og:title\" content=\"7 Slim 835mg 120Caps\" \/>\n<meta property=\"og:description\" content=\"7 Slim, o suplemento alimentar com fibras que favorecem o aumento do conte\u00fado fecal, expans\u00e3o do est\u00f4mago e maior saciedade.\" \/>\n<meta property=\"og:url\" content=\"https:\/\/www.fitoplant.com.br\/loja\/produto\/7-slim-835mg-120caps\/\" \/>\n<meta property=\"og:site_name\" content=\"Loja Fitoplant\" \/>\n<meta property=\"article:publisher\" content=\"https:\/\/www.facebook.com\/fitoplantsuplementos\/\" \/>\n<meta property=\"article:modified_time\" content=\"2025-09-04T13:29:16+00:00\" \/>\n<meta property=\"og:image\" content=\"https:\/\/www.fitoplant.com.br\/loja\/wp-content\/uploads\/2024\/07\/logo-fitoplant.png\" \/>\n\t<meta property=\"og:image:width\" content=\"1000\" \/>\n\t<meta property=\"og:image:height\" content=\"542\" \/>\n\t<meta property=\"og:image:type\" content=\"image\/png\" \/>\n<meta name=\"twitter:card\" content=\"summary_large_image\" \/>\n<meta name=\"twitter:label1\" content=\"Est. tempo de leitura\" \/>\n\t<meta name=\"twitter:data1\" content=\"2 minutos\" \/>\n<script type=\"application\/ld+json\" class=\"yoast-schema-graph\">{\"@context\":\"https:\\\/\\\/schema.org\",\"@graph\":[{\"@type\":[\"WebPage\",\"ItemPage\"],\"@id\":\"https:\\\/\\\/www.fitoplant.com.br\\\/loja\\\/produto\\\/7-slim-835mg-120caps\\\/\",\"url\":\"https:\\\/\\\/www.fitoplant.com.br\\\/loja\\\/produto\\\/7-slim-835mg-120caps\\\/\",\"name\":\"7 Slim 835mg 120Caps - Loja Fitoplant\",\"isPartOf\":{\"@id\":\"https:\\\/\\\/www.fitoplant.com.br\\\/loja\\\/#website\"},\"primaryImageOfPage\":{\"@id\":\"https:\\\/\\\/www.fitoplant.com.br\\\/loja\\\/produto\\\/7-slim-835mg-120caps\\\/#primaryimage\"},\"image\":{\"@id\":\"https:\\\/\\\/www.fitoplant.com.br\\\/loja\\\/produto\\\/7-slim-835mg-120caps\\\/#primaryimage\"},\"thumbnailUrl\":\"https:\\\/\\\/www.fitoplant.com.br\\\/loja\\\/wp-content\\\/uploads\\\/2022\\\/03\\\/7-Slim_120caps_Nutrition_835mg.png\",\"datePublished\":\"2022-03-17T19:24:19+00:00\",\"dateModified\":\"2025-09-04T13:29:16+00:00\",\"description\":\"7 Slim, o suplemento alimentar com fibras que favorecem o aumento do conte\u00fado fecal, expans\u00e3o do est\u00f4mago e maior saciedade.\",\"breadcrumb\":{\"@id\":\"https:\\\/\\\/www.fitoplant.com.br\\\/loja\\\/produto\\\/7-slim-835mg-120caps\\\/#breadcrumb\"},\"inLanguage\":\"pt-BR\",\"potentialAction\":[{\"@type\":\"ReadAction\",\"target\":[\"https:\\\/\\\/www.fitoplant.com.br\\\/loja\\\/produto\\\/7-slim-835mg-120caps\\\/\"]}]},{\"@type\":\"ImageObject\",\"inLanguage\":\"pt-BR\",\"@id\":\"https:\\\/\\\/www.fitoplant.com.br\\\/loja\\\/produto\\\/7-slim-835mg-120caps\\\/#primaryimage\",\"url\":\"https:\\\/\\\/www.fitoplant.com.br\\\/loja\\\/wp-content\\\/uploads\\\/2022\\\/03\\\/7-Slim_120caps_Nutrition_835mg.png\",\"contentUrl\":\"https:\\\/\\\/www.fitoplant.com.br\\\/loja\\\/wp-content\\\/uploads\\\/2022\\\/03\\\/7-Slim_120caps_Nutrition_835mg.png\",\"width\":1800,\"height\":1800},{\"@type\":\"BreadcrumbList\",\"@id\":\"https:\\\/\\\/www.fitoplant.com.br\\\/loja\\\/produto\\\/7-slim-835mg-120caps\\\/#breadcrumb\",\"itemListElement\":[{\"@type\":\"ListItem\",\"position\":1,\"name\":\"In\u00edcio\",\"item\":\"https:\\\/\\\/www.fitoplant.com.br\\\/loja\\\/\"},{\"@type\":\"ListItem\",\"position\":2,\"name\":\"Produtos\",\"item\":\"https:\\\/\\\/www.fitoplant.com.br\\\/loja\\\/produtos\\\/\"},{\"@type\":\"ListItem\",\"position\":3,\"name\":\"7 Slim 835mg 120Caps\"}]},{\"@type\":\"WebSite\",\"@id\":\"https:\\\/\\\/www.fitoplant.com.br\\\/loja\\\/#website\",\"url\":\"https:\\\/\\\/www.fitoplant.com.br\\\/loja\\\/\",\"name\":\"Loja Fitoplant\",\"description\":\"Suplementos Alimentares\",\"publisher\":{\"@id\":\"https:\\\/\\\/www.fitoplant.com.br\\\/loja\\\/#organization\"},\"alternateName\":\"Loja Fitoplant\",\"potentialAction\":[{\"@type\":\"SearchAction\",\"target\":{\"@type\":\"EntryPoint\",\"urlTemplate\":\"https:\\\/\\\/www.fitoplant.com.br\\\/loja\\\/?s={search_term_string}\"},\"query-input\":{\"@type\":\"PropertyValueSpecification\",\"valueRequired\":true,\"valueName\":\"search_term_string\"}}],\"inLanguage\":\"pt-BR\"},{\"@type\":\"Organization\",\"@id\":\"https:\\\/\\\/www.fitoplant.com.br\\\/loja\\\/#organization\",\"name\":\"Loja Fitoplant\",\"alternateName\":\"Loja Fitoplant\",\"url\":\"https:\\\/\\\/www.fitoplant.com.br\\\/loja\\\/\",\"logo\":{\"@type\":\"ImageObject\",\"inLanguage\":\"pt-BR\",\"@id\":\"https:\\\/\\\/www.fitoplant.com.br\\\/loja\\\/#\\\/schema\\\/logo\\\/image\\\/\",\"url\":\"https:\\\/\\\/www.fitoplant.com.br\\\/loja\\\/wp-content\\\/uploads\\\/2024\\\/07\\\/favicon.png\",\"contentUrl\":\"https:\\\/\\\/www.fitoplant.com.br\\\/loja\\\/wp-content\\\/uploads\\\/2024\\\/07\\\/favicon.png\",\"width\":60,\"height\":60,\"caption\":\"Loja Fitoplant\"},\"image\":{\"@id\":\"https:\\\/\\\/www.fitoplant.com.br\\\/loja\\\/#\\\/schema\\\/logo\\\/image\\\/\"},\"sameAs\":[\"https:\\\/\\\/www.facebook.com\\\/fitoplantsuplementos\\\/\",\"https:\\\/\\\/www.instagram.com\\\/fitoplant\",\"https:\\\/\\\/www.youtube.com\\\/@fitoplant\"]}]}<\/script>\n<!-- \/ Yoast SEO plugin. -->","yoast_head_json":{"title":"7 Slim 835mg 120Caps - Loja Fitoplant","description":"7 Slim, o suplemento alimentar com fibras que favorecem o aumento do conte\u00fado fecal, expans\u00e3o do est\u00f4mago e maior saciedade.","robots":{"index":"index","follow":"follow","max-snippet":"max-snippet:-1","max-image-preview":"max-image-preview:large","max-video-preview":"max-video-preview:-1"},"canonical":"https:\/\/www.fitoplant.com.br\/loja\/produto\/7-slim-835mg-120caps\/","og_locale":"pt_BR","og_type":"article","og_title":"7 Slim 835mg 120Caps","og_description":"7 Slim, o suplemento alimentar com fibras que favorecem o aumento do conte\u00fado fecal, expans\u00e3o do est\u00f4mago e maior saciedade.","og_url":"https:\/\/www.fitoplant.com.br\/loja\/produto\/7-slim-835mg-120caps\/","og_site_name":"Loja Fitoplant","article_publisher":"https:\/\/www.facebook.com\/fitoplantsuplementos\/","article_modified_time":"2025-09-04T13:29:16+00:00","og_image":[{"width":1000,"height":542,"url":"https:\/\/www.fitoplant.com.br\/loja\/wp-content\/uploads\/2024\/07\/logo-fitoplant.png","type":"image\/png"}],"twitter_card":"summary_large_image","twitter_misc":{"Est. tempo de leitura":"2 minutos"},"schema":{"@context":"https:\/\/schema.org","@graph":[{"@type":["WebPage","ItemPage"],"@id":"https:\/\/www.fitoplant.com.br\/loja\/produto\/7-slim-835mg-120caps\/","url":"https:\/\/www.fitoplant.com.br\/loja\/produto\/7-slim-835mg-120caps\/","name":"7 Slim 835mg 120Caps - Loja Fitoplant","isPartOf":{"@id":"https:\/\/www.fitoplant.com.br\/loja\/#website"},"primaryImageOfPage":{"@id":"https:\/\/www.fitoplant.com.br\/loja\/produto\/7-slim-835mg-120caps\/#primaryimage"},"image":{"@id":"https:\/\/www.fitoplant.com.br\/loja\/produto\/7-slim-835mg-120caps\/#primaryimage"},"thumbnailUrl":"https:\/\/www.fitoplant.com.br\/loja\/wp-content\/uploads\/2022\/03\/7-Slim_120caps_Nutrition_835mg.png","datePublished":"2022-03-17T19:24:19+00:00","dateModified":"2025-09-04T13:29:16+00:00","description":"7 Slim, o suplemento alimentar com fibras que favorecem o aumento do conte\u00fado fecal, expans\u00e3o do est\u00f4mago e maior saciedade.","breadcrumb":{"@id":"https:\/\/www.fitoplant.com.br\/loja\/produto\/7-slim-835mg-120caps\/#breadcrumb"},"inLanguage":"pt-BR","potentialAction":[{"@type":"ReadAction","target":["https:\/\/www.fitoplant.com.br\/loja\/produto\/7-slim-835mg-120caps\/"]}]},{"@type":"ImageObject","inLanguage":"pt-BR","@id":"https:\/\/www.fitoplant.com.br\/loja\/produto\/7-slim-835mg-120caps\/#primaryimage","url":"https:\/\/www.fitoplant.com.br\/loja\/wp-content\/uploads\/2022\/03\/7-Slim_120caps_Nutrition_835mg.png","contentUrl":"https:\/\/www.fitoplant.com.br\/loja\/wp-content\/uploads\/2022\/03\/7-Slim_120caps_Nutrition_835mg.png","width":1800,"height":1800},{"@type":"BreadcrumbList","@id":"https:\/\/www.fitoplant.com.br\/loja\/produto\/7-slim-835mg-120caps\/#breadcrumb","itemListElement":[{"@type":"ListItem","position":1,"name":"In\u00edcio","item":"https:\/\/www.fitoplant.com.br\/loja\/"},{"@type":"ListItem","position":2,"name":"Produtos","item":"https:\/\/www.fitoplant.com.br\/loja\/produtos\/"},{"@type":"ListItem","position":3,"name":"7 Slim 835mg 120Caps"}]},{"@type":"WebSite","@id":"https:\/\/www.fitoplant.com.br\/loja\/#website","url":"https:\/\/www.fitoplant.com.br\/loja\/","name":"Loja Fitoplant","description":"Suplementos Alimentares","publisher":{"@id":"https:\/\/www.fitoplant.com.br\/loja\/#organization"},"alternateName":"Loja Fitoplant","potentialAction":[{"@type":"SearchAction","target":{"@type":"EntryPoint","urlTemplate":"https:\/\/www.fitoplant.com.br\/loja\/?s={search_term_string}"},"query-input":{"@type":"PropertyValueSpecification","valueRequired":true,"valueName":"search_term_string"}}],"inLanguage":"pt-BR"},{"@type":"Organization","@id":"https:\/\/www.fitoplant.com.br\/loja\/#organization","name":"Loja Fitoplant","alternateName":"Loja Fitoplant","url":"https:\/\/www.fitoplant.com.br\/loja\/","logo":{"@type":"ImageObject","inLanguage":"pt-BR","@id":"https:\/\/www.fitoplant.com.br\/loja\/#\/schema\/logo\/image\/","url":"https:\/\/www.fitoplant.com.br\/loja\/wp-content\/uploads\/2024\/07\/favicon.png","contentUrl":"https:\/\/www.fitoplant.com.br\/loja\/wp-content\/uploads\/2024\/07\/favicon.png","width":60,"height":60,"caption":"Loja Fitoplant"},"image":{"@id":"https:\/\/www.fitoplant.com.br\/loja\/#\/schema\/logo\/image\/"},"sameAs":["https:\/\/www.facebook.com\/fitoplantsuplementos\/","https:\/\/www.instagram.com\/fitoplant","https:\/\/www.youtube.com\/@fitoplant"]}]}},"_links":{"self":[{"href":"https:\/\/www.fitoplant.com.br\/loja\/wp-json\/wp\/v2\/product\/3181","targetHints":{"allow":["GET"]}}],"collection":[{"href":"https:\/\/www.fitoplant.com.br\/loja\/wp-json\/wp\/v2\/product"}],"about":[{"href":"https:\/\/www.fitoplant.com.br\/loja\/wp-json\/wp\/v2\/types\/product"}],"replies":[{"embeddable":true,"href":"https:\/\/www.fitoplant.com.br\/loja\/wp-json\/wp\/v2\/comments?post=3181"}],"wp:featuredmedia":[{"embeddable":true,"href":"https:\/\/www.fitoplant.com.br\/loja\/wp-json\/wp\/v2\/media\/3438"}],"wp:attachment":[{"href":"https:\/\/www.fitoplant.com.br\/loja\/wp-json\/wp\/v2\/media?parent=3181"}],"wp:term":[{"taxonomy":"product_brand","embeddable":true,"href":"https:\/\/www.fitoplant.com.br\/loja\/wp-json\/wp\/v2\/product_brand?post=3181"},{"taxonomy":"product_cat","embeddable":true,"href":"https:\/\/www.fitoplant.com.br\/loja\/wp-json\/wp\/v2\/product_cat?post=3181"},{"taxonomy":"product_tag","embeddable":true,"href":"https:\/\/www.fitoplant.com.br\/loja\/wp-json\/wp\/v2\/product_tag?post=3181"}],"curies":[{"name":"wp","href":"https:\/\/api.w.org\/{rel}","templated":true}]}}