{"id":3126,"date":"2022-02-28T15:04:58","date_gmt":"2022-02-28T18:04:58","guid":{"rendered":"https:\/\/fitomania.com.br\/?post_type=product&#038;p=3126"},"modified":"2026-04-06T14:38:31","modified_gmt":"2026-04-06T17:38:31","slug":"colageno-tipo-ii-acido-hialuronico-600mg-60caps","status":"publish","type":"product","link":"https:\/\/www.fitoplant.com.br\/loja\/produto\/colageno-tipo-ii-acido-hialuronico-600mg-60caps\/","title":{"rendered":"Cola\u0301geno Tipo II + A\u0301cido Hialuro\u0302nico 600mg 60Caps<span class=\"codevz-product-category-after-title\">Sa\u00fade \u00d3ssea<\/span>"},"content":{"rendered":"<h3>Cola\u0301geno Tipo II + A\u0301cido Hialuro\u0302nico 600mg 60Caps<\/h3>\n<p>Suplemento alimentar em c\u00e1psulas com \u00c1cido hialur\u00f4nico e Col\u00e1geno tipo II n\u00e3o desnaturado. O col\u00e1geno tipo II \u00e9 um derivado da cartilagem de frango que contribui significativamente para melhora da resist\u00eancia estrutural das articula\u00e7\u00f5es e fortalecimento das fibras musculares, proporcionando maior mobilidade e flexibilidade.<\/p>\n<p><img decoding=\"async\" class=\"alignnone wp-image-4482 size-full\" src=\"data:image\/svg+xml,%3Csvg%20xmlns%3D&#39;http%3A%2F%2Fwww.w3.org%2F2000%2Fsvg&#39;%20width=&#39;1920&#39;%20height=&#39;1080&#39;%20viewBox%3D&#39;0%200%201920%201080&#39;%2F%3E\" data-czlz data-src=\"https:\/\/www.fitoplant.com.br\/loja\/wp-content\/uploads\/2024\/11\/Colageno-Tipo-II-Acido-Hialuronico-banner-01-.jpg\" alt=\"\" width=\"1920\" height=\"1080\" \/><\/p>\n<p>&nbsp;<\/p>\n<p>Sua principal fun\u00e7\u00e3o \u00e9 prevenir e auxiliar o sistema \u00f3sseo e articular ao tratar a artrite reumatoide ou a osteoartrite, al\u00e9m de ser indicado para praticantes de atividades f\u00edsicas e atletas no controle das dores ap\u00f3s os treinos.<\/p>\n<p>O \u00e1cido hialur\u00f4nico \u00e9 um polissacar\u00eddeo que auxilia na lubrifica\u00e7\u00e3o e na absor\u00e7\u00e3o de impacto das articula\u00e7\u00f5es, na manuten\u00e7\u00e3o e regula\u00e7\u00e3o da hidrata\u00e7\u00e3o dos tecidos.<\/p>\n<p>&nbsp;<\/p>\n<p><strong><img decoding=\"async\" class=\"alignnone wp-image-4483 size-full\" src=\"data:image\/svg+xml,%3Csvg%20xmlns%3D&#39;http%3A%2F%2Fwww.w3.org%2F2000%2Fsvg&#39;%20width=&#39;1920&#39;%20height=&#39;1080&#39;%20viewBox%3D&#39;0%200%201920%201080&#39;%2F%3E\" data-czlz data-src=\"https:\/\/www.fitoplant.com.br\/loja\/wp-content\/uploads\/2024\/11\/Colageno-Tipo-II-Acido-Hialuronico-banner-02-.jpg\" alt=\"\" width=\"1920\" height=\"1080\" \/><\/strong><\/p>\n<p>&nbsp;<\/p>\n<p><strong>BENEF\u00cdCIOS:<\/strong><\/p>\n<ul>\n<li style=\"list-style-type: none;\">\n<ul>\n<li style=\"list-style-type: none;\">\n<ul>\n<li>Melhora os quadros de inflama\u00e7\u00e3o e artrite;<\/li>\n<li>Atua na recupera\u00e7\u00e3o da sa\u00fade articular;<\/li>\n<li>Recupera estrutura de cartilagem articular;<\/li>\n<li>Melhora a mobilidade e flexibilidade;<\/li>\n<li>Atua em les\u00f5es resultante de atividades esportivas;<\/li>\n<li>Lubrifica as cartilagens e articula\u00e7\u00f5es;<\/li>\n<li>Alivia a dor em v\u00e1rias estruturas musculares e articula\u00e7\u00f5es do corpo.<\/li>\n<\/ul>\n<\/li>\n<\/ul>\n<\/li>\n<\/ul>\n<p>&nbsp;<\/p>\n<p><img decoding=\"async\" class=\"alignnone wp-image-4492 size-full\" src=\"data:image\/svg+xml,%3Csvg%20xmlns%3D&#39;http%3A%2F%2Fwww.w3.org%2F2000%2Fsvg&#39;%20width=&#39;1920&#39;%20height=&#39;1080&#39;%20viewBox%3D&#39;0%200%201920%201080&#39;%2F%3E\" data-czlz data-src=\"https:\/\/www.fitoplant.com.br\/loja\/wp-content\/uploads\/2024\/11\/Colageno-Tipo-II-Acido-Hialuronico-banner-03-1-1.jpg\" alt=\"\" width=\"1920\" height=\"1080\" \/><\/p>\n<p>&nbsp;<\/p>\n<p><strong>Fortale\u00e7a <\/strong>suas<strong> articula\u00e7\u00f5es<\/strong> e <strong>recupere a flexibilidade<\/strong> com a combina\u00e7\u00e3o de <strong>Col\u00e1geno Tipo II e \u00c1cido Hialur\u00f4nico<\/strong>. Ideal para quem busca <strong>al\u00edvio e bem-estar.<\/strong><\/p>\n<p>&nbsp;<\/p>\n<p><strong>INGREDIENTES:<\/strong><\/p>\n<p>Hialuronato de s\u00f3dio obtido pela fermenta\u00e7\u00e3o de Streptococcus zooepidemicus, col\u00e1geno de frango com col\u00e1geno tipo II n\u00e3o desnaturado e lubrificante talco.<\/p>\n<p><strong>COMPOSI\u00c7\u00c3O DA C\u00c1PSULA:<\/strong><\/p>\n<p>Gelatina.<\/p>\n<p>PRODUTO DISPENSADO DE REGISTRO CONFORME RDC 240\/2018<\/p>\n<p>REF.: 1047<\/p>\n","protected":false},"excerpt":{"rendered":"<p>Suplemento com \u00c1cido hialur\u00f4nico e Col\u00e1geno tipo II n\u00e3o desnaturado. O &#8230; <\/p>\n","protected":false},"featured_media":4705,"comment_status":"open","ping_status":"closed","template":"","meta":[],"product_brand":[],"product_cat":[73,15],"product_tag":[102,61,188,78,62],"class_list":{"0":"post-3126","1":"product","2":"type-product","3":"status-publish","4":"has-post-thumbnail","6":"product_cat-saude-ossea","7":"product_cat-novidades","8":"product_tag-acido","9":"product_tag-colageno","10":"product_tag-colageno-tipo-ii","11":"product_tag-fitoplant","12":"product_tag-hialuronico","14":"first","15":"instock","16":"taxable","17":"shipping-taxable","18":"purchasable","19":"product-type-simple"},"yoast_head":"<!-- This site is optimized with the Yoast SEO plugin v27.5 - https:\/\/yoast.com\/product\/yoast-seo-wordpress\/ -->\n<title>Cola\u0301geno Tipo II + A\u0301cido Hialuro\u0302nico 600mg 60Caps - Loja Fitoplant<\/title>\n<meta name=\"description\" content=\"O col\u00e1geno tipo II contribui significativamente para melhora da resist\u00eancia estrutural das articula\u00e7\u00f5es e fortalecimento das fibras musculares.\" \/>\n<meta name=\"robots\" content=\"index, follow, max-snippet:-1, max-image-preview:large, max-video-preview:-1\" \/>\n<link rel=\"canonical\" href=\"https:\/\/www.fitoplant.com.br\/loja\/produto\/colageno-tipo-ii-acido-hialuronico-600mg-60caps\/\" \/>\n<meta property=\"og:locale\" content=\"pt_BR\" \/>\n<meta property=\"og:type\" content=\"article\" \/>\n<meta property=\"og:title\" content=\"Cola\u0301geno Tipo II + A\u0301cido Hialuro\u0302nico 600mg 60Caps - Loja Fitoplant\" \/>\n<meta property=\"og:description\" content=\"O col\u00e1geno tipo II contribui significativamente para melhora da resist\u00eancia estrutural das articula\u00e7\u00f5es e fortalecimento das fibras musculares.\" \/>\n<meta property=\"og:url\" content=\"https:\/\/www.fitoplant.com.br\/loja\/produto\/colageno-tipo-ii-acido-hialuronico-600mg-60caps\/\" \/>\n<meta property=\"og:site_name\" content=\"Loja Fitoplant\" \/>\n<meta property=\"article:publisher\" content=\"https:\/\/www.facebook.com\/fitoplantsuplementos\/\" \/>\n<meta property=\"article:modified_time\" content=\"2026-04-06T17:38:31+00:00\" \/>\n<meta property=\"og:image\" content=\"https:\/\/www.fitoplant.com.br\/loja\/wp-content\/uploads\/2022\/02\/Colageno_Tipo_II_-Acido_Hialuronico_Fitoplant_-60caps-1.png\" \/>\n\t<meta property=\"og:image:width\" content=\"1800\" \/>\n\t<meta property=\"og:image:height\" content=\"1800\" \/>\n\t<meta property=\"og:image:type\" content=\"image\/png\" \/>\n<meta name=\"twitter:card\" content=\"summary_large_image\" \/>\n<meta name=\"twitter:label1\" content=\"Est. tempo de leitura\" \/>\n\t<meta name=\"twitter:data1\" content=\"2 minutos\" \/>\n<script type=\"application\/ld+json\" class=\"yoast-schema-graph\">{\"@context\":\"https:\\\/\\\/schema.org\",\"@graph\":[{\"@type\":[\"WebPage\",\"ItemPage\"],\"@id\":\"https:\\\/\\\/www.fitoplant.com.br\\\/loja\\\/produto\\\/colageno-tipo-ii-acido-hialuronico-600mg-60caps\\\/\",\"url\":\"https:\\\/\\\/www.fitoplant.com.br\\\/loja\\\/produto\\\/colageno-tipo-ii-acido-hialuronico-600mg-60caps\\\/\",\"name\":\"Cola\u0301geno Tipo II + A\u0301cido Hialuro\u0302nico 600mg 60Caps - Loja Fitoplant\",\"isPartOf\":{\"@id\":\"https:\\\/\\\/www.fitoplant.com.br\\\/loja\\\/#website\"},\"primaryImageOfPage\":{\"@id\":\"https:\\\/\\\/www.fitoplant.com.br\\\/loja\\\/produto\\\/colageno-tipo-ii-acido-hialuronico-600mg-60caps\\\/#primaryimage\"},\"image\":{\"@id\":\"https:\\\/\\\/www.fitoplant.com.br\\\/loja\\\/produto\\\/colageno-tipo-ii-acido-hialuronico-600mg-60caps\\\/#primaryimage\"},\"thumbnailUrl\":\"https:\\\/\\\/www.fitoplant.com.br\\\/loja\\\/wp-content\\\/uploads\\\/2022\\\/02\\\/Colageno_Tipo_II_-Acido_Hialuronico_Fitoplant_-60caps-1.png\",\"datePublished\":\"2022-02-28T18:04:58+00:00\",\"dateModified\":\"2026-04-06T17:38:31+00:00\",\"description\":\"O col\u00e1geno tipo II contribui significativamente para melhora da resist\u00eancia estrutural das articula\u00e7\u00f5es e fortalecimento das fibras musculares.\",\"breadcrumb\":{\"@id\":\"https:\\\/\\\/www.fitoplant.com.br\\\/loja\\\/produto\\\/colageno-tipo-ii-acido-hialuronico-600mg-60caps\\\/#breadcrumb\"},\"inLanguage\":\"pt-BR\",\"potentialAction\":[{\"@type\":\"ReadAction\",\"target\":[\"https:\\\/\\\/www.fitoplant.com.br\\\/loja\\\/produto\\\/colageno-tipo-ii-acido-hialuronico-600mg-60caps\\\/\"]}]},{\"@type\":\"ImageObject\",\"inLanguage\":\"pt-BR\",\"@id\":\"https:\\\/\\\/www.fitoplant.com.br\\\/loja\\\/produto\\\/colageno-tipo-ii-acido-hialuronico-600mg-60caps\\\/#primaryimage\",\"url\":\"https:\\\/\\\/www.fitoplant.com.br\\\/loja\\\/wp-content\\\/uploads\\\/2022\\\/02\\\/Colageno_Tipo_II_-Acido_Hialuronico_Fitoplant_-60caps-1.png\",\"contentUrl\":\"https:\\\/\\\/www.fitoplant.com.br\\\/loja\\\/wp-content\\\/uploads\\\/2022\\\/02\\\/Colageno_Tipo_II_-Acido_Hialuronico_Fitoplant_-60caps-1.png\",\"width\":1800,\"height\":1800},{\"@type\":\"BreadcrumbList\",\"@id\":\"https:\\\/\\\/www.fitoplant.com.br\\\/loja\\\/produto\\\/colageno-tipo-ii-acido-hialuronico-600mg-60caps\\\/#breadcrumb\",\"itemListElement\":[{\"@type\":\"ListItem\",\"position\":1,\"name\":\"In\u00edcio\",\"item\":\"https:\\\/\\\/www.fitoplant.com.br\\\/loja\\\/\"},{\"@type\":\"ListItem\",\"position\":2,\"name\":\"Produtos\",\"item\":\"https:\\\/\\\/www.fitoplant.com.br\\\/loja\\\/produtos\\\/\"},{\"@type\":\"ListItem\",\"position\":3,\"name\":\"Cola\u0301geno Tipo II + A\u0301cido Hialuro\u0302nico 600mg 60Caps\"}]},{\"@type\":\"WebSite\",\"@id\":\"https:\\\/\\\/www.fitoplant.com.br\\\/loja\\\/#website\",\"url\":\"https:\\\/\\\/www.fitoplant.com.br\\\/loja\\\/\",\"name\":\"Loja Fitoplant\",\"description\":\"Suplementos Alimentares\",\"publisher\":{\"@id\":\"https:\\\/\\\/www.fitoplant.com.br\\\/loja\\\/#organization\"},\"alternateName\":\"Loja Fitoplant\",\"potentialAction\":[{\"@type\":\"SearchAction\",\"target\":{\"@type\":\"EntryPoint\",\"urlTemplate\":\"https:\\\/\\\/www.fitoplant.com.br\\\/loja\\\/?s={search_term_string}\"},\"query-input\":{\"@type\":\"PropertyValueSpecification\",\"valueRequired\":true,\"valueName\":\"search_term_string\"}}],\"inLanguage\":\"pt-BR\"},{\"@type\":\"Organization\",\"@id\":\"https:\\\/\\\/www.fitoplant.com.br\\\/loja\\\/#organization\",\"name\":\"Loja Fitoplant\",\"alternateName\":\"Loja Fitoplant\",\"url\":\"https:\\\/\\\/www.fitoplant.com.br\\\/loja\\\/\",\"logo\":{\"@type\":\"ImageObject\",\"inLanguage\":\"pt-BR\",\"@id\":\"https:\\\/\\\/www.fitoplant.com.br\\\/loja\\\/#\\\/schema\\\/logo\\\/image\\\/\",\"url\":\"https:\\\/\\\/www.fitoplant.com.br\\\/loja\\\/wp-content\\\/uploads\\\/2024\\\/07\\\/favicon.png\",\"contentUrl\":\"https:\\\/\\\/www.fitoplant.com.br\\\/loja\\\/wp-content\\\/uploads\\\/2024\\\/07\\\/favicon.png\",\"width\":60,\"height\":60,\"caption\":\"Loja Fitoplant\"},\"image\":{\"@id\":\"https:\\\/\\\/www.fitoplant.com.br\\\/loja\\\/#\\\/schema\\\/logo\\\/image\\\/\"},\"sameAs\":[\"https:\\\/\\\/www.facebook.com\\\/fitoplantsuplementos\\\/\",\"https:\\\/\\\/www.instagram.com\\\/fitoplant\",\"https:\\\/\\\/www.youtube.com\\\/@fitoplant\"]}]}<\/script>\n<!-- \/ Yoast SEO plugin. -->","yoast_head_json":{"title":"Cola\u0301geno Tipo II + A\u0301cido Hialuro\u0302nico 600mg 60Caps - Loja Fitoplant","description":"O col\u00e1geno tipo II contribui significativamente para melhora da resist\u00eancia estrutural das articula\u00e7\u00f5es e fortalecimento das fibras musculares.","robots":{"index":"index","follow":"follow","max-snippet":"max-snippet:-1","max-image-preview":"max-image-preview:large","max-video-preview":"max-video-preview:-1"},"canonical":"https:\/\/www.fitoplant.com.br\/loja\/produto\/colageno-tipo-ii-acido-hialuronico-600mg-60caps\/","og_locale":"pt_BR","og_type":"article","og_title":"Cola\u0301geno Tipo II + A\u0301cido Hialuro\u0302nico 600mg 60Caps - Loja Fitoplant","og_description":"O col\u00e1geno tipo II contribui significativamente para melhora da resist\u00eancia estrutural das articula\u00e7\u00f5es e fortalecimento das fibras musculares.","og_url":"https:\/\/www.fitoplant.com.br\/loja\/produto\/colageno-tipo-ii-acido-hialuronico-600mg-60caps\/","og_site_name":"Loja Fitoplant","article_publisher":"https:\/\/www.facebook.com\/fitoplantsuplementos\/","article_modified_time":"2026-04-06T17:38:31+00:00","og_image":[{"width":1800,"height":1800,"url":"https:\/\/www.fitoplant.com.br\/loja\/wp-content\/uploads\/2022\/02\/Colageno_Tipo_II_-Acido_Hialuronico_Fitoplant_-60caps-1.png","type":"image\/png"}],"twitter_card":"summary_large_image","twitter_misc":{"Est. tempo de leitura":"2 minutos"},"schema":{"@context":"https:\/\/schema.org","@graph":[{"@type":["WebPage","ItemPage"],"@id":"https:\/\/www.fitoplant.com.br\/loja\/produto\/colageno-tipo-ii-acido-hialuronico-600mg-60caps\/","url":"https:\/\/www.fitoplant.com.br\/loja\/produto\/colageno-tipo-ii-acido-hialuronico-600mg-60caps\/","name":"Cola\u0301geno Tipo II + A\u0301cido Hialuro\u0302nico 600mg 60Caps - Loja Fitoplant","isPartOf":{"@id":"https:\/\/www.fitoplant.com.br\/loja\/#website"},"primaryImageOfPage":{"@id":"https:\/\/www.fitoplant.com.br\/loja\/produto\/colageno-tipo-ii-acido-hialuronico-600mg-60caps\/#primaryimage"},"image":{"@id":"https:\/\/www.fitoplant.com.br\/loja\/produto\/colageno-tipo-ii-acido-hialuronico-600mg-60caps\/#primaryimage"},"thumbnailUrl":"https:\/\/www.fitoplant.com.br\/loja\/wp-content\/uploads\/2022\/02\/Colageno_Tipo_II_-Acido_Hialuronico_Fitoplant_-60caps-1.png","datePublished":"2022-02-28T18:04:58+00:00","dateModified":"2026-04-06T17:38:31+00:00","description":"O col\u00e1geno tipo II contribui significativamente para melhora da resist\u00eancia estrutural das articula\u00e7\u00f5es e fortalecimento das fibras musculares.","breadcrumb":{"@id":"https:\/\/www.fitoplant.com.br\/loja\/produto\/colageno-tipo-ii-acido-hialuronico-600mg-60caps\/#breadcrumb"},"inLanguage":"pt-BR","potentialAction":[{"@type":"ReadAction","target":["https:\/\/www.fitoplant.com.br\/loja\/produto\/colageno-tipo-ii-acido-hialuronico-600mg-60caps\/"]}]},{"@type":"ImageObject","inLanguage":"pt-BR","@id":"https:\/\/www.fitoplant.com.br\/loja\/produto\/colageno-tipo-ii-acido-hialuronico-600mg-60caps\/#primaryimage","url":"https:\/\/www.fitoplant.com.br\/loja\/wp-content\/uploads\/2022\/02\/Colageno_Tipo_II_-Acido_Hialuronico_Fitoplant_-60caps-1.png","contentUrl":"https:\/\/www.fitoplant.com.br\/loja\/wp-content\/uploads\/2022\/02\/Colageno_Tipo_II_-Acido_Hialuronico_Fitoplant_-60caps-1.png","width":1800,"height":1800},{"@type":"BreadcrumbList","@id":"https:\/\/www.fitoplant.com.br\/loja\/produto\/colageno-tipo-ii-acido-hialuronico-600mg-60caps\/#breadcrumb","itemListElement":[{"@type":"ListItem","position":1,"name":"In\u00edcio","item":"https:\/\/www.fitoplant.com.br\/loja\/"},{"@type":"ListItem","position":2,"name":"Produtos","item":"https:\/\/www.fitoplant.com.br\/loja\/produtos\/"},{"@type":"ListItem","position":3,"name":"Cola\u0301geno Tipo II + A\u0301cido Hialuro\u0302nico 600mg 60Caps"}]},{"@type":"WebSite","@id":"https:\/\/www.fitoplant.com.br\/loja\/#website","url":"https:\/\/www.fitoplant.com.br\/loja\/","name":"Loja Fitoplant","description":"Suplementos Alimentares","publisher":{"@id":"https:\/\/www.fitoplant.com.br\/loja\/#organization"},"alternateName":"Loja Fitoplant","potentialAction":[{"@type":"SearchAction","target":{"@type":"EntryPoint","urlTemplate":"https:\/\/www.fitoplant.com.br\/loja\/?s={search_term_string}"},"query-input":{"@type":"PropertyValueSpecification","valueRequired":true,"valueName":"search_term_string"}}],"inLanguage":"pt-BR"},{"@type":"Organization","@id":"https:\/\/www.fitoplant.com.br\/loja\/#organization","name":"Loja Fitoplant","alternateName":"Loja Fitoplant","url":"https:\/\/www.fitoplant.com.br\/loja\/","logo":{"@type":"ImageObject","inLanguage":"pt-BR","@id":"https:\/\/www.fitoplant.com.br\/loja\/#\/schema\/logo\/image\/","url":"https:\/\/www.fitoplant.com.br\/loja\/wp-content\/uploads\/2024\/07\/favicon.png","contentUrl":"https:\/\/www.fitoplant.com.br\/loja\/wp-content\/uploads\/2024\/07\/favicon.png","width":60,"height":60,"caption":"Loja Fitoplant"},"image":{"@id":"https:\/\/www.fitoplant.com.br\/loja\/#\/schema\/logo\/image\/"},"sameAs":["https:\/\/www.facebook.com\/fitoplantsuplementos\/","https:\/\/www.instagram.com\/fitoplant","https:\/\/www.youtube.com\/@fitoplant"]}]}},"_links":{"self":[{"href":"https:\/\/www.fitoplant.com.br\/loja\/wp-json\/wp\/v2\/product\/3126","targetHints":{"allow":["GET"]}}],"collection":[{"href":"https:\/\/www.fitoplant.com.br\/loja\/wp-json\/wp\/v2\/product"}],"about":[{"href":"https:\/\/www.fitoplant.com.br\/loja\/wp-json\/wp\/v2\/types\/product"}],"replies":[{"embeddable":true,"href":"https:\/\/www.fitoplant.com.br\/loja\/wp-json\/wp\/v2\/comments?post=3126"}],"wp:featuredmedia":[{"embeddable":true,"href":"https:\/\/www.fitoplant.com.br\/loja\/wp-json\/wp\/v2\/media\/4705"}],"wp:attachment":[{"href":"https:\/\/www.fitoplant.com.br\/loja\/wp-json\/wp\/v2\/media?parent=3126"}],"wp:term":[{"taxonomy":"product_brand","embeddable":true,"href":"https:\/\/www.fitoplant.com.br\/loja\/wp-json\/wp\/v2\/product_brand?post=3126"},{"taxonomy":"product_cat","embeddable":true,"href":"https:\/\/www.fitoplant.com.br\/loja\/wp-json\/wp\/v2\/product_cat?post=3126"},{"taxonomy":"product_tag","embeddable":true,"href":"https:\/\/www.fitoplant.com.br\/loja\/wp-json\/wp\/v2\/product_tag?post=3126"}],"curies":[{"name":"wp","href":"https:\/\/api.w.org\/{rel}","templated":true}]}}