{"id":2860,"date":"2021-03-23T12:33:46","date_gmt":"2021-03-23T15:33:46","guid":{"rendered":"https:\/\/fitomania.com.br\/?post_type=product&#038;p=2860"},"modified":"2026-05-06T15:27:52","modified_gmt":"2026-05-06T18:27:52","slug":"vitamina-k2-400mg-30caps","status":"publish","type":"product","link":"https:\/\/www.fitoplant.com.br\/loja\/produto\/vitamina-k2-400mg-30caps\/","title":{"rendered":"Vitamina K2 400mg 30Caps<span class=\"codevz-product-category-after-title\">Vitaminas<\/span>"},"content":{"rendered":"<p>A Vitamina K2 est\u00e1 presente principalmente em vegetais verde escuros. Ela ativa prote\u00ednas que desempenham um papel na coagula\u00e7\u00e3o do sangue (evita hemorragia). Promove a calcifica\u00e7\u00e3o dos ossos, prevenindo a osteoporose; \u00c9 importante para a sa\u00fade do cora\u00e7\u00e3o, pois evita que o c\u00e1lcio seja depositado nas art\u00e9rias, prevenindo a calcifica\u00e7\u00e3o arterial. \u00c9 importante lembrar que \u00e9 preciso ter uma boa ingest\u00e3o de c\u00e1lcio na dieta, para que esse mineral esteja em quantidade suficiente para fortalecer ossos e dentes.<\/p>\n<p><strong>INGREDIENTES:<\/strong><\/p>\n<p>\u00d3leo de soja e menaquinona-7<\/p>\n<p><strong>COMPOSI\u00c7\u00c3O DA C\u00c1PSULA:<\/strong><\/p>\n<p>Gelatina, \u00e1gua purificada, umectante glicerina corantes amarelo quinole\u00edna, verde r\u00e1pido e di\u00f3xido de tit\u00e2nio.<\/p>\n<p>PRODUTO DISPENSADO DE REGISTRO CONFORME RDC 240\/2018<\/p>\n<p>REF: 1549<\/p>\n","protected":false},"excerpt":{"rendered":"<p>Vitamina K2, essencial para a coagula\u00e7\u00e3o do sangue e a sa\u00fade &#8230; <\/p>\n","protected":false},"featured_media":4707,"comment_status":"open","ping_status":"closed","template":"","meta":[],"product_brand":[],"product_cat":[58,15],"product_tag":[152,211,78,212,209,210,75,150,96],"class_list":{"0":"post-2860","1":"product","2":"type-product","3":"status-publish","4":"has-post-thumbnail","6":"product_cat-vitaminas","7":"product_cat-novidades","8":"product_tag-bcaa","9":"product_tag-calcificacao-arterial","10":"product_tag-fitoplant","11":"product_tag-osteoporose","12":"product_tag-sangue","13":"product_tag-saude-ossea","14":"product_tag-verao","15":"product_tag-vitamina-k2","16":"product_tag-vitaminas","18":"first","19":"outofstock","20":"taxable","21":"shipping-taxable","22":"purchasable","23":"product-type-simple"},"yoast_head":"<!-- This site is optimized with the Yoast SEO plugin v27.5 - https:\/\/yoast.com\/product\/yoast-seo-wordpress\/ -->\n<title>Vitamina K2 400mg 30Caps - Loja Fitoplant<\/title>\n<meta name=\"description\" content=\"Vitamina K2 \u00e9 essencial para a coagula\u00e7\u00e3o do sangue e a sa\u00fade \u00f3ssea, ajuda a prevenir a calcifica\u00e7\u00e3o arterial e a osteoporose.\" \/>\n<meta name=\"robots\" content=\"index, follow, max-snippet:-1, max-image-preview:large, max-video-preview:-1\" \/>\n<link rel=\"canonical\" href=\"https:\/\/www.fitoplant.com.br\/loja\/produto\/vitamina-k2-400mg-30caps\/\" \/>\n<meta property=\"og:locale\" content=\"pt_BR\" \/>\n<meta property=\"og:type\" content=\"article\" \/>\n<meta property=\"og:title\" content=\"Vitamina K2 400mg 30Caps - Loja Fitoplant\" \/>\n<meta property=\"og:description\" content=\"Vitamina K2 \u00e9 essencial para a coagula\u00e7\u00e3o do sangue e a sa\u00fade \u00f3ssea, ajuda a prevenir a calcifica\u00e7\u00e3o arterial e a osteoporose.\" \/>\n<meta property=\"og:url\" content=\"https:\/\/www.fitoplant.com.br\/loja\/produto\/vitamina-k2-400mg-30caps\/\" \/>\n<meta property=\"og:site_name\" content=\"Loja Fitoplant\" \/>\n<meta property=\"article:publisher\" content=\"https:\/\/www.facebook.com\/fitoplantsuplementos\/\" \/>\n<meta property=\"article:modified_time\" content=\"2026-05-06T18:27:52+00:00\" \/>\n<meta property=\"og:image\" content=\"https:\/\/www.fitoplant.com.br\/loja\/wp-content\/uploads\/2021\/03\/Vitamina_k2_Fitoplant_250mg_30Caps-1.png\" \/>\n\t<meta property=\"og:image:width\" content=\"1800\" \/>\n\t<meta property=\"og:image:height\" content=\"1800\" \/>\n\t<meta property=\"og:image:type\" content=\"image\/png\" \/>\n<meta name=\"twitter:card\" content=\"summary_large_image\" \/>\n<meta name=\"twitter:label1\" content=\"Est. tempo de leitura\" \/>\n\t<meta name=\"twitter:data1\" content=\"1 minuto\" \/>\n<script type=\"application\/ld+json\" class=\"yoast-schema-graph\">{\"@context\":\"https:\\\/\\\/schema.org\",\"@graph\":[{\"@type\":[\"WebPage\",\"ItemPage\"],\"@id\":\"https:\\\/\\\/www.fitoplant.com.br\\\/loja\\\/produto\\\/vitamina-k2-400mg-30caps\\\/\",\"url\":\"https:\\\/\\\/www.fitoplant.com.br\\\/loja\\\/produto\\\/vitamina-k2-400mg-30caps\\\/\",\"name\":\"Vitamina K2 400mg 30Caps - Loja Fitoplant\",\"isPartOf\":{\"@id\":\"https:\\\/\\\/www.fitoplant.com.br\\\/loja\\\/#website\"},\"primaryImageOfPage\":{\"@id\":\"https:\\\/\\\/www.fitoplant.com.br\\\/loja\\\/produto\\\/vitamina-k2-400mg-30caps\\\/#primaryimage\"},\"image\":{\"@id\":\"https:\\\/\\\/www.fitoplant.com.br\\\/loja\\\/produto\\\/vitamina-k2-400mg-30caps\\\/#primaryimage\"},\"thumbnailUrl\":\"https:\\\/\\\/www.fitoplant.com.br\\\/loja\\\/wp-content\\\/uploads\\\/2021\\\/03\\\/Vitamina_k2_Fitoplant_250mg_30Caps-1.png\",\"datePublished\":\"2021-03-23T15:33:46+00:00\",\"dateModified\":\"2026-05-06T18:27:52+00:00\",\"description\":\"Vitamina K2 \u00e9 essencial para a coagula\u00e7\u00e3o do sangue e a sa\u00fade \u00f3ssea, ajuda a prevenir a calcifica\u00e7\u00e3o arterial e a osteoporose.\",\"breadcrumb\":{\"@id\":\"https:\\\/\\\/www.fitoplant.com.br\\\/loja\\\/produto\\\/vitamina-k2-400mg-30caps\\\/#breadcrumb\"},\"inLanguage\":\"pt-BR\",\"potentialAction\":[{\"@type\":\"ReadAction\",\"target\":[\"https:\\\/\\\/www.fitoplant.com.br\\\/loja\\\/produto\\\/vitamina-k2-400mg-30caps\\\/\"]}]},{\"@type\":\"ImageObject\",\"inLanguage\":\"pt-BR\",\"@id\":\"https:\\\/\\\/www.fitoplant.com.br\\\/loja\\\/produto\\\/vitamina-k2-400mg-30caps\\\/#primaryimage\",\"url\":\"https:\\\/\\\/www.fitoplant.com.br\\\/loja\\\/wp-content\\\/uploads\\\/2021\\\/03\\\/Vitamina_k2_Fitoplant_250mg_30Caps-1.png\",\"contentUrl\":\"https:\\\/\\\/www.fitoplant.com.br\\\/loja\\\/wp-content\\\/uploads\\\/2021\\\/03\\\/Vitamina_k2_Fitoplant_250mg_30Caps-1.png\",\"width\":1800,\"height\":1800},{\"@type\":\"BreadcrumbList\",\"@id\":\"https:\\\/\\\/www.fitoplant.com.br\\\/loja\\\/produto\\\/vitamina-k2-400mg-30caps\\\/#breadcrumb\",\"itemListElement\":[{\"@type\":\"ListItem\",\"position\":1,\"name\":\"In\u00edcio\",\"item\":\"https:\\\/\\\/www.fitoplant.com.br\\\/loja\\\/\"},{\"@type\":\"ListItem\",\"position\":2,\"name\":\"Produtos\",\"item\":\"https:\\\/\\\/www.fitoplant.com.br\\\/loja\\\/produtos\\\/\"},{\"@type\":\"ListItem\",\"position\":3,\"name\":\"Vitamina K2 400mg 30Caps\"}]},{\"@type\":\"WebSite\",\"@id\":\"https:\\\/\\\/www.fitoplant.com.br\\\/loja\\\/#website\",\"url\":\"https:\\\/\\\/www.fitoplant.com.br\\\/loja\\\/\",\"name\":\"Loja Fitoplant\",\"description\":\"Suplementos Alimentares\",\"publisher\":{\"@id\":\"https:\\\/\\\/www.fitoplant.com.br\\\/loja\\\/#organization\"},\"alternateName\":\"Loja Fitoplant\",\"potentialAction\":[{\"@type\":\"SearchAction\",\"target\":{\"@type\":\"EntryPoint\",\"urlTemplate\":\"https:\\\/\\\/www.fitoplant.com.br\\\/loja\\\/?s={search_term_string}\"},\"query-input\":{\"@type\":\"PropertyValueSpecification\",\"valueRequired\":true,\"valueName\":\"search_term_string\"}}],\"inLanguage\":\"pt-BR\"},{\"@type\":\"Organization\",\"@id\":\"https:\\\/\\\/www.fitoplant.com.br\\\/loja\\\/#organization\",\"name\":\"Loja Fitoplant\",\"alternateName\":\"Loja Fitoplant\",\"url\":\"https:\\\/\\\/www.fitoplant.com.br\\\/loja\\\/\",\"logo\":{\"@type\":\"ImageObject\",\"inLanguage\":\"pt-BR\",\"@id\":\"https:\\\/\\\/www.fitoplant.com.br\\\/loja\\\/#\\\/schema\\\/logo\\\/image\\\/\",\"url\":\"https:\\\/\\\/www.fitoplant.com.br\\\/loja\\\/wp-content\\\/uploads\\\/2024\\\/07\\\/favicon.png\",\"contentUrl\":\"https:\\\/\\\/www.fitoplant.com.br\\\/loja\\\/wp-content\\\/uploads\\\/2024\\\/07\\\/favicon.png\",\"width\":60,\"height\":60,\"caption\":\"Loja Fitoplant\"},\"image\":{\"@id\":\"https:\\\/\\\/www.fitoplant.com.br\\\/loja\\\/#\\\/schema\\\/logo\\\/image\\\/\"},\"sameAs\":[\"https:\\\/\\\/www.facebook.com\\\/fitoplantsuplementos\\\/\",\"https:\\\/\\\/www.instagram.com\\\/fitoplant\",\"https:\\\/\\\/www.youtube.com\\\/@fitoplant\"]}]}<\/script>\n<!-- \/ Yoast SEO plugin. -->","yoast_head_json":{"title":"Vitamina K2 400mg 30Caps - Loja Fitoplant","description":"Vitamina K2 \u00e9 essencial para a coagula\u00e7\u00e3o do sangue e a sa\u00fade \u00f3ssea, ajuda a prevenir a calcifica\u00e7\u00e3o arterial e a osteoporose.","robots":{"index":"index","follow":"follow","max-snippet":"max-snippet:-1","max-image-preview":"max-image-preview:large","max-video-preview":"max-video-preview:-1"},"canonical":"https:\/\/www.fitoplant.com.br\/loja\/produto\/vitamina-k2-400mg-30caps\/","og_locale":"pt_BR","og_type":"article","og_title":"Vitamina K2 400mg 30Caps - Loja Fitoplant","og_description":"Vitamina K2 \u00e9 essencial para a coagula\u00e7\u00e3o do sangue e a sa\u00fade \u00f3ssea, ajuda a prevenir a calcifica\u00e7\u00e3o arterial e a osteoporose.","og_url":"https:\/\/www.fitoplant.com.br\/loja\/produto\/vitamina-k2-400mg-30caps\/","og_site_name":"Loja Fitoplant","article_publisher":"https:\/\/www.facebook.com\/fitoplantsuplementos\/","article_modified_time":"2026-05-06T18:27:52+00:00","og_image":[{"width":1800,"height":1800,"url":"https:\/\/www.fitoplant.com.br\/loja\/wp-content\/uploads\/2021\/03\/Vitamina_k2_Fitoplant_250mg_30Caps-1.png","type":"image\/png"}],"twitter_card":"summary_large_image","twitter_misc":{"Est. tempo de leitura":"1 minuto"},"schema":{"@context":"https:\/\/schema.org","@graph":[{"@type":["WebPage","ItemPage"],"@id":"https:\/\/www.fitoplant.com.br\/loja\/produto\/vitamina-k2-400mg-30caps\/","url":"https:\/\/www.fitoplant.com.br\/loja\/produto\/vitamina-k2-400mg-30caps\/","name":"Vitamina K2 400mg 30Caps - Loja Fitoplant","isPartOf":{"@id":"https:\/\/www.fitoplant.com.br\/loja\/#website"},"primaryImageOfPage":{"@id":"https:\/\/www.fitoplant.com.br\/loja\/produto\/vitamina-k2-400mg-30caps\/#primaryimage"},"image":{"@id":"https:\/\/www.fitoplant.com.br\/loja\/produto\/vitamina-k2-400mg-30caps\/#primaryimage"},"thumbnailUrl":"https:\/\/www.fitoplant.com.br\/loja\/wp-content\/uploads\/2021\/03\/Vitamina_k2_Fitoplant_250mg_30Caps-1.png","datePublished":"2021-03-23T15:33:46+00:00","dateModified":"2026-05-06T18:27:52+00:00","description":"Vitamina K2 \u00e9 essencial para a coagula\u00e7\u00e3o do sangue e a sa\u00fade \u00f3ssea, ajuda a prevenir a calcifica\u00e7\u00e3o arterial e a osteoporose.","breadcrumb":{"@id":"https:\/\/www.fitoplant.com.br\/loja\/produto\/vitamina-k2-400mg-30caps\/#breadcrumb"},"inLanguage":"pt-BR","potentialAction":[{"@type":"ReadAction","target":["https:\/\/www.fitoplant.com.br\/loja\/produto\/vitamina-k2-400mg-30caps\/"]}]},{"@type":"ImageObject","inLanguage":"pt-BR","@id":"https:\/\/www.fitoplant.com.br\/loja\/produto\/vitamina-k2-400mg-30caps\/#primaryimage","url":"https:\/\/www.fitoplant.com.br\/loja\/wp-content\/uploads\/2021\/03\/Vitamina_k2_Fitoplant_250mg_30Caps-1.png","contentUrl":"https:\/\/www.fitoplant.com.br\/loja\/wp-content\/uploads\/2021\/03\/Vitamina_k2_Fitoplant_250mg_30Caps-1.png","width":1800,"height":1800},{"@type":"BreadcrumbList","@id":"https:\/\/www.fitoplant.com.br\/loja\/produto\/vitamina-k2-400mg-30caps\/#breadcrumb","itemListElement":[{"@type":"ListItem","position":1,"name":"In\u00edcio","item":"https:\/\/www.fitoplant.com.br\/loja\/"},{"@type":"ListItem","position":2,"name":"Produtos","item":"https:\/\/www.fitoplant.com.br\/loja\/produtos\/"},{"@type":"ListItem","position":3,"name":"Vitamina K2 400mg 30Caps"}]},{"@type":"WebSite","@id":"https:\/\/www.fitoplant.com.br\/loja\/#website","url":"https:\/\/www.fitoplant.com.br\/loja\/","name":"Loja Fitoplant","description":"Suplementos Alimentares","publisher":{"@id":"https:\/\/www.fitoplant.com.br\/loja\/#organization"},"alternateName":"Loja Fitoplant","potentialAction":[{"@type":"SearchAction","target":{"@type":"EntryPoint","urlTemplate":"https:\/\/www.fitoplant.com.br\/loja\/?s={search_term_string}"},"query-input":{"@type":"PropertyValueSpecification","valueRequired":true,"valueName":"search_term_string"}}],"inLanguage":"pt-BR"},{"@type":"Organization","@id":"https:\/\/www.fitoplant.com.br\/loja\/#organization","name":"Loja Fitoplant","alternateName":"Loja Fitoplant","url":"https:\/\/www.fitoplant.com.br\/loja\/","logo":{"@type":"ImageObject","inLanguage":"pt-BR","@id":"https:\/\/www.fitoplant.com.br\/loja\/#\/schema\/logo\/image\/","url":"https:\/\/www.fitoplant.com.br\/loja\/wp-content\/uploads\/2024\/07\/favicon.png","contentUrl":"https:\/\/www.fitoplant.com.br\/loja\/wp-content\/uploads\/2024\/07\/favicon.png","width":60,"height":60,"caption":"Loja Fitoplant"},"image":{"@id":"https:\/\/www.fitoplant.com.br\/loja\/#\/schema\/logo\/image\/"},"sameAs":["https:\/\/www.facebook.com\/fitoplantsuplementos\/","https:\/\/www.instagram.com\/fitoplant","https:\/\/www.youtube.com\/@fitoplant"]}]}},"_links":{"self":[{"href":"https:\/\/www.fitoplant.com.br\/loja\/wp-json\/wp\/v2\/product\/2860","targetHints":{"allow":["GET"]}}],"collection":[{"href":"https:\/\/www.fitoplant.com.br\/loja\/wp-json\/wp\/v2\/product"}],"about":[{"href":"https:\/\/www.fitoplant.com.br\/loja\/wp-json\/wp\/v2\/types\/product"}],"replies":[{"embeddable":true,"href":"https:\/\/www.fitoplant.com.br\/loja\/wp-json\/wp\/v2\/comments?post=2860"}],"wp:featuredmedia":[{"embeddable":true,"href":"https:\/\/www.fitoplant.com.br\/loja\/wp-json\/wp\/v2\/media\/4707"}],"wp:attachment":[{"href":"https:\/\/www.fitoplant.com.br\/loja\/wp-json\/wp\/v2\/media?parent=2860"}],"wp:term":[{"taxonomy":"product_brand","embeddable":true,"href":"https:\/\/www.fitoplant.com.br\/loja\/wp-json\/wp\/v2\/product_brand?post=2860"},{"taxonomy":"product_cat","embeddable":true,"href":"https:\/\/www.fitoplant.com.br\/loja\/wp-json\/wp\/v2\/product_cat?post=2860"},{"taxonomy":"product_tag","embeddable":true,"href":"https:\/\/www.fitoplant.com.br\/loja\/wp-json\/wp\/v2\/product_tag?post=2860"}],"curies":[{"name":"wp","href":"https:\/\/api.w.org\/{rel}","templated":true}]}}