{"id":2859,"date":"2021-03-23T12:31:20","date_gmt":"2021-03-23T15:31:20","guid":{"rendered":"https:\/\/fitomania.com.br\/?post_type=product&#038;p=2859"},"modified":"2025-10-24T11:30:59","modified_gmt":"2025-10-24T14:30:59","slug":"biotina-380mg-30caps","status":"publish","type":"product","link":"https:\/\/www.fitoplant.com.br\/loja\/produto\/biotina-380mg-30caps\/","title":{"rendered":"Biotina 380mg 30Caps<span class=\"codevz-product-category-after-title\">Beleza<\/span>"},"content":{"rendered":"<p>Biotina \u00e9 uma vitamina essencial do complexo B, tamb\u00e9m conhecida com vitamina B7 ou H. que desempenham diversas fun\u00e7\u00f5es no organismo, ajudando a manter a sa\u00fade da pele, cabelo.<\/p>\n<p>REF.: 1551<\/p>\n","protected":false},"excerpt":{"rendered":"<p>Vitamina essencial do complexo B, tamb\u00e9m conhecida como vitamina B7 ou &#8230; <\/p>\n","protected":false},"featured_media":4708,"comment_status":"open","ping_status":"closed","template":"","meta":[],"product_brand":[],"product_cat":[68,58,15],"product_tag":[122,78,154,197,202,75,187,230,231],"class_list":{"0":"post-2859","1":"product","2":"type-product","3":"status-publish","4":"has-post-thumbnail","6":"product_cat-beleza","7":"product_cat-vitaminas","8":"product_cat-novidades","9":"product_tag-cabelo","10":"product_tag-fitoplant","11":"product_tag-l-carnitina","12":"product_tag-metabolismo","13":"product_tag-pele","14":"product_tag-verao","15":"product_tag-vitamina","16":"product_tag-vitamina-b7","17":"product_tag-vitamina-h","19":"first","20":"outofstock","21":"taxable","22":"shipping-taxable","23":"purchasable","24":"product-type-simple"},"yoast_head":"<!-- This site is optimized with the Yoast SEO plugin v27.3 - https:\/\/yoast.com\/product\/yoast-seo-wordpress\/ -->\n<title>Biotina 380mg 30Caps - Loja Fitoplant<\/title>\n<meta name=\"description\" content=\"Biotina \u00e9 uma vitamina essencial conhecida como vitamina B7 ou H. Ajuda a manter a sa\u00fade da pele e do cabelo, al\u00e9m de contribuir para a fun\u00e7\u00e3o metab\u00f3lica.\" \/>\n<meta name=\"robots\" content=\"index, follow, max-snippet:-1, max-image-preview:large, max-video-preview:-1\" \/>\n<link rel=\"canonical\" href=\"https:\/\/www.fitoplant.com.br\/loja\/produto\/biotina-380mg-30caps\/\" \/>\n<meta property=\"og:locale\" content=\"pt_BR\" \/>\n<meta property=\"og:type\" content=\"article\" \/>\n<meta property=\"og:title\" content=\"Biotina 380mg 30Caps - Loja Fitoplant\" \/>\n<meta property=\"og:description\" content=\"Biotina \u00e9 uma vitamina essencial conhecida como vitamina B7 ou H. Ajuda a manter a sa\u00fade da pele e do cabelo, al\u00e9m de contribuir para a fun\u00e7\u00e3o metab\u00f3lica.\" \/>\n<meta property=\"og:url\" content=\"https:\/\/www.fitoplant.com.br\/loja\/produto\/biotina-380mg-30caps\/\" \/>\n<meta property=\"og:site_name\" content=\"Loja Fitoplant\" \/>\n<meta property=\"article:publisher\" content=\"https:\/\/www.facebook.com\/fitoplantsuplementos\/\" \/>\n<meta property=\"article:modified_time\" content=\"2025-10-24T14:30:59+00:00\" \/>\n<meta property=\"og:image\" content=\"https:\/\/www.fitoplant.com.br\/loja\/wp-content\/uploads\/2021\/03\/Biotina_Fitoplant_380mg_30caps-1.png\" \/>\n\t<meta property=\"og:image:width\" content=\"1800\" \/>\n\t<meta property=\"og:image:height\" content=\"1800\" \/>\n\t<meta property=\"og:image:type\" content=\"image\/png\" \/>\n<meta name=\"twitter:card\" content=\"summary_large_image\" \/>\n<meta name=\"twitter:label1\" content=\"Est. tempo de leitura\" \/>\n\t<meta name=\"twitter:data1\" content=\"1 minuto\" \/>\n<script type=\"application\/ld+json\" class=\"yoast-schema-graph\">{\"@context\":\"https:\\\/\\\/schema.org\",\"@graph\":[{\"@type\":[\"WebPage\",\"ItemPage\"],\"@id\":\"https:\\\/\\\/www.fitoplant.com.br\\\/loja\\\/produto\\\/biotina-380mg-30caps\\\/\",\"url\":\"https:\\\/\\\/www.fitoplant.com.br\\\/loja\\\/produto\\\/biotina-380mg-30caps\\\/\",\"name\":\"Biotina 380mg 30Caps - Loja Fitoplant\",\"isPartOf\":{\"@id\":\"https:\\\/\\\/www.fitoplant.com.br\\\/loja\\\/#website\"},\"primaryImageOfPage\":{\"@id\":\"https:\\\/\\\/www.fitoplant.com.br\\\/loja\\\/produto\\\/biotina-380mg-30caps\\\/#primaryimage\"},\"image\":{\"@id\":\"https:\\\/\\\/www.fitoplant.com.br\\\/loja\\\/produto\\\/biotina-380mg-30caps\\\/#primaryimage\"},\"thumbnailUrl\":\"https:\\\/\\\/www.fitoplant.com.br\\\/loja\\\/wp-content\\\/uploads\\\/2021\\\/03\\\/Biotina_Fitoplant_380mg_30caps-1.png\",\"datePublished\":\"2021-03-23T15:31:20+00:00\",\"dateModified\":\"2025-10-24T14:30:59+00:00\",\"description\":\"Biotina \u00e9 uma vitamina essencial conhecida como vitamina B7 ou H. Ajuda a manter a sa\u00fade da pele e do cabelo, al\u00e9m de contribuir para a fun\u00e7\u00e3o metab\u00f3lica.\",\"breadcrumb\":{\"@id\":\"https:\\\/\\\/www.fitoplant.com.br\\\/loja\\\/produto\\\/biotina-380mg-30caps\\\/#breadcrumb\"},\"inLanguage\":\"pt-BR\",\"potentialAction\":[{\"@type\":\"ReadAction\",\"target\":[\"https:\\\/\\\/www.fitoplant.com.br\\\/loja\\\/produto\\\/biotina-380mg-30caps\\\/\"]}]},{\"@type\":\"ImageObject\",\"inLanguage\":\"pt-BR\",\"@id\":\"https:\\\/\\\/www.fitoplant.com.br\\\/loja\\\/produto\\\/biotina-380mg-30caps\\\/#primaryimage\",\"url\":\"https:\\\/\\\/www.fitoplant.com.br\\\/loja\\\/wp-content\\\/uploads\\\/2021\\\/03\\\/Biotina_Fitoplant_380mg_30caps-1.png\",\"contentUrl\":\"https:\\\/\\\/www.fitoplant.com.br\\\/loja\\\/wp-content\\\/uploads\\\/2021\\\/03\\\/Biotina_Fitoplant_380mg_30caps-1.png\",\"width\":1800,\"height\":1800},{\"@type\":\"BreadcrumbList\",\"@id\":\"https:\\\/\\\/www.fitoplant.com.br\\\/loja\\\/produto\\\/biotina-380mg-30caps\\\/#breadcrumb\",\"itemListElement\":[{\"@type\":\"ListItem\",\"position\":1,\"name\":\"In\u00edcio\",\"item\":\"https:\\\/\\\/www.fitoplant.com.br\\\/loja\\\/\"},{\"@type\":\"ListItem\",\"position\":2,\"name\":\"Produtos\",\"item\":\"https:\\\/\\\/www.fitoplant.com.br\\\/loja\\\/produtos\\\/\"},{\"@type\":\"ListItem\",\"position\":3,\"name\":\"Biotina 380mg 30Caps\"}]},{\"@type\":\"WebSite\",\"@id\":\"https:\\\/\\\/www.fitoplant.com.br\\\/loja\\\/#website\",\"url\":\"https:\\\/\\\/www.fitoplant.com.br\\\/loja\\\/\",\"name\":\"Loja Fitoplant\",\"description\":\"Suplementos Alimentares\",\"publisher\":{\"@id\":\"https:\\\/\\\/www.fitoplant.com.br\\\/loja\\\/#organization\"},\"alternateName\":\"Loja Fitoplant\",\"potentialAction\":[{\"@type\":\"SearchAction\",\"target\":{\"@type\":\"EntryPoint\",\"urlTemplate\":\"https:\\\/\\\/www.fitoplant.com.br\\\/loja\\\/?s={search_term_string}\"},\"query-input\":{\"@type\":\"PropertyValueSpecification\",\"valueRequired\":true,\"valueName\":\"search_term_string\"}}],\"inLanguage\":\"pt-BR\"},{\"@type\":\"Organization\",\"@id\":\"https:\\\/\\\/www.fitoplant.com.br\\\/loja\\\/#organization\",\"name\":\"Loja Fitoplant\",\"alternateName\":\"Loja Fitoplant\",\"url\":\"https:\\\/\\\/www.fitoplant.com.br\\\/loja\\\/\",\"logo\":{\"@type\":\"ImageObject\",\"inLanguage\":\"pt-BR\",\"@id\":\"https:\\\/\\\/www.fitoplant.com.br\\\/loja\\\/#\\\/schema\\\/logo\\\/image\\\/\",\"url\":\"https:\\\/\\\/www.fitoplant.com.br\\\/loja\\\/wp-content\\\/uploads\\\/2024\\\/07\\\/favicon.png\",\"contentUrl\":\"https:\\\/\\\/www.fitoplant.com.br\\\/loja\\\/wp-content\\\/uploads\\\/2024\\\/07\\\/favicon.png\",\"width\":60,\"height\":60,\"caption\":\"Loja Fitoplant\"},\"image\":{\"@id\":\"https:\\\/\\\/www.fitoplant.com.br\\\/loja\\\/#\\\/schema\\\/logo\\\/image\\\/\"},\"sameAs\":[\"https:\\\/\\\/www.facebook.com\\\/fitoplantsuplementos\\\/\",\"https:\\\/\\\/www.instagram.com\\\/fitoplant\",\"https:\\\/\\\/www.youtube.com\\\/@fitoplant\"]}]}<\/script>\n<!-- \/ Yoast SEO plugin. -->","yoast_head_json":{"title":"Biotina 380mg 30Caps - Loja Fitoplant","description":"Biotina \u00e9 uma vitamina essencial conhecida como vitamina B7 ou H. Ajuda a manter a sa\u00fade da pele e do cabelo, al\u00e9m de contribuir para a fun\u00e7\u00e3o metab\u00f3lica.","robots":{"index":"index","follow":"follow","max-snippet":"max-snippet:-1","max-image-preview":"max-image-preview:large","max-video-preview":"max-video-preview:-1"},"canonical":"https:\/\/www.fitoplant.com.br\/loja\/produto\/biotina-380mg-30caps\/","og_locale":"pt_BR","og_type":"article","og_title":"Biotina 380mg 30Caps - Loja Fitoplant","og_description":"Biotina \u00e9 uma vitamina essencial conhecida como vitamina B7 ou H. Ajuda a manter a sa\u00fade da pele e do cabelo, al\u00e9m de contribuir para a fun\u00e7\u00e3o metab\u00f3lica.","og_url":"https:\/\/www.fitoplant.com.br\/loja\/produto\/biotina-380mg-30caps\/","og_site_name":"Loja Fitoplant","article_publisher":"https:\/\/www.facebook.com\/fitoplantsuplementos\/","article_modified_time":"2025-10-24T14:30:59+00:00","og_image":[{"width":1800,"height":1800,"url":"https:\/\/www.fitoplant.com.br\/loja\/wp-content\/uploads\/2021\/03\/Biotina_Fitoplant_380mg_30caps-1.png","type":"image\/png"}],"twitter_card":"summary_large_image","twitter_misc":{"Est. tempo de leitura":"1 minuto"},"schema":{"@context":"https:\/\/schema.org","@graph":[{"@type":["WebPage","ItemPage"],"@id":"https:\/\/www.fitoplant.com.br\/loja\/produto\/biotina-380mg-30caps\/","url":"https:\/\/www.fitoplant.com.br\/loja\/produto\/biotina-380mg-30caps\/","name":"Biotina 380mg 30Caps - Loja Fitoplant","isPartOf":{"@id":"https:\/\/www.fitoplant.com.br\/loja\/#website"},"primaryImageOfPage":{"@id":"https:\/\/www.fitoplant.com.br\/loja\/produto\/biotina-380mg-30caps\/#primaryimage"},"image":{"@id":"https:\/\/www.fitoplant.com.br\/loja\/produto\/biotina-380mg-30caps\/#primaryimage"},"thumbnailUrl":"https:\/\/www.fitoplant.com.br\/loja\/wp-content\/uploads\/2021\/03\/Biotina_Fitoplant_380mg_30caps-1.png","datePublished":"2021-03-23T15:31:20+00:00","dateModified":"2025-10-24T14:30:59+00:00","description":"Biotina \u00e9 uma vitamina essencial conhecida como vitamina B7 ou H. Ajuda a manter a sa\u00fade da pele e do cabelo, al\u00e9m de contribuir para a fun\u00e7\u00e3o metab\u00f3lica.","breadcrumb":{"@id":"https:\/\/www.fitoplant.com.br\/loja\/produto\/biotina-380mg-30caps\/#breadcrumb"},"inLanguage":"pt-BR","potentialAction":[{"@type":"ReadAction","target":["https:\/\/www.fitoplant.com.br\/loja\/produto\/biotina-380mg-30caps\/"]}]},{"@type":"ImageObject","inLanguage":"pt-BR","@id":"https:\/\/www.fitoplant.com.br\/loja\/produto\/biotina-380mg-30caps\/#primaryimage","url":"https:\/\/www.fitoplant.com.br\/loja\/wp-content\/uploads\/2021\/03\/Biotina_Fitoplant_380mg_30caps-1.png","contentUrl":"https:\/\/www.fitoplant.com.br\/loja\/wp-content\/uploads\/2021\/03\/Biotina_Fitoplant_380mg_30caps-1.png","width":1800,"height":1800},{"@type":"BreadcrumbList","@id":"https:\/\/www.fitoplant.com.br\/loja\/produto\/biotina-380mg-30caps\/#breadcrumb","itemListElement":[{"@type":"ListItem","position":1,"name":"In\u00edcio","item":"https:\/\/www.fitoplant.com.br\/loja\/"},{"@type":"ListItem","position":2,"name":"Produtos","item":"https:\/\/www.fitoplant.com.br\/loja\/produtos\/"},{"@type":"ListItem","position":3,"name":"Biotina 380mg 30Caps"}]},{"@type":"WebSite","@id":"https:\/\/www.fitoplant.com.br\/loja\/#website","url":"https:\/\/www.fitoplant.com.br\/loja\/","name":"Loja Fitoplant","description":"Suplementos Alimentares","publisher":{"@id":"https:\/\/www.fitoplant.com.br\/loja\/#organization"},"alternateName":"Loja Fitoplant","potentialAction":[{"@type":"SearchAction","target":{"@type":"EntryPoint","urlTemplate":"https:\/\/www.fitoplant.com.br\/loja\/?s={search_term_string}"},"query-input":{"@type":"PropertyValueSpecification","valueRequired":true,"valueName":"search_term_string"}}],"inLanguage":"pt-BR"},{"@type":"Organization","@id":"https:\/\/www.fitoplant.com.br\/loja\/#organization","name":"Loja Fitoplant","alternateName":"Loja Fitoplant","url":"https:\/\/www.fitoplant.com.br\/loja\/","logo":{"@type":"ImageObject","inLanguage":"pt-BR","@id":"https:\/\/www.fitoplant.com.br\/loja\/#\/schema\/logo\/image\/","url":"https:\/\/www.fitoplant.com.br\/loja\/wp-content\/uploads\/2024\/07\/favicon.png","contentUrl":"https:\/\/www.fitoplant.com.br\/loja\/wp-content\/uploads\/2024\/07\/favicon.png","width":60,"height":60,"caption":"Loja Fitoplant"},"image":{"@id":"https:\/\/www.fitoplant.com.br\/loja\/#\/schema\/logo\/image\/"},"sameAs":["https:\/\/www.facebook.com\/fitoplantsuplementos\/","https:\/\/www.instagram.com\/fitoplant","https:\/\/www.youtube.com\/@fitoplant"]}]}},"_links":{"self":[{"href":"https:\/\/www.fitoplant.com.br\/loja\/wp-json\/wp\/v2\/product\/2859","targetHints":{"allow":["GET"]}}],"collection":[{"href":"https:\/\/www.fitoplant.com.br\/loja\/wp-json\/wp\/v2\/product"}],"about":[{"href":"https:\/\/www.fitoplant.com.br\/loja\/wp-json\/wp\/v2\/types\/product"}],"replies":[{"embeddable":true,"href":"https:\/\/www.fitoplant.com.br\/loja\/wp-json\/wp\/v2\/comments?post=2859"}],"wp:featuredmedia":[{"embeddable":true,"href":"https:\/\/www.fitoplant.com.br\/loja\/wp-json\/wp\/v2\/media\/4708"}],"wp:attachment":[{"href":"https:\/\/www.fitoplant.com.br\/loja\/wp-json\/wp\/v2\/media?parent=2859"}],"wp:term":[{"taxonomy":"product_brand","embeddable":true,"href":"https:\/\/www.fitoplant.com.br\/loja\/wp-json\/wp\/v2\/product_brand?post=2859"},{"taxonomy":"product_cat","embeddable":true,"href":"https:\/\/www.fitoplant.com.br\/loja\/wp-json\/wp\/v2\/product_cat?post=2859"},{"taxonomy":"product_tag","embeddable":true,"href":"https:\/\/www.fitoplant.com.br\/loja\/wp-json\/wp\/v2\/product_tag?post=2859"}],"curies":[{"name":"wp","href":"https:\/\/api.w.org\/{rel}","templated":true}]}}