{"id":2850,"date":"2021-03-23T10:44:35","date_gmt":"2021-03-23T13:44:35","guid":{"rendered":"https:\/\/fitomania.com.br\/?post_type=product&#038;p=2850"},"modified":"2025-09-04T10:30:26","modified_gmt":"2025-09-04T13:30:26","slug":"calcio-magnesio-zinco-vitamina-d-1000mg-90caps","status":"publish","type":"product","link":"https:\/\/www.fitoplant.com.br\/loja\/produto\/calcio-magnesio-zinco-vitamina-d-1000mg-90caps\/","title":{"rendered":"Ca\u0301lcio + Magne\u0301sio + Zinco + Vitamina D 1000mg 90Caps<span class=\"codevz-product-category-after-title\">Vitaminas<\/span>"},"content":{"rendered":"<p>Este suplemento alimentar \u00e9 uma combina\u00e7\u00e3o balanceada de tr\u00eas minerais e uma vitamina que juntos auxiliam na forma\u00e7\u00e3o e manuten\u00e7\u00e3o de ossos e dentes, no funcionamento muscular e neuromuscular, no equil\u00edbrio dos eletr\u00f3litos, no metabolismo energ\u00e9tico de prote\u00ednas, carboidratos e gordura, na prote\u00e7\u00e3o dos danos causados pelos radicais livres, no funcionamento do sistema imune. Fonte de zinco, que contribui na manuten\u00e7\u00e3o do cabelo, da pele e das unhas, bem como no metabolismo de prote\u00edna carboidrato e gordura.<\/p>\n<p>INGREDIENTES:<\/p>\n<p>Carbonato de c\u00e1lcio, \u00f3leo de soja, bisglicinato de magn\u00e9sio, \u00f3leo de soja, gordura vegetal, bisglicinato de zinco, colecalciferol, emulsificante lecitina de soja. ZERO GL\u00daTEN<\/p>\n<p>COMPOSI\u00c7\u00c3O DA C\u00c1PSULA:<\/p>\n<p>Gelatina, \u00e1gua purificada, umectante glicerina, corantes di\u00f3xido de tit\u00e2nio e amarelo tartrazina<\/p>\n<p>AL\u00c9RGICOS: CONT\u00c9M DERIVADOS DE SOJA<\/p>\n<p>PRODUTO DISPENSADO DE REGISTRO CONFORME RDC 240\/2018<\/p>\n<p>REF.: 1542<\/p>\n","protected":false},"excerpt":{"rendered":"<p>Suplemento com minerais e vitamina para ossos e dentes, funcionamento muscular &#8230; <\/p>\n","protected":false},"featured_media":4710,"comment_status":"open","ping_status":"closed","template":"","meta":[],"product_brand":[],"product_cat":[58],"product_tag":[122,145,78,86,129,192,213,202,123,146,96,95],"class_list":{"0":"post-2850","1":"product","2":"type-product","3":"status-publish","4":"has-post-thumbnail","6":"product_cat-vitaminas","7":"product_tag-cabelo","8":"product_tag-calcio","9":"product_tag-fitoplant","10":"product_tag-magnesio","11":"product_tag-minerais","12":"product_tag-musculos","13":"product_tag-ossos","14":"product_tag-pele","15":"product_tag-unha","16":"product_tag-vitamina-d","17":"product_tag-vitaminas","18":"product_tag-zinco","20":"first","21":"instock","22":"taxable","23":"shipping-taxable","24":"purchasable","25":"product-type-simple"},"yoast_head":"<!-- This site is optimized with the Yoast SEO plugin v27.3 - https:\/\/yoast.com\/product\/yoast-seo-wordpress\/ -->\n<title>Ca\u0301lcio + Magne\u0301sio + Zinco + Vitamina D 1000mg 90Caps - Loja Fitoplant<\/title>\n<meta name=\"description\" content=\"Ca\u0301lcio + Magne\u0301sio + Zinco + Vitamina D, uma combina\u00e7\u00e3o de tr\u00eas minerais e uma vitamina que juntos auxiliam na forma\u00e7\u00e3o e manuten\u00e7\u00e3o de ossos e dentes.\" \/>\n<meta name=\"robots\" content=\"index, follow, max-snippet:-1, max-image-preview:large, max-video-preview:-1\" \/>\n<link rel=\"canonical\" href=\"https:\/\/www.fitoplant.com.br\/loja\/produto\/calcio-magnesio-zinco-vitamina-d-1000mg-90caps\/\" \/>\n<meta property=\"og:locale\" content=\"pt_BR\" \/>\n<meta property=\"og:type\" content=\"article\" \/>\n<meta property=\"og:title\" content=\"Ca\u0301lcio + Magne\u0301sio + Zinco + Vitamina D 1000mg 90Caps - Loja Fitoplant\" \/>\n<meta property=\"og:description\" content=\"Ca\u0301lcio + Magne\u0301sio + Zinco + Vitamina D, uma combina\u00e7\u00e3o de tr\u00eas minerais e uma vitamina que juntos auxiliam na forma\u00e7\u00e3o e manuten\u00e7\u00e3o de ossos e dentes.\" \/>\n<meta property=\"og:url\" content=\"https:\/\/www.fitoplant.com.br\/loja\/produto\/calcio-magnesio-zinco-vitamina-d-1000mg-90caps\/\" \/>\n<meta property=\"og:site_name\" content=\"Loja Fitoplant\" \/>\n<meta property=\"article:publisher\" content=\"https:\/\/www.facebook.com\/fitoplantsuplementos\/\" \/>\n<meta property=\"article:modified_time\" content=\"2025-09-04T13:30:26+00:00\" \/>\n<meta property=\"og:image\" content=\"https:\/\/www.fitoplant.com.br\/loja\/wp-content\/uploads\/2021\/03\/calciomagnesiozincovitamina-d.png\" \/>\n\t<meta property=\"og:image:width\" content=\"1800\" \/>\n\t<meta property=\"og:image:height\" content=\"1800\" \/>\n\t<meta property=\"og:image:type\" content=\"image\/png\" \/>\n<meta name=\"twitter:card\" content=\"summary_large_image\" \/>\n<meta name=\"twitter:label1\" content=\"Est. tempo de leitura\" \/>\n\t<meta name=\"twitter:data1\" content=\"1 minuto\" \/>\n<script type=\"application\/ld+json\" class=\"yoast-schema-graph\">{\"@context\":\"https:\\\/\\\/schema.org\",\"@graph\":[{\"@type\":[\"WebPage\",\"ItemPage\"],\"@id\":\"https:\\\/\\\/www.fitoplant.com.br\\\/loja\\\/produto\\\/calcio-magnesio-zinco-vitamina-d-1000mg-90caps\\\/\",\"url\":\"https:\\\/\\\/www.fitoplant.com.br\\\/loja\\\/produto\\\/calcio-magnesio-zinco-vitamina-d-1000mg-90caps\\\/\",\"name\":\"Ca\u0301lcio + Magne\u0301sio + Zinco + Vitamina D 1000mg 90Caps - Loja Fitoplant\",\"isPartOf\":{\"@id\":\"https:\\\/\\\/www.fitoplant.com.br\\\/loja\\\/#website\"},\"primaryImageOfPage\":{\"@id\":\"https:\\\/\\\/www.fitoplant.com.br\\\/loja\\\/produto\\\/calcio-magnesio-zinco-vitamina-d-1000mg-90caps\\\/#primaryimage\"},\"image\":{\"@id\":\"https:\\\/\\\/www.fitoplant.com.br\\\/loja\\\/produto\\\/calcio-magnesio-zinco-vitamina-d-1000mg-90caps\\\/#primaryimage\"},\"thumbnailUrl\":\"https:\\\/\\\/www.fitoplant.com.br\\\/loja\\\/wp-content\\\/uploads\\\/2021\\\/03\\\/calciomagnesiozincovitamina-d.png\",\"datePublished\":\"2021-03-23T13:44:35+00:00\",\"dateModified\":\"2025-09-04T13:30:26+00:00\",\"description\":\"Ca\u0301lcio + Magne\u0301sio + Zinco + Vitamina D, uma combina\u00e7\u00e3o de tr\u00eas minerais e uma vitamina que juntos auxiliam na forma\u00e7\u00e3o e manuten\u00e7\u00e3o de ossos e dentes.\",\"breadcrumb\":{\"@id\":\"https:\\\/\\\/www.fitoplant.com.br\\\/loja\\\/produto\\\/calcio-magnesio-zinco-vitamina-d-1000mg-90caps\\\/#breadcrumb\"},\"inLanguage\":\"pt-BR\",\"potentialAction\":[{\"@type\":\"ReadAction\",\"target\":[\"https:\\\/\\\/www.fitoplant.com.br\\\/loja\\\/produto\\\/calcio-magnesio-zinco-vitamina-d-1000mg-90caps\\\/\"]}]},{\"@type\":\"ImageObject\",\"inLanguage\":\"pt-BR\",\"@id\":\"https:\\\/\\\/www.fitoplant.com.br\\\/loja\\\/produto\\\/calcio-magnesio-zinco-vitamina-d-1000mg-90caps\\\/#primaryimage\",\"url\":\"https:\\\/\\\/www.fitoplant.com.br\\\/loja\\\/wp-content\\\/uploads\\\/2021\\\/03\\\/calciomagnesiozincovitamina-d.png\",\"contentUrl\":\"https:\\\/\\\/www.fitoplant.com.br\\\/loja\\\/wp-content\\\/uploads\\\/2021\\\/03\\\/calciomagnesiozincovitamina-d.png\",\"width\":1800,\"height\":1800},{\"@type\":\"BreadcrumbList\",\"@id\":\"https:\\\/\\\/www.fitoplant.com.br\\\/loja\\\/produto\\\/calcio-magnesio-zinco-vitamina-d-1000mg-90caps\\\/#breadcrumb\",\"itemListElement\":[{\"@type\":\"ListItem\",\"position\":1,\"name\":\"In\u00edcio\",\"item\":\"https:\\\/\\\/www.fitoplant.com.br\\\/loja\\\/\"},{\"@type\":\"ListItem\",\"position\":2,\"name\":\"Produtos\",\"item\":\"https:\\\/\\\/www.fitoplant.com.br\\\/loja\\\/produtos\\\/\"},{\"@type\":\"ListItem\",\"position\":3,\"name\":\"Ca\u0301lcio + Magne\u0301sio + Zinco + Vitamina D 1000mg 90Caps\"}]},{\"@type\":\"WebSite\",\"@id\":\"https:\\\/\\\/www.fitoplant.com.br\\\/loja\\\/#website\",\"url\":\"https:\\\/\\\/www.fitoplant.com.br\\\/loja\\\/\",\"name\":\"Loja Fitoplant\",\"description\":\"Suplementos Alimentares\",\"publisher\":{\"@id\":\"https:\\\/\\\/www.fitoplant.com.br\\\/loja\\\/#organization\"},\"alternateName\":\"Loja Fitoplant\",\"potentialAction\":[{\"@type\":\"SearchAction\",\"target\":{\"@type\":\"EntryPoint\",\"urlTemplate\":\"https:\\\/\\\/www.fitoplant.com.br\\\/loja\\\/?s={search_term_string}\"},\"query-input\":{\"@type\":\"PropertyValueSpecification\",\"valueRequired\":true,\"valueName\":\"search_term_string\"}}],\"inLanguage\":\"pt-BR\"},{\"@type\":\"Organization\",\"@id\":\"https:\\\/\\\/www.fitoplant.com.br\\\/loja\\\/#organization\",\"name\":\"Loja Fitoplant\",\"alternateName\":\"Loja Fitoplant\",\"url\":\"https:\\\/\\\/www.fitoplant.com.br\\\/loja\\\/\",\"logo\":{\"@type\":\"ImageObject\",\"inLanguage\":\"pt-BR\",\"@id\":\"https:\\\/\\\/www.fitoplant.com.br\\\/loja\\\/#\\\/schema\\\/logo\\\/image\\\/\",\"url\":\"https:\\\/\\\/www.fitoplant.com.br\\\/loja\\\/wp-content\\\/uploads\\\/2024\\\/07\\\/favicon.png\",\"contentUrl\":\"https:\\\/\\\/www.fitoplant.com.br\\\/loja\\\/wp-content\\\/uploads\\\/2024\\\/07\\\/favicon.png\",\"width\":60,\"height\":60,\"caption\":\"Loja Fitoplant\"},\"image\":{\"@id\":\"https:\\\/\\\/www.fitoplant.com.br\\\/loja\\\/#\\\/schema\\\/logo\\\/image\\\/\"},\"sameAs\":[\"https:\\\/\\\/www.facebook.com\\\/fitoplantsuplementos\\\/\",\"https:\\\/\\\/www.instagram.com\\\/fitoplant\",\"https:\\\/\\\/www.youtube.com\\\/@fitoplant\"]}]}<\/script>\n<!-- \/ Yoast SEO plugin. -->","yoast_head_json":{"title":"Ca\u0301lcio + Magne\u0301sio + Zinco + Vitamina D 1000mg 90Caps - Loja Fitoplant","description":"Ca\u0301lcio + Magne\u0301sio + Zinco + Vitamina D, uma combina\u00e7\u00e3o de tr\u00eas minerais e uma vitamina que juntos auxiliam na forma\u00e7\u00e3o e manuten\u00e7\u00e3o de ossos e dentes.","robots":{"index":"index","follow":"follow","max-snippet":"max-snippet:-1","max-image-preview":"max-image-preview:large","max-video-preview":"max-video-preview:-1"},"canonical":"https:\/\/www.fitoplant.com.br\/loja\/produto\/calcio-magnesio-zinco-vitamina-d-1000mg-90caps\/","og_locale":"pt_BR","og_type":"article","og_title":"Ca\u0301lcio + Magne\u0301sio + Zinco + Vitamina D 1000mg 90Caps - Loja Fitoplant","og_description":"Ca\u0301lcio + Magne\u0301sio + Zinco + Vitamina D, uma combina\u00e7\u00e3o de tr\u00eas minerais e uma vitamina que juntos auxiliam na forma\u00e7\u00e3o e manuten\u00e7\u00e3o de ossos e dentes.","og_url":"https:\/\/www.fitoplant.com.br\/loja\/produto\/calcio-magnesio-zinco-vitamina-d-1000mg-90caps\/","og_site_name":"Loja Fitoplant","article_publisher":"https:\/\/www.facebook.com\/fitoplantsuplementos\/","article_modified_time":"2025-09-04T13:30:26+00:00","og_image":[{"width":1800,"height":1800,"url":"https:\/\/www.fitoplant.com.br\/loja\/wp-content\/uploads\/2021\/03\/calciomagnesiozincovitamina-d.png","type":"image\/png"}],"twitter_card":"summary_large_image","twitter_misc":{"Est. tempo de leitura":"1 minuto"},"schema":{"@context":"https:\/\/schema.org","@graph":[{"@type":["WebPage","ItemPage"],"@id":"https:\/\/www.fitoplant.com.br\/loja\/produto\/calcio-magnesio-zinco-vitamina-d-1000mg-90caps\/","url":"https:\/\/www.fitoplant.com.br\/loja\/produto\/calcio-magnesio-zinco-vitamina-d-1000mg-90caps\/","name":"Ca\u0301lcio + Magne\u0301sio + Zinco + Vitamina D 1000mg 90Caps - Loja Fitoplant","isPartOf":{"@id":"https:\/\/www.fitoplant.com.br\/loja\/#website"},"primaryImageOfPage":{"@id":"https:\/\/www.fitoplant.com.br\/loja\/produto\/calcio-magnesio-zinco-vitamina-d-1000mg-90caps\/#primaryimage"},"image":{"@id":"https:\/\/www.fitoplant.com.br\/loja\/produto\/calcio-magnesio-zinco-vitamina-d-1000mg-90caps\/#primaryimage"},"thumbnailUrl":"https:\/\/www.fitoplant.com.br\/loja\/wp-content\/uploads\/2021\/03\/calciomagnesiozincovitamina-d.png","datePublished":"2021-03-23T13:44:35+00:00","dateModified":"2025-09-04T13:30:26+00:00","description":"Ca\u0301lcio + Magne\u0301sio + Zinco + Vitamina D, uma combina\u00e7\u00e3o de tr\u00eas minerais e uma vitamina que juntos auxiliam na forma\u00e7\u00e3o e manuten\u00e7\u00e3o de ossos e dentes.","breadcrumb":{"@id":"https:\/\/www.fitoplant.com.br\/loja\/produto\/calcio-magnesio-zinco-vitamina-d-1000mg-90caps\/#breadcrumb"},"inLanguage":"pt-BR","potentialAction":[{"@type":"ReadAction","target":["https:\/\/www.fitoplant.com.br\/loja\/produto\/calcio-magnesio-zinco-vitamina-d-1000mg-90caps\/"]}]},{"@type":"ImageObject","inLanguage":"pt-BR","@id":"https:\/\/www.fitoplant.com.br\/loja\/produto\/calcio-magnesio-zinco-vitamina-d-1000mg-90caps\/#primaryimage","url":"https:\/\/www.fitoplant.com.br\/loja\/wp-content\/uploads\/2021\/03\/calciomagnesiozincovitamina-d.png","contentUrl":"https:\/\/www.fitoplant.com.br\/loja\/wp-content\/uploads\/2021\/03\/calciomagnesiozincovitamina-d.png","width":1800,"height":1800},{"@type":"BreadcrumbList","@id":"https:\/\/www.fitoplant.com.br\/loja\/produto\/calcio-magnesio-zinco-vitamina-d-1000mg-90caps\/#breadcrumb","itemListElement":[{"@type":"ListItem","position":1,"name":"In\u00edcio","item":"https:\/\/www.fitoplant.com.br\/loja\/"},{"@type":"ListItem","position":2,"name":"Produtos","item":"https:\/\/www.fitoplant.com.br\/loja\/produtos\/"},{"@type":"ListItem","position":3,"name":"Ca\u0301lcio + Magne\u0301sio + Zinco + Vitamina D 1000mg 90Caps"}]},{"@type":"WebSite","@id":"https:\/\/www.fitoplant.com.br\/loja\/#website","url":"https:\/\/www.fitoplant.com.br\/loja\/","name":"Loja Fitoplant","description":"Suplementos Alimentares","publisher":{"@id":"https:\/\/www.fitoplant.com.br\/loja\/#organization"},"alternateName":"Loja Fitoplant","potentialAction":[{"@type":"SearchAction","target":{"@type":"EntryPoint","urlTemplate":"https:\/\/www.fitoplant.com.br\/loja\/?s={search_term_string}"},"query-input":{"@type":"PropertyValueSpecification","valueRequired":true,"valueName":"search_term_string"}}],"inLanguage":"pt-BR"},{"@type":"Organization","@id":"https:\/\/www.fitoplant.com.br\/loja\/#organization","name":"Loja Fitoplant","alternateName":"Loja Fitoplant","url":"https:\/\/www.fitoplant.com.br\/loja\/","logo":{"@type":"ImageObject","inLanguage":"pt-BR","@id":"https:\/\/www.fitoplant.com.br\/loja\/#\/schema\/logo\/image\/","url":"https:\/\/www.fitoplant.com.br\/loja\/wp-content\/uploads\/2024\/07\/favicon.png","contentUrl":"https:\/\/www.fitoplant.com.br\/loja\/wp-content\/uploads\/2024\/07\/favicon.png","width":60,"height":60,"caption":"Loja Fitoplant"},"image":{"@id":"https:\/\/www.fitoplant.com.br\/loja\/#\/schema\/logo\/image\/"},"sameAs":["https:\/\/www.facebook.com\/fitoplantsuplementos\/","https:\/\/www.instagram.com\/fitoplant","https:\/\/www.youtube.com\/@fitoplant"]}]}},"_links":{"self":[{"href":"https:\/\/www.fitoplant.com.br\/loja\/wp-json\/wp\/v2\/product\/2850","targetHints":{"allow":["GET"]}}],"collection":[{"href":"https:\/\/www.fitoplant.com.br\/loja\/wp-json\/wp\/v2\/product"}],"about":[{"href":"https:\/\/www.fitoplant.com.br\/loja\/wp-json\/wp\/v2\/types\/product"}],"replies":[{"embeddable":true,"href":"https:\/\/www.fitoplant.com.br\/loja\/wp-json\/wp\/v2\/comments?post=2850"}],"wp:featuredmedia":[{"embeddable":true,"href":"https:\/\/www.fitoplant.com.br\/loja\/wp-json\/wp\/v2\/media\/4710"}],"wp:attachment":[{"href":"https:\/\/www.fitoplant.com.br\/loja\/wp-json\/wp\/v2\/media?parent=2850"}],"wp:term":[{"taxonomy":"product_brand","embeddable":true,"href":"https:\/\/www.fitoplant.com.br\/loja\/wp-json\/wp\/v2\/product_brand?post=2850"},{"taxonomy":"product_cat","embeddable":true,"href":"https:\/\/www.fitoplant.com.br\/loja\/wp-json\/wp\/v2\/product_cat?post=2850"},{"taxonomy":"product_tag","embeddable":true,"href":"https:\/\/www.fitoplant.com.br\/loja\/wp-json\/wp\/v2\/product_tag?post=2850"}],"curies":[{"name":"wp","href":"https:\/\/api.w.org\/{rel}","templated":true}]}}