{"id":2675,"date":"2020-12-13T18:53:44","date_gmt":"2020-12-13T21:53:44","guid":{"rendered":"http:\/\/fitomania.com.br\/produto\/polivitaminico\/"},"modified":"2026-04-06T15:02:28","modified_gmt":"2026-04-06T18:02:28","slug":"polivitaminico-1400mg-60caps","status":"publish","type":"product","link":"https:\/\/www.fitoplant.com.br\/loja\/produto\/polivitaminico-1400mg-60caps\/","title":{"rendered":"Polivitami\u0301nico 1400mg 60Caps<span class=\"codevz-product-category-after-title\">Vitaminas<\/span>"},"content":{"rendered":"<p>\u00c9 um polivitam\u00ednico de A a Z, com f\u00f3rmula balanceada, especialmente desenvolvida para atender as necessidades nutricionais especificas di\u00e1rias. Possui n\u00edveis ajustados de vitaminas e minerais que atendem as demandas do organismo e contribui para a manuten\u00e7\u00e3o da sa\u00fade e bem estar.<\/p>\n<p><strong>INGREDIENTES:<\/strong><\/p>\n<p>\u00d3leo de soja, \u00e1cido l-asc\u00f3rbico, DL alfa tocoferol, pirofosfato f\u00e9rrico, aspartato de zinco, nicotinamida, sulfato de mangan\u00eas, D pantotenato de c\u00e1lcio, acetato de retinol, sulfato c\u00faprico, riboflavina, cloridrato de piridoxina, nitrato de tiamina, fitomenadiona, \u00e1cido f\u00f3lico, iodeto de pot\u00e1ssio, picolinato de cromo, selenito de s\u00f3dio, D- biotina, colecalciferol e cianocobalamina, antiumectante carbonato de c\u00e1lcio, glaceante cera de abelha e emulsificante lecitina de soja.<\/p>\n<p><strong>COMPOSI\u00c7\u00c3O DA C\u00c1PSULA:<\/strong><\/p>\n<p>Gelatina, \u00e1gua purificada, umectante glicerina e corantes \u00f3xido de ferro vermelho, vermelho carmim e azorrubina.<\/p>\n<p>PRODUTO DISPENSADO DE REGISTRO CONFORME RDC 240\/2018<\/p>\n<p>AL\u00c9RGICOS: CONT\u00c9M DERIVADOS DE SOJA.<\/p>\n<p>REF.: 1536<\/p>\n","protected":false},"excerpt":{"rendered":"<p>Polivitam\u00ednico de A a Z com n\u00edveis ajustados de vitaminas e &#8230; <\/p>\n","protected":false},"featured_media":3507,"comment_status":"open","ping_status":"closed","template":"","meta":[],"product_brand":[],"product_cat":[58],"product_tag":[145,78,86,144,146,96,95],"class_list":{"0":"post-2675","1":"product","2":"type-product","3":"status-publish","4":"has-post-thumbnail","6":"product_cat-vitaminas","7":"product_tag-calcio","8":"product_tag-fitoplant","9":"product_tag-magnesio","10":"product_tag-suplemento","11":"product_tag-vitamina-d","12":"product_tag-vitaminas","13":"product_tag-zinco","15":"first","16":"instock","17":"taxable","18":"shipping-taxable","19":"purchasable","20":"product-type-simple"},"yoast_head":"<!-- This site is optimized with the Yoast SEO plugin v27.4 - https:\/\/yoast.com\/product\/yoast-seo-wordpress\/ -->\n<title>Polivitami\u0301nico 1400mg 60Caps - Loja Fitoplant<\/title>\n<meta name=\"robots\" content=\"index, follow, max-snippet:-1, max-image-preview:large, max-video-preview:-1\" \/>\n<link rel=\"canonical\" href=\"https:\/\/www.fitoplant.com.br\/loja\/produto\/polivitaminico-1400mg-60caps\/\" \/>\n<meta property=\"og:locale\" content=\"pt_BR\" \/>\n<meta property=\"og:type\" content=\"article\" \/>\n<meta property=\"og:title\" content=\"Polivitami\u0301nico 1400mg 60Caps - Loja Fitoplant\" \/>\n<meta property=\"og:description\" content=\"Polivitam\u00ednico de A a Z com n\u00edveis ajustados de vitaminas e ...\" \/>\n<meta property=\"og:url\" content=\"https:\/\/www.fitoplant.com.br\/loja\/produto\/polivitaminico-1400mg-60caps\/\" \/>\n<meta property=\"og:site_name\" content=\"Loja Fitoplant\" \/>\n<meta property=\"article:publisher\" content=\"https:\/\/www.facebook.com\/fitoplantsuplementos\/\" \/>\n<meta property=\"article:modified_time\" content=\"2026-04-06T18:02:28+00:00\" \/>\n<meta property=\"og:image\" content=\"https:\/\/www.fitoplant.com.br\/loja\/wp-content\/uploads\/2020\/12\/Polivitaminico_Fitoplant_1400mg_60Caps.png\" \/>\n\t<meta property=\"og:image:width\" content=\"1800\" \/>\n\t<meta property=\"og:image:height\" content=\"1800\" \/>\n\t<meta property=\"og:image:type\" content=\"image\/png\" \/>\n<meta name=\"twitter:card\" content=\"summary_large_image\" \/>\n<meta name=\"twitter:label1\" content=\"Est. tempo de leitura\" \/>\n\t<meta name=\"twitter:data1\" content=\"1 minuto\" \/>\n<script type=\"application\/ld+json\" class=\"yoast-schema-graph\">{\"@context\":\"https:\\\/\\\/schema.org\",\"@graph\":[{\"@type\":[\"WebPage\",\"ItemPage\"],\"@id\":\"https:\\\/\\\/www.fitoplant.com.br\\\/loja\\\/produto\\\/polivitaminico-1400mg-60caps\\\/\",\"url\":\"https:\\\/\\\/www.fitoplant.com.br\\\/loja\\\/produto\\\/polivitaminico-1400mg-60caps\\\/\",\"name\":\"Polivitami\u0301nico 1400mg 60Caps - Loja Fitoplant\",\"isPartOf\":{\"@id\":\"https:\\\/\\\/www.fitoplant.com.br\\\/loja\\\/#website\"},\"primaryImageOfPage\":{\"@id\":\"https:\\\/\\\/www.fitoplant.com.br\\\/loja\\\/produto\\\/polivitaminico-1400mg-60caps\\\/#primaryimage\"},\"image\":{\"@id\":\"https:\\\/\\\/www.fitoplant.com.br\\\/loja\\\/produto\\\/polivitaminico-1400mg-60caps\\\/#primaryimage\"},\"thumbnailUrl\":\"https:\\\/\\\/www.fitoplant.com.br\\\/loja\\\/wp-content\\\/uploads\\\/2020\\\/12\\\/Polivitaminico_Fitoplant_1400mg_60Caps.png\",\"datePublished\":\"2020-12-13T21:53:44+00:00\",\"dateModified\":\"2026-04-06T18:02:28+00:00\",\"breadcrumb\":{\"@id\":\"https:\\\/\\\/www.fitoplant.com.br\\\/loja\\\/produto\\\/polivitaminico-1400mg-60caps\\\/#breadcrumb\"},\"inLanguage\":\"pt-BR\",\"potentialAction\":[{\"@type\":\"ReadAction\",\"target\":[\"https:\\\/\\\/www.fitoplant.com.br\\\/loja\\\/produto\\\/polivitaminico-1400mg-60caps\\\/\"]}]},{\"@type\":\"ImageObject\",\"inLanguage\":\"pt-BR\",\"@id\":\"https:\\\/\\\/www.fitoplant.com.br\\\/loja\\\/produto\\\/polivitaminico-1400mg-60caps\\\/#primaryimage\",\"url\":\"https:\\\/\\\/www.fitoplant.com.br\\\/loja\\\/wp-content\\\/uploads\\\/2020\\\/12\\\/Polivitaminico_Fitoplant_1400mg_60Caps.png\",\"contentUrl\":\"https:\\\/\\\/www.fitoplant.com.br\\\/loja\\\/wp-content\\\/uploads\\\/2020\\\/12\\\/Polivitaminico_Fitoplant_1400mg_60Caps.png\",\"width\":1800,\"height\":1800},{\"@type\":\"BreadcrumbList\",\"@id\":\"https:\\\/\\\/www.fitoplant.com.br\\\/loja\\\/produto\\\/polivitaminico-1400mg-60caps\\\/#breadcrumb\",\"itemListElement\":[{\"@type\":\"ListItem\",\"position\":1,\"name\":\"In\u00edcio\",\"item\":\"https:\\\/\\\/www.fitoplant.com.br\\\/loja\\\/\"},{\"@type\":\"ListItem\",\"position\":2,\"name\":\"Produtos\",\"item\":\"https:\\\/\\\/www.fitoplant.com.br\\\/loja\\\/produtos\\\/\"},{\"@type\":\"ListItem\",\"position\":3,\"name\":\"Polivitami\u0301nico 1400mg 60Caps\"}]},{\"@type\":\"WebSite\",\"@id\":\"https:\\\/\\\/www.fitoplant.com.br\\\/loja\\\/#website\",\"url\":\"https:\\\/\\\/www.fitoplant.com.br\\\/loja\\\/\",\"name\":\"Loja Fitoplant\",\"description\":\"Suplementos Alimentares\",\"publisher\":{\"@id\":\"https:\\\/\\\/www.fitoplant.com.br\\\/loja\\\/#organization\"},\"alternateName\":\"Loja Fitoplant\",\"potentialAction\":[{\"@type\":\"SearchAction\",\"target\":{\"@type\":\"EntryPoint\",\"urlTemplate\":\"https:\\\/\\\/www.fitoplant.com.br\\\/loja\\\/?s={search_term_string}\"},\"query-input\":{\"@type\":\"PropertyValueSpecification\",\"valueRequired\":true,\"valueName\":\"search_term_string\"}}],\"inLanguage\":\"pt-BR\"},{\"@type\":\"Organization\",\"@id\":\"https:\\\/\\\/www.fitoplant.com.br\\\/loja\\\/#organization\",\"name\":\"Loja Fitoplant\",\"alternateName\":\"Loja Fitoplant\",\"url\":\"https:\\\/\\\/www.fitoplant.com.br\\\/loja\\\/\",\"logo\":{\"@type\":\"ImageObject\",\"inLanguage\":\"pt-BR\",\"@id\":\"https:\\\/\\\/www.fitoplant.com.br\\\/loja\\\/#\\\/schema\\\/logo\\\/image\\\/\",\"url\":\"https:\\\/\\\/www.fitoplant.com.br\\\/loja\\\/wp-content\\\/uploads\\\/2024\\\/07\\\/favicon.png\",\"contentUrl\":\"https:\\\/\\\/www.fitoplant.com.br\\\/loja\\\/wp-content\\\/uploads\\\/2024\\\/07\\\/favicon.png\",\"width\":60,\"height\":60,\"caption\":\"Loja Fitoplant\"},\"image\":{\"@id\":\"https:\\\/\\\/www.fitoplant.com.br\\\/loja\\\/#\\\/schema\\\/logo\\\/image\\\/\"},\"sameAs\":[\"https:\\\/\\\/www.facebook.com\\\/fitoplantsuplementos\\\/\",\"https:\\\/\\\/www.instagram.com\\\/fitoplant\",\"https:\\\/\\\/www.youtube.com\\\/@fitoplant\"]}]}<\/script>\n<!-- \/ Yoast SEO plugin. -->","yoast_head_json":{"title":"Polivitami\u0301nico 1400mg 60Caps - Loja Fitoplant","robots":{"index":"index","follow":"follow","max-snippet":"max-snippet:-1","max-image-preview":"max-image-preview:large","max-video-preview":"max-video-preview:-1"},"canonical":"https:\/\/www.fitoplant.com.br\/loja\/produto\/polivitaminico-1400mg-60caps\/","og_locale":"pt_BR","og_type":"article","og_title":"Polivitami\u0301nico 1400mg 60Caps - Loja Fitoplant","og_description":"Polivitam\u00ednico de A a Z com n\u00edveis ajustados de vitaminas e ...","og_url":"https:\/\/www.fitoplant.com.br\/loja\/produto\/polivitaminico-1400mg-60caps\/","og_site_name":"Loja Fitoplant","article_publisher":"https:\/\/www.facebook.com\/fitoplantsuplementos\/","article_modified_time":"2026-04-06T18:02:28+00:00","og_image":[{"width":1800,"height":1800,"url":"https:\/\/www.fitoplant.com.br\/loja\/wp-content\/uploads\/2020\/12\/Polivitaminico_Fitoplant_1400mg_60Caps.png","type":"image\/png"}],"twitter_card":"summary_large_image","twitter_misc":{"Est. tempo de leitura":"1 minuto"},"schema":{"@context":"https:\/\/schema.org","@graph":[{"@type":["WebPage","ItemPage"],"@id":"https:\/\/www.fitoplant.com.br\/loja\/produto\/polivitaminico-1400mg-60caps\/","url":"https:\/\/www.fitoplant.com.br\/loja\/produto\/polivitaminico-1400mg-60caps\/","name":"Polivitami\u0301nico 1400mg 60Caps - Loja Fitoplant","isPartOf":{"@id":"https:\/\/www.fitoplant.com.br\/loja\/#website"},"primaryImageOfPage":{"@id":"https:\/\/www.fitoplant.com.br\/loja\/produto\/polivitaminico-1400mg-60caps\/#primaryimage"},"image":{"@id":"https:\/\/www.fitoplant.com.br\/loja\/produto\/polivitaminico-1400mg-60caps\/#primaryimage"},"thumbnailUrl":"https:\/\/www.fitoplant.com.br\/loja\/wp-content\/uploads\/2020\/12\/Polivitaminico_Fitoplant_1400mg_60Caps.png","datePublished":"2020-12-13T21:53:44+00:00","dateModified":"2026-04-06T18:02:28+00:00","breadcrumb":{"@id":"https:\/\/www.fitoplant.com.br\/loja\/produto\/polivitaminico-1400mg-60caps\/#breadcrumb"},"inLanguage":"pt-BR","potentialAction":[{"@type":"ReadAction","target":["https:\/\/www.fitoplant.com.br\/loja\/produto\/polivitaminico-1400mg-60caps\/"]}]},{"@type":"ImageObject","inLanguage":"pt-BR","@id":"https:\/\/www.fitoplant.com.br\/loja\/produto\/polivitaminico-1400mg-60caps\/#primaryimage","url":"https:\/\/www.fitoplant.com.br\/loja\/wp-content\/uploads\/2020\/12\/Polivitaminico_Fitoplant_1400mg_60Caps.png","contentUrl":"https:\/\/www.fitoplant.com.br\/loja\/wp-content\/uploads\/2020\/12\/Polivitaminico_Fitoplant_1400mg_60Caps.png","width":1800,"height":1800},{"@type":"BreadcrumbList","@id":"https:\/\/www.fitoplant.com.br\/loja\/produto\/polivitaminico-1400mg-60caps\/#breadcrumb","itemListElement":[{"@type":"ListItem","position":1,"name":"In\u00edcio","item":"https:\/\/www.fitoplant.com.br\/loja\/"},{"@type":"ListItem","position":2,"name":"Produtos","item":"https:\/\/www.fitoplant.com.br\/loja\/produtos\/"},{"@type":"ListItem","position":3,"name":"Polivitami\u0301nico 1400mg 60Caps"}]},{"@type":"WebSite","@id":"https:\/\/www.fitoplant.com.br\/loja\/#website","url":"https:\/\/www.fitoplant.com.br\/loja\/","name":"Loja Fitoplant","description":"Suplementos Alimentares","publisher":{"@id":"https:\/\/www.fitoplant.com.br\/loja\/#organization"},"alternateName":"Loja Fitoplant","potentialAction":[{"@type":"SearchAction","target":{"@type":"EntryPoint","urlTemplate":"https:\/\/www.fitoplant.com.br\/loja\/?s={search_term_string}"},"query-input":{"@type":"PropertyValueSpecification","valueRequired":true,"valueName":"search_term_string"}}],"inLanguage":"pt-BR"},{"@type":"Organization","@id":"https:\/\/www.fitoplant.com.br\/loja\/#organization","name":"Loja Fitoplant","alternateName":"Loja Fitoplant","url":"https:\/\/www.fitoplant.com.br\/loja\/","logo":{"@type":"ImageObject","inLanguage":"pt-BR","@id":"https:\/\/www.fitoplant.com.br\/loja\/#\/schema\/logo\/image\/","url":"https:\/\/www.fitoplant.com.br\/loja\/wp-content\/uploads\/2024\/07\/favicon.png","contentUrl":"https:\/\/www.fitoplant.com.br\/loja\/wp-content\/uploads\/2024\/07\/favicon.png","width":60,"height":60,"caption":"Loja Fitoplant"},"image":{"@id":"https:\/\/www.fitoplant.com.br\/loja\/#\/schema\/logo\/image\/"},"sameAs":["https:\/\/www.facebook.com\/fitoplantsuplementos\/","https:\/\/www.instagram.com\/fitoplant","https:\/\/www.youtube.com\/@fitoplant"]}]}},"_links":{"self":[{"href":"https:\/\/www.fitoplant.com.br\/loja\/wp-json\/wp\/v2\/product\/2675","targetHints":{"allow":["GET"]}}],"collection":[{"href":"https:\/\/www.fitoplant.com.br\/loja\/wp-json\/wp\/v2\/product"}],"about":[{"href":"https:\/\/www.fitoplant.com.br\/loja\/wp-json\/wp\/v2\/types\/product"}],"replies":[{"embeddable":true,"href":"https:\/\/www.fitoplant.com.br\/loja\/wp-json\/wp\/v2\/comments?post=2675"}],"wp:featuredmedia":[{"embeddable":true,"href":"https:\/\/www.fitoplant.com.br\/loja\/wp-json\/wp\/v2\/media\/3507"}],"wp:attachment":[{"href":"https:\/\/www.fitoplant.com.br\/loja\/wp-json\/wp\/v2\/media?parent=2675"}],"wp:term":[{"taxonomy":"product_brand","embeddable":true,"href":"https:\/\/www.fitoplant.com.br\/loja\/wp-json\/wp\/v2\/product_brand?post=2675"},{"taxonomy":"product_cat","embeddable":true,"href":"https:\/\/www.fitoplant.com.br\/loja\/wp-json\/wp\/v2\/product_cat?post=2675"},{"taxonomy":"product_tag","embeddable":true,"href":"https:\/\/www.fitoplant.com.br\/loja\/wp-json\/wp\/v2\/product_tag?post=2675"}],"curies":[{"name":"wp","href":"https:\/\/api.w.org\/{rel}","templated":true}]}}