{"id":2597,"date":"2020-12-13T18:53:28","date_gmt":"2020-12-13T21:53:28","guid":{"rendered":"http:\/\/fitomania.com.br\/produto\/colageno-hidrolizado-com-vitamina-c-e-zinco\/"},"modified":"2025-09-04T10:33:52","modified_gmt":"2025-09-04T13:33:52","slug":"colageno-hidrolisado-com-vitamina-c-e-zinco-600mg-120caps","status":"publish","type":"product","link":"https:\/\/www.fitoplant.com.br\/loja\/produto\/colageno-hidrolisado-com-vitamina-c-e-zinco-600mg-120caps\/","title":{"rendered":"Cola\u0301geno Hidrolisado com Vitamina C e Zinco 600mg 120Caps<span class=\"codevz-product-category-after-title\">Rejuvenescedor<\/span>"},"content":{"rendered":"<p>Col\u00e1geno \u00e9 uma prote\u00edna e representa aproximadamente 25% da parte desses amino\u00e1cidos que formam o corpo humano. Est\u00e1 espalhado em diferentes locais como tend\u00f5es, ossos, pele e dentes. Muitas pessoas o definem como um objetivo de manter a sa\u00fade da pele.<\/p>\n<p><strong>INGREDIENTES:<\/strong><\/p>\n<p>Col\u00e1geno em p\u00f3, acido asc\u00f3rbico e bisglicinato de zinco.<\/p>\n<p><strong>COMPOSI\u00c7\u00c3O DA C\u00c1PSULA:<\/strong><\/p>\n<p>Gelatina.<\/p>\n<p>Produto dispensado de registro conforme RDC 240\/2018.<\/p>\n<p>REF.: 1016<\/p>\n","protected":false},"excerpt":{"rendered":"<p>O <strong>col\u00e1geno<\/strong> \u00e9 uma prote\u00edna que representa aproximadamente 25% dos amino\u00e1cidos &#8230; <\/p>\n","protected":false},"featured_media":4742,"comment_status":"open","ping_status":"closed","template":"","meta":[],"product_brand":[],"product_cat":[43],"product_tag":[61,78,82,202,185,94,96,95],"class_list":{"0":"post-2597","1":"product","2":"type-product","3":"status-publish","4":"has-post-thumbnail","6":"product_cat-rejuvenescedor","7":"product_tag-colageno","8":"product_tag-fitoplant","9":"product_tag-hidrolisado","10":"product_tag-pele","11":"product_tag-resistencia","12":"product_tag-vitamina-c","13":"product_tag-vitaminas","14":"product_tag-zinco","16":"first","17":"instock","18":"taxable","19":"shipping-taxable","20":"purchasable","21":"product-type-simple"},"yoast_head":"<!-- This site is optimized with the Yoast SEO plugin v27.3 - https:\/\/yoast.com\/product\/yoast-seo-wordpress\/ -->\n<title>Cola\u0301geno Hidrolisado com Vitamina C e Zinco 600mg 120Caps - Loja Fitoplant<\/title>\n<meta name=\"description\" content=\"O Cola\u0301geno Hidrolisado com Vitamina C e Zinco, para muitas pessoas \u00e9 procurado com um objetivo de manter a sa\u00fade da pele.\" \/>\n<meta name=\"robots\" content=\"index, follow, max-snippet:-1, max-image-preview:large, max-video-preview:-1\" \/>\n<link rel=\"canonical\" href=\"https:\/\/www.fitoplant.com.br\/loja\/produto\/colageno-hidrolisado-com-vitamina-c-e-zinco-600mg-120caps\/\" \/>\n<meta property=\"og:locale\" content=\"pt_BR\" \/>\n<meta property=\"og:type\" content=\"article\" \/>\n<meta property=\"og:title\" content=\"Cola\u0301geno Hidrolisado com Vitamina C e Zinco 600mg 120Caps - Loja Fitoplant\" \/>\n<meta property=\"og:description\" content=\"O Cola\u0301geno Hidrolisado com Vitamina C e Zinco, para muitas pessoas \u00e9 procurado com um objetivo de manter a sa\u00fade da pele.\" \/>\n<meta property=\"og:url\" content=\"https:\/\/www.fitoplant.com.br\/loja\/produto\/colageno-hidrolisado-com-vitamina-c-e-zinco-600mg-120caps\/\" \/>\n<meta property=\"og:site_name\" content=\"Loja Fitoplant\" \/>\n<meta property=\"article:publisher\" content=\"https:\/\/www.facebook.com\/fitoplantsuplementos\/\" \/>\n<meta property=\"article:modified_time\" content=\"2025-09-04T13:33:52+00:00\" \/>\n<meta property=\"og:image\" content=\"https:\/\/www.fitoplant.com.br\/loja\/wp-content\/uploads\/2020\/12\/Colageno_Fitoplant_120Caps-1.png\" \/>\n\t<meta property=\"og:image:width\" content=\"1800\" \/>\n\t<meta property=\"og:image:height\" content=\"1800\" \/>\n\t<meta property=\"og:image:type\" content=\"image\/png\" \/>\n<meta name=\"twitter:card\" content=\"summary_large_image\" \/>\n<meta name=\"twitter:label1\" content=\"Est. tempo de leitura\" \/>\n\t<meta name=\"twitter:data1\" content=\"1 minuto\" \/>\n<script type=\"application\/ld+json\" class=\"yoast-schema-graph\">{\"@context\":\"https:\\\/\\\/schema.org\",\"@graph\":[{\"@type\":[\"WebPage\",\"ItemPage\"],\"@id\":\"https:\\\/\\\/www.fitoplant.com.br\\\/loja\\\/produto\\\/colageno-hidrolisado-com-vitamina-c-e-zinco-600mg-120caps\\\/\",\"url\":\"https:\\\/\\\/www.fitoplant.com.br\\\/loja\\\/produto\\\/colageno-hidrolisado-com-vitamina-c-e-zinco-600mg-120caps\\\/\",\"name\":\"Cola\u0301geno Hidrolisado com Vitamina C e Zinco 600mg 120Caps - Loja Fitoplant\",\"isPartOf\":{\"@id\":\"https:\\\/\\\/www.fitoplant.com.br\\\/loja\\\/#website\"},\"primaryImageOfPage\":{\"@id\":\"https:\\\/\\\/www.fitoplant.com.br\\\/loja\\\/produto\\\/colageno-hidrolisado-com-vitamina-c-e-zinco-600mg-120caps\\\/#primaryimage\"},\"image\":{\"@id\":\"https:\\\/\\\/www.fitoplant.com.br\\\/loja\\\/produto\\\/colageno-hidrolisado-com-vitamina-c-e-zinco-600mg-120caps\\\/#primaryimage\"},\"thumbnailUrl\":\"https:\\\/\\\/www.fitoplant.com.br\\\/loja\\\/wp-content\\\/uploads\\\/2020\\\/12\\\/Colageno_Fitoplant_120Caps-1.png\",\"datePublished\":\"2020-12-13T21:53:28+00:00\",\"dateModified\":\"2025-09-04T13:33:52+00:00\",\"description\":\"O Cola\u0301geno Hidrolisado com Vitamina C e Zinco, para muitas pessoas \u00e9 procurado com um objetivo de manter a sa\u00fade da pele.\",\"breadcrumb\":{\"@id\":\"https:\\\/\\\/www.fitoplant.com.br\\\/loja\\\/produto\\\/colageno-hidrolisado-com-vitamina-c-e-zinco-600mg-120caps\\\/#breadcrumb\"},\"inLanguage\":\"pt-BR\",\"potentialAction\":[{\"@type\":\"ReadAction\",\"target\":[\"https:\\\/\\\/www.fitoplant.com.br\\\/loja\\\/produto\\\/colageno-hidrolisado-com-vitamina-c-e-zinco-600mg-120caps\\\/\"]}]},{\"@type\":\"ImageObject\",\"inLanguage\":\"pt-BR\",\"@id\":\"https:\\\/\\\/www.fitoplant.com.br\\\/loja\\\/produto\\\/colageno-hidrolisado-com-vitamina-c-e-zinco-600mg-120caps\\\/#primaryimage\",\"url\":\"https:\\\/\\\/www.fitoplant.com.br\\\/loja\\\/wp-content\\\/uploads\\\/2020\\\/12\\\/Colageno_Fitoplant_120Caps-1.png\",\"contentUrl\":\"https:\\\/\\\/www.fitoplant.com.br\\\/loja\\\/wp-content\\\/uploads\\\/2020\\\/12\\\/Colageno_Fitoplant_120Caps-1.png\",\"width\":1800,\"height\":1800},{\"@type\":\"BreadcrumbList\",\"@id\":\"https:\\\/\\\/www.fitoplant.com.br\\\/loja\\\/produto\\\/colageno-hidrolisado-com-vitamina-c-e-zinco-600mg-120caps\\\/#breadcrumb\",\"itemListElement\":[{\"@type\":\"ListItem\",\"position\":1,\"name\":\"In\u00edcio\",\"item\":\"https:\\\/\\\/www.fitoplant.com.br\\\/loja\\\/\"},{\"@type\":\"ListItem\",\"position\":2,\"name\":\"Produtos\",\"item\":\"https:\\\/\\\/www.fitoplant.com.br\\\/loja\\\/produtos\\\/\"},{\"@type\":\"ListItem\",\"position\":3,\"name\":\"Cola\u0301geno Hidrolisado com Vitamina C e Zinco 600mg 120Caps\"}]},{\"@type\":\"WebSite\",\"@id\":\"https:\\\/\\\/www.fitoplant.com.br\\\/loja\\\/#website\",\"url\":\"https:\\\/\\\/www.fitoplant.com.br\\\/loja\\\/\",\"name\":\"Loja Fitoplant\",\"description\":\"Suplementos Alimentares\",\"publisher\":{\"@id\":\"https:\\\/\\\/www.fitoplant.com.br\\\/loja\\\/#organization\"},\"alternateName\":\"Loja Fitoplant\",\"potentialAction\":[{\"@type\":\"SearchAction\",\"target\":{\"@type\":\"EntryPoint\",\"urlTemplate\":\"https:\\\/\\\/www.fitoplant.com.br\\\/loja\\\/?s={search_term_string}\"},\"query-input\":{\"@type\":\"PropertyValueSpecification\",\"valueRequired\":true,\"valueName\":\"search_term_string\"}}],\"inLanguage\":\"pt-BR\"},{\"@type\":\"Organization\",\"@id\":\"https:\\\/\\\/www.fitoplant.com.br\\\/loja\\\/#organization\",\"name\":\"Loja Fitoplant\",\"alternateName\":\"Loja Fitoplant\",\"url\":\"https:\\\/\\\/www.fitoplant.com.br\\\/loja\\\/\",\"logo\":{\"@type\":\"ImageObject\",\"inLanguage\":\"pt-BR\",\"@id\":\"https:\\\/\\\/www.fitoplant.com.br\\\/loja\\\/#\\\/schema\\\/logo\\\/image\\\/\",\"url\":\"https:\\\/\\\/www.fitoplant.com.br\\\/loja\\\/wp-content\\\/uploads\\\/2024\\\/07\\\/favicon.png\",\"contentUrl\":\"https:\\\/\\\/www.fitoplant.com.br\\\/loja\\\/wp-content\\\/uploads\\\/2024\\\/07\\\/favicon.png\",\"width\":60,\"height\":60,\"caption\":\"Loja Fitoplant\"},\"image\":{\"@id\":\"https:\\\/\\\/www.fitoplant.com.br\\\/loja\\\/#\\\/schema\\\/logo\\\/image\\\/\"},\"sameAs\":[\"https:\\\/\\\/www.facebook.com\\\/fitoplantsuplementos\\\/\",\"https:\\\/\\\/www.instagram.com\\\/fitoplant\",\"https:\\\/\\\/www.youtube.com\\\/@fitoplant\"]}]}<\/script>\n<!-- \/ Yoast SEO plugin. -->","yoast_head_json":{"title":"Cola\u0301geno Hidrolisado com Vitamina C e Zinco 600mg 120Caps - Loja Fitoplant","description":"O Cola\u0301geno Hidrolisado com Vitamina C e Zinco, para muitas pessoas \u00e9 procurado com um objetivo de manter a sa\u00fade da pele.","robots":{"index":"index","follow":"follow","max-snippet":"max-snippet:-1","max-image-preview":"max-image-preview:large","max-video-preview":"max-video-preview:-1"},"canonical":"https:\/\/www.fitoplant.com.br\/loja\/produto\/colageno-hidrolisado-com-vitamina-c-e-zinco-600mg-120caps\/","og_locale":"pt_BR","og_type":"article","og_title":"Cola\u0301geno Hidrolisado com Vitamina C e Zinco 600mg 120Caps - Loja Fitoplant","og_description":"O Cola\u0301geno Hidrolisado com Vitamina C e Zinco, para muitas pessoas \u00e9 procurado com um objetivo de manter a sa\u00fade da pele.","og_url":"https:\/\/www.fitoplant.com.br\/loja\/produto\/colageno-hidrolisado-com-vitamina-c-e-zinco-600mg-120caps\/","og_site_name":"Loja Fitoplant","article_publisher":"https:\/\/www.facebook.com\/fitoplantsuplementos\/","article_modified_time":"2025-09-04T13:33:52+00:00","og_image":[{"width":1800,"height":1800,"url":"https:\/\/www.fitoplant.com.br\/loja\/wp-content\/uploads\/2020\/12\/Colageno_Fitoplant_120Caps-1.png","type":"image\/png"}],"twitter_card":"summary_large_image","twitter_misc":{"Est. tempo de leitura":"1 minuto"},"schema":{"@context":"https:\/\/schema.org","@graph":[{"@type":["WebPage","ItemPage"],"@id":"https:\/\/www.fitoplant.com.br\/loja\/produto\/colageno-hidrolisado-com-vitamina-c-e-zinco-600mg-120caps\/","url":"https:\/\/www.fitoplant.com.br\/loja\/produto\/colageno-hidrolisado-com-vitamina-c-e-zinco-600mg-120caps\/","name":"Cola\u0301geno Hidrolisado com Vitamina C e Zinco 600mg 120Caps - Loja Fitoplant","isPartOf":{"@id":"https:\/\/www.fitoplant.com.br\/loja\/#website"},"primaryImageOfPage":{"@id":"https:\/\/www.fitoplant.com.br\/loja\/produto\/colageno-hidrolisado-com-vitamina-c-e-zinco-600mg-120caps\/#primaryimage"},"image":{"@id":"https:\/\/www.fitoplant.com.br\/loja\/produto\/colageno-hidrolisado-com-vitamina-c-e-zinco-600mg-120caps\/#primaryimage"},"thumbnailUrl":"https:\/\/www.fitoplant.com.br\/loja\/wp-content\/uploads\/2020\/12\/Colageno_Fitoplant_120Caps-1.png","datePublished":"2020-12-13T21:53:28+00:00","dateModified":"2025-09-04T13:33:52+00:00","description":"O Cola\u0301geno Hidrolisado com Vitamina C e Zinco, para muitas pessoas \u00e9 procurado com um objetivo de manter a sa\u00fade da pele.","breadcrumb":{"@id":"https:\/\/www.fitoplant.com.br\/loja\/produto\/colageno-hidrolisado-com-vitamina-c-e-zinco-600mg-120caps\/#breadcrumb"},"inLanguage":"pt-BR","potentialAction":[{"@type":"ReadAction","target":["https:\/\/www.fitoplant.com.br\/loja\/produto\/colageno-hidrolisado-com-vitamina-c-e-zinco-600mg-120caps\/"]}]},{"@type":"ImageObject","inLanguage":"pt-BR","@id":"https:\/\/www.fitoplant.com.br\/loja\/produto\/colageno-hidrolisado-com-vitamina-c-e-zinco-600mg-120caps\/#primaryimage","url":"https:\/\/www.fitoplant.com.br\/loja\/wp-content\/uploads\/2020\/12\/Colageno_Fitoplant_120Caps-1.png","contentUrl":"https:\/\/www.fitoplant.com.br\/loja\/wp-content\/uploads\/2020\/12\/Colageno_Fitoplant_120Caps-1.png","width":1800,"height":1800},{"@type":"BreadcrumbList","@id":"https:\/\/www.fitoplant.com.br\/loja\/produto\/colageno-hidrolisado-com-vitamina-c-e-zinco-600mg-120caps\/#breadcrumb","itemListElement":[{"@type":"ListItem","position":1,"name":"In\u00edcio","item":"https:\/\/www.fitoplant.com.br\/loja\/"},{"@type":"ListItem","position":2,"name":"Produtos","item":"https:\/\/www.fitoplant.com.br\/loja\/produtos\/"},{"@type":"ListItem","position":3,"name":"Cola\u0301geno Hidrolisado com Vitamina C e Zinco 600mg 120Caps"}]},{"@type":"WebSite","@id":"https:\/\/www.fitoplant.com.br\/loja\/#website","url":"https:\/\/www.fitoplant.com.br\/loja\/","name":"Loja Fitoplant","description":"Suplementos Alimentares","publisher":{"@id":"https:\/\/www.fitoplant.com.br\/loja\/#organization"},"alternateName":"Loja Fitoplant","potentialAction":[{"@type":"SearchAction","target":{"@type":"EntryPoint","urlTemplate":"https:\/\/www.fitoplant.com.br\/loja\/?s={search_term_string}"},"query-input":{"@type":"PropertyValueSpecification","valueRequired":true,"valueName":"search_term_string"}}],"inLanguage":"pt-BR"},{"@type":"Organization","@id":"https:\/\/www.fitoplant.com.br\/loja\/#organization","name":"Loja Fitoplant","alternateName":"Loja Fitoplant","url":"https:\/\/www.fitoplant.com.br\/loja\/","logo":{"@type":"ImageObject","inLanguage":"pt-BR","@id":"https:\/\/www.fitoplant.com.br\/loja\/#\/schema\/logo\/image\/","url":"https:\/\/www.fitoplant.com.br\/loja\/wp-content\/uploads\/2024\/07\/favicon.png","contentUrl":"https:\/\/www.fitoplant.com.br\/loja\/wp-content\/uploads\/2024\/07\/favicon.png","width":60,"height":60,"caption":"Loja Fitoplant"},"image":{"@id":"https:\/\/www.fitoplant.com.br\/loja\/#\/schema\/logo\/image\/"},"sameAs":["https:\/\/www.facebook.com\/fitoplantsuplementos\/","https:\/\/www.instagram.com\/fitoplant","https:\/\/www.youtube.com\/@fitoplant"]}]}},"_links":{"self":[{"href":"https:\/\/www.fitoplant.com.br\/loja\/wp-json\/wp\/v2\/product\/2597","targetHints":{"allow":["GET"]}}],"collection":[{"href":"https:\/\/www.fitoplant.com.br\/loja\/wp-json\/wp\/v2\/product"}],"about":[{"href":"https:\/\/www.fitoplant.com.br\/loja\/wp-json\/wp\/v2\/types\/product"}],"replies":[{"embeddable":true,"href":"https:\/\/www.fitoplant.com.br\/loja\/wp-json\/wp\/v2\/comments?post=2597"}],"wp:featuredmedia":[{"embeddable":true,"href":"https:\/\/www.fitoplant.com.br\/loja\/wp-json\/wp\/v2\/media\/4742"}],"wp:attachment":[{"href":"https:\/\/www.fitoplant.com.br\/loja\/wp-json\/wp\/v2\/media?parent=2597"}],"wp:term":[{"taxonomy":"product_brand","embeddable":true,"href":"https:\/\/www.fitoplant.com.br\/loja\/wp-json\/wp\/v2\/product_brand?post=2597"},{"taxonomy":"product_cat","embeddable":true,"href":"https:\/\/www.fitoplant.com.br\/loja\/wp-json\/wp\/v2\/product_cat?post=2597"},{"taxonomy":"product_tag","embeddable":true,"href":"https:\/\/www.fitoplant.com.br\/loja\/wp-json\/wp\/v2\/product_tag?post=2597"}],"curies":[{"name":"wp","href":"https:\/\/api.w.org\/{rel}","templated":true}]}}