{"id":46,"date":"2019-02-02T14:40:55","date_gmt":"2019-02-02T16:40:55","guid":{"rendered":"http:\/\/localhost\/xtra-import-01\/?page_id=3"},"modified":"2024-12-19T22:38:40","modified_gmt":"2024-12-20T01:38:40","slug":"politica-de-privacidade","status":"publish","type":"page","link":"https:\/\/www.fitoplant.com.br\/loja\/politica-de-privacidade\/","title":{"rendered":"Pol\u00edtica de privacidade"},"content":{"rendered":"\n<p><strong>SE\u00c7\u00c3O 1 &#8211; INFORMA\u00c7\u00d5ES GERAIS<\/strong><\/p>\n\n\n\n<p>A presente Pol\u00edtica de Privacidade cont\u00e9m informa\u00e7\u00f5es sobre coleta, uso, armazenamento, tratamento e prote\u00e7\u00e3o dos dados pessoais dos usu\u00e1rios e visitantes do site FITOPLANT, com a finalidade de demonstrar absoluta transpar\u00eancia quanto ao assunto e esclarecer a todos interessados sobre os tipos de dados que s\u00e3o coletados, os motivos da coleta e a forma como os usu\u00e1rios podem gerenciar ou excluir as suas informa\u00e7\u00f5es pessoais.<\/p>\n\n\n\n<p>Esta Pol\u00edtica de Privacidade aplica-se a todos os usu\u00e1rios e visitantes do site FITOPLANT e integra os Termos e Condi\u00e7\u00f5es Gerais de Uso do site FITOPLANT, devidamente inscrita no CNPJ sob o n\u00ba 12.410.720\/0001-04, situado em Rua Barra Paulista, 257, Cidade Nova, Feira de Santana-Ba. CEP: 44053-256 doravante nominada Grupo Fitoplant.<\/p>\n\n\n\n<p>O presente documento foi\nelaborado em conformidade com a Lei Geral de Prote\u00e7\u00e3o de Dados Pessoais (Lei\n13.709\/18), o Marco Civil da Internet (Lei 12.965\/14) (e o Regulamento da UE n.\n2016\/6790). Ainda, o documento poder\u00e1 ser atualizado em decorr\u00eancia de eventual\natualiza\u00e7\u00e3o normativa, raz\u00e3o pela qual se convida o usu\u00e1rio a consultar\nperiodicamente esta se\u00e7\u00e3o.<\/p>\n\n\n\n<p><strong>SE\u00c7\u00c3O 2 &#8211; COMO RECOLHEMOS OS\nDADOS PESSOAIS DO USU\u00c1RIO E DO VISITANTE?<\/strong><\/p>\n\n\n\n<p>Os dados pessoais do usu\u00e1rio\ne visitante s\u00e3o recolhidos pela plataforma da seguinte forma:<\/p>\n\n\n\n<p>\u2022\u00a0\u00a0\u00a0\u00a0\u00a0\u00a0\u00a0\u00a0 Quando o usu\u00e1rio cria uma conta\/perfil na plataforma FITOPLANT: esses dados s\u00e3o os dados de identifica\u00e7\u00e3o b\u00e1sicos, como e-mail, nome completo, cidade de resid\u00eancia e profiss\u00e3o. A partir deles, podemos identificar o usu\u00e1rio e o visitante, al\u00e9m de garantir uma maior seguran\u00e7a e bem-estar \u00e0s suas necessidades. Ficam cientes os usu\u00e1rios e visitantes de que seu perfil na plataforma estar\u00e1 acess\u00edvel a todos demais usu\u00e1rios e visitantes da plataforma FITOPLANT.<\/p>\n\n\n\n<p>\u2022\u00a0\u00a0\u00a0\u00a0\u00a0\u00a0\u00a0\u00a0 Quando um usu\u00e1rio e visitante acessa p\u00e1ginas do site FITOPLANT: as informa\u00e7\u00f5es sobre intera\u00e7\u00e3o e acesso s\u00e3o coletadas pela empresa para garantir uma melhor experi\u00eancia ao usu\u00e1rio e visitante. Estes dados podem tratar sobre as palavras-chaves utilizadas em uma busca, o compartilhamento de um documento espec\u00edfico, coment\u00e1rios, visualiza\u00e7\u00f5es de p\u00e1ginas, perfis, a URL de onde o usu\u00e1rio e visitante prov\u00eam, o navegador que utilizam e seus IPs de acesso, dentre outras que poder\u00e3o ser armazenadas e retidas.<\/p>\n\n\n\n<p>\u2022\u00a0\u00a0\u00a0\u00a0\u00a0\u00a0\u00a0\u00a0 Por interm\u00e9dio de terceiro: a plataforma FITOPLANT recebe dados de terceiros, como Facebook e Google, quando um usu\u00e1rio faz login com o seu perfil de um desses sites. A utiliza\u00e7\u00e3o desses dados \u00e9 autorizada previamente pelos usu\u00e1rios junto ao terceiro em quest\u00e3o.<\/p>\n\n\n\n<p>\u2022&nbsp;&nbsp;&nbsp;&nbsp;&nbsp;&nbsp;&nbsp;&nbsp; outras <\/p>\n\n\n\n<p><strong>SE\u00c7\u00c3O 3 &#8211; QUAIS DADOS\nPESSOAIS RECOLHEMOS SOBRE O USU\u00c1RIO E VISITANTE?<\/strong><\/p>\n\n\n\n<p>Os dados pessoais do usu\u00e1rio\ne visitante recolhidos s\u00e3o os seguintes:<\/p>\n\n\n\n<p>\u2022&nbsp;&nbsp;&nbsp;&nbsp;&nbsp;&nbsp;&nbsp;&nbsp; Dados para a cria\u00e7\u00e3o da conta\/perfil na plataforma: e-mail,\nnome completo, cidade de resid\u00eancia.<\/p>\n\n\n\n<p>\u2022&nbsp;&nbsp;&nbsp;&nbsp;&nbsp;&nbsp;&nbsp;&nbsp; Dados para otimiza\u00e7\u00e3o da navega\u00e7\u00e3o: acesso a p\u00e1ginas,\npalavras-chave utilizadas na busca, recomenda\u00e7\u00f5es, coment\u00e1rios, intera\u00e7\u00e3o com\noutros perfis e usu\u00e1rios, perfis seguidos, endere\u00e7o de IP.<\/p>\n\n\n\n<p>\u2022&nbsp;&nbsp;&nbsp;&nbsp;&nbsp;&nbsp;&nbsp;&nbsp; Dados para concretizar transa\u00e7\u00f5es: dados referentes ao\npagamento e transa\u00e7\u00f5es, tais como, n\u00famero do cart\u00e3o de cr\u00e9dito e outras\ninforma\u00e7\u00f5es sobre o cart\u00e3o, al\u00e9m dos pagamentos efetuados.<\/p>\n\n\n\n<p>\u2022&nbsp;&nbsp;&nbsp;&nbsp;&nbsp;&nbsp;&nbsp;&nbsp; Newsletter: o e-mail cadastrado pelo visitante que optar por\nse inscrever na Newsletter ser\u00e1 coletado e armazenado at\u00e9 que o usu\u00e1rio\nsolicite o descadastro.<\/p>\n\n\n\n<p>\u2022&nbsp;&nbsp;&nbsp;&nbsp;&nbsp;&nbsp;&nbsp;&nbsp; Dados relacionados a contratos: diante da formaliza\u00e7\u00e3o do\ncontrato de compra e venda ou de presta\u00e7\u00e3o de servi\u00e7os entre a plataforma e o\nusu\u00e1rio e visitante poder\u00e3o ser coletados e armazenados dados relativos a\nexecu\u00e7\u00e3o contratual, inclusive as comunica\u00e7\u00f5es realizada entre a empresa e o\nusu\u00e1rio.<\/p>\n\n\n\n<p>\u2022&nbsp;&nbsp;&nbsp;&nbsp;&nbsp;&nbsp;&nbsp;&nbsp; outras<\/p>\n\n\n\n<p><strong>SE\u00c7\u00c3O 3 &#8211; PARA QUE\nFINALIDADES UTILIZAMOS OS DADOS PESSOAIS DO USU\u00c1RIO E VISITANTE?<\/strong><\/p>\n\n\n\n<p>Os dados pessoais do usu\u00e1rio e do visitante coletados e armazenados pela plataforma FITOPLANT tem por finalidade:<\/p>\n\n\n\n<p>\u2022&nbsp;&nbsp;&nbsp;&nbsp;&nbsp;&nbsp;&nbsp;&nbsp; Bem-estar do usu\u00e1rio e visitante: aprimorar o produto e\/ou\nservi\u00e7o oferecido, facilitar, agilizar e cumprir os compromissos estabelecidos\nentre o usu\u00e1rio e a empresa, melhorar a experi\u00eancia dos usu\u00e1rios e fornecer\nfuncionalidades espec\u00edficas a depender das caracter\u00edsticas b\u00e1sicas do usu\u00e1rio.<\/p>\n\n\n\n<p>\u2022&nbsp;&nbsp;&nbsp;&nbsp;&nbsp;&nbsp;&nbsp;&nbsp; Melhorias da plataforma: compreender como o usu\u00e1rio utiliza\nos servi\u00e7os da plataforma, para ajudar no desenvolvimento de neg\u00f3cios e\nt\u00e9cnicas.<\/p>\n\n\n\n<p>\u2022&nbsp;&nbsp;&nbsp;&nbsp;&nbsp;&nbsp;&nbsp;&nbsp; An\u00fancios: apresentar an\u00fancios personalizados para o usu\u00e1rio\ncom base nos dados fornecidos.<\/p>\n\n\n\n<p>\u2022&nbsp;&nbsp;&nbsp;&nbsp;&nbsp;&nbsp;&nbsp;&nbsp; Comercial: os dados s\u00e3o usados para personalizar o conte\u00fado\noferecido e gerar subs\u00eddio \u00e0 plataforma para a melhora da qualidade no\nfuncionamento dos servi\u00e7os.<\/p>\n\n\n\n<p>\u2022&nbsp;&nbsp;&nbsp;&nbsp;&nbsp;&nbsp;&nbsp;&nbsp; Previs\u00e3o do perfil do usu\u00e1rio: tratamento automatizados de\ndados pessoais para avaliar o uso na plataforma.<\/p>\n\n\n\n<p>\u2022&nbsp;&nbsp;&nbsp;&nbsp;&nbsp;&nbsp;&nbsp;&nbsp; Dados de cadastro: para permitir o acesso do usu\u00e1rio a\ndeterminados conte\u00fados da plataforma, exclusivo para usu\u00e1rios cadastrados<\/p>\n\n\n\n<p>\u2022&nbsp;&nbsp;&nbsp;&nbsp;&nbsp;&nbsp;&nbsp;&nbsp; Dados de contrato: conferir \u00e0s partes seguran\u00e7a jur\u00eddica e\nfacilitar a conclus\u00e3o do neg\u00f3cio.<\/p>\n\n\n\n<p>\u2022&nbsp;&nbsp;&nbsp;&nbsp;&nbsp;&nbsp;&nbsp;&nbsp; Outras<\/p>\n\n\n\n<p>O tratamento de dados\npessoais para finalidades n\u00e3o previstas nesta Pol\u00edtica de Privacidade somente\nocorrer\u00e1 mediante comunica\u00e7\u00e3o pr\u00e9via ao usu\u00e1rio, de modo que os direitos e\nobriga\u00e7\u00f5es aqui previstos permanecem aplic\u00e1veis.<\/p>\n\n\n\n<p><strong>SE\u00c7\u00c3O 4 &#8211; POR QUANTO TEMPO\nOS DADOS PESSOAIS FICAM ARMAZENADOS?<\/strong><\/p>\n\n\n\n<p>Os dados pessoais do usu\u00e1rio\ne visitante s\u00e3o armazenados pela plataforma durante o per\u00edodo necess\u00e1rio para a\npresta\u00e7\u00e3o do servi\u00e7o ou o cumprimento das finalidades previstas no presente\ndocumento, conforme o disposto no inciso I do artigo 15 da Lei 13.709\/18.<\/p>\n\n\n\n<p>Os dados podem ser removidos\nou anonimizados a pedido do usu\u00e1rio, excetuando os casos em que a lei oferecer\noutro tratamento.<\/p>\n\n\n\n<p>Ainda, os dados pessoais dos\nusu\u00e1rios apenas podem ser conservados ap\u00f3s o t\u00e9rmino de seu tratamento nas\nseguintes hip\u00f3teses previstas no artigo 16 da referida lei:<\/p>\n\n\n\n<p>I &#8211; cumprimento de obriga\u00e7\u00e3o\nlegal ou regulat\u00f3ria pelo controlador;<\/p>\n\n\n\n<p>II &#8211; estudo por \u00f3rg\u00e3o de\npesquisa, garantida, sempre que poss\u00edvel, a anonimiza\u00e7\u00e3o dos dados pessoais;<\/p>\n\n\n\n<p>III &#8211; transfer\u00eancia a\nterceiro, desde que respeitados os requisitos de tratamento de dados dispostos\nnesta Lei;<\/p>\n\n\n\n<p>IV &#8211; uso exclusivo do\ncontrolador, vedado seu acesso por terceiro, e desde que anonimizados os dados.<\/p>\n\n\n\n<p><strong>SE\u00c7\u00c3O 5 &#8211; SEGURAN\u00c7A DOS\nDADOS PESSOAIS ARMAZENADOS<\/strong><\/p>\n\n\n\n<p>A plataforma se compromete a\naplicar as medidas t\u00e9cnicas e organizativas aptas a proteger os dados pessoais\nde acessos n\u00e3o autorizados e de situa\u00e7\u00f5es de destrui\u00e7\u00e3o, perda, altera\u00e7\u00e3o,\ncomunica\u00e7\u00e3o ou difus\u00e3o de tais dados.<\/p>\n\n\n\n<p>Os dados relativas a cart\u00f5es\nde cr\u00e9dito s\u00e3o criptografados usando a tecnologia &#8220;secure socket\nlayer&#8221; (SSL) que garante a transmiss\u00e3o de dados de forma segura e\nconfidencial, de modo que a transmiss\u00e3o dos dados entre o servidor e o usu\u00e1rio\nocorre de maneira cifrada e encriptada.<\/p>\n\n\n\n<p>A plataforma n\u00e3o se exime de\nresponsabilidade por culpa exclusiva de terceiro, como em caso de ataque de\nhackers ou crackers, ou culpa exclusiva do usu\u00e1rio, como no caso em que ele\nmesmo transfere seus dados a terceiros. O site se compromete a comunicar o\nusu\u00e1rio em caso de alguma viola\u00e7\u00e3o de seguran\u00e7a dos seus dados pessoais.<\/p>\n\n\n\n<p>Os dados pessoais\narmazenados s\u00e3o tratados com confidencialidade, dentro dos limites legais. No\nentanto, podemos divulgar suas informa\u00e7\u00f5es pessoais caso sejamos obrigados pela\nlei para faz\u00ea-lo ou se voc\u00ea violar nossos Termos de Servi\u00e7o.<\/p>\n\n\n\n<p><strong>SE\u00c7\u00c3O 6 &#8211; COMPARTILHAMENTO\nDOS DADOS<\/strong><\/p>\n\n\n\n<p>O compartilhamento de dados\ndo usu\u00e1rio ocorre apenas com os dados referentes a publica\u00e7\u00f5es realizadas pelo\npr\u00f3prio usu\u00e1rio, tais a\u00e7\u00f5es s\u00e3o compartilhadas publicamente com os outros\nusu\u00e1rios.<\/p>\n\n\n\n<p>Os dados do perfil do\nusu\u00e1rio s\u00e3o compartilhados publicamente em sistemas de busca e dentro da\nplataforma, sendo permitido ao usu\u00e1rio modificar tal configura\u00e7\u00e3o para que seu\nperfil n\u00e3o apare\u00e7a nos resultados de busca de tais ferramentas.<\/p>\n\n\n\n<p><strong>SE\u00c7\u00c3O 6 &#8211; OS DADOS PESSOAIS\nARMAZENADOS SER\u00c3O TRANSFERIDOS A TERCEIROS?<\/strong><\/p>\n\n\n\n<p>Os dados pessoais podem ser\ncompartilhados com as seguintes pessoas jur\u00eddicas: FITOPLANT &#8211; CNPJ\n12.410.720\/0001-04 e PAGSEGURO INTERNET S\/A &#8211; CNPJ\/MF 08.561.701\/0001-01<\/p>\n\n\n\n<p>Os terceiros indicados\nrecebem os dados na medida do necess\u00e1rio para permitir que eles realizem os\nservi\u00e7os contratados.<\/p>\n\n\n\n<p>Com rela\u00e7\u00e3o aos fornecedores\nde servi\u00e7os terceirizados como processadores de transa\u00e7\u00e3o de pagamento,\ninformamos que cada qual tem sua pr\u00f3pria pol\u00edtica de privacidade. Desse modo,\nrecomendamos a leitura das suas pol\u00edticas de privacidade para compreens\u00e3o de\nquais informa\u00e7\u00f5es pessoais ser\u00e3o usadas por esses fornecedores.<\/p>\n\n\n\n<p><strong>SE\u00c7\u00c3O 07 \u2013 COOKIES OU DADOS\nDE NAVEGA\u00c7\u00c3O<\/strong><\/p>\n\n\n\n<p>Os cookies referem-se a\narquivos de texto enviados pela plataforma ao computador do usu\u00e1rio e visitante\ne que nele ficam armazenados, com informa\u00e7\u00f5es relacionadas \u00e0 navega\u00e7\u00e3o no site.\nTais informa\u00e7\u00f5es s\u00e3o relacionadas aos dados de acesso como local e hor\u00e1rio de\nacesso e s\u00e3o armazenadas pelo navegador do usu\u00e1rio e visitante para que o\nservidor da plataforma possa l\u00ea-las posteriormente a fim de personalizar os\nservi\u00e7os da plataforma.<\/p>\n\n\n\n<p>O usu\u00e1rio e o visitante da plataforma FITOPLANT manifesta conhecer e aceitar que pode ser utilizado um sistema de coleta de dados de navega\u00e7\u00e3o mediante \u00e0 utiliza\u00e7\u00e3o de cookies.<\/p>\n\n\n\n<p>O cookie persistente\npermanece no disco r\u00edgido do usu\u00e1rio e visitante depois que o navegador \u00e9\nfechado e ser\u00e1 usado pelo navegador em visitas subsequentes ao site. Os cookies\npersistentes podem ser removidos seguindo as instru\u00e7\u00f5es do seu navegador. J\u00e1 o\ncookie de sess\u00e3o \u00e9 tempor\u00e1rio e desaparece depois que o navegador \u00e9 fechado. \u00c9\nposs\u00edvel redefinir seu navegador da web para recusar todos os cookies, por\u00e9m\nalguns recursos da plataforma podem n\u00e3o funcionar corretamente se a capacidade\nde aceitar cookies estiver desabilitada.<\/p>\n\n\n\n<p><strong>SE\u00c7\u00c3O 8 \u2013 CONSENTIMENTO<\/strong><\/p>\n\n\n\n<p>Ao utilizar os servi\u00e7os e\nfornecer as informa\u00e7\u00f5es pessoais na plataforma, o usu\u00e1rio est\u00e1 consentindo com\na presente Pol\u00edtica de Privacidade.<\/p>\n\n\n\n<p>O usu\u00e1rio, ao cadastrar-se,\nmanifesta conhecer e pode exercitar seus direitos de cancelar seu cadastro,\nacessar e atualizar seus dados pessoais e garante a veracidade das informa\u00e7\u00f5es\npor ele disponibilizadas.<\/p>\n\n\n\n<p>O usu\u00e1rio tem direito de\nretirar o seu consentimento a qualquer tempo, para tanto deve entrar em contato\natrav\u00e9s do e-mail fitomania@fitoplant.com.br <\/p>\n\n\n\n<p><strong>SE\u00c7\u00c3O 9 &#8211; ALTERA\u00c7\u00d5ES PARA\nESSA POL\u00cdTICA DE PRIVACIDADE<\/strong><\/p>\n\n\n\n<p>Reservamos o direito de\nmodificar essa Pol\u00edtica de Privacidade a qualquer momento, ent\u00e3o, \u00e9\nrecomend\u00e1vel que o usu\u00e1rio e visitante revise-a com frequ\u00eancia.<\/p>\n\n\n\n<p>As altera\u00e7\u00f5es e\nesclarecimentos v\u00e3o surtir efeito imediatamente ap\u00f3s sua publica\u00e7\u00e3o na\nplataforma. Quando realizadas altera\u00e7\u00f5es os usu\u00e1rios ser\u00e3o notificados. Ao\nutilizar o servi\u00e7o ou fornecer informa\u00e7\u00f5es pessoais ap\u00f3s eventuais\nmodifica\u00e7\u00f5es, o usu\u00e1rio e visitante demonstra sua concord\u00e2ncia com as novas\nnormas.<\/p>\n\n\n\n<p>Diante da fus\u00e3o ou venda da\nplataforma \u00e0 outra empresa os dados dos usu\u00e1rios podem ser transferidas para os\nnovos propriet\u00e1rios para que a perman\u00eancia dos servi\u00e7os oferecidos.<\/p>\n\n\n\n<p><strong>SE\u00c7\u00c3O 10 \u2013 JURISDI\u00c7\u00c3O PARA\nRESOLU\u00c7\u00c3O DE CONFLITOS<\/strong><\/p>\n\n\n\n<p>Para a solu\u00e7\u00e3o de\ncontrov\u00e9rsias decorrentes do presente instrumento ser\u00e1 aplicado integralmente o\nDireito brasileiro.<\/p>\n\n\n\n<p>Os eventuais lit\u00edgios\ndever\u00e3o ser apresentados no foro da comarca em que se encontra a sede da\nempresa.<\/p>\n","protected":false},"excerpt":{"rendered":"<p>SE\u00c7\u00c3O 1 &#8211; INFORMA\u00c7\u00d5ES GERAIS A presente Pol\u00edtica de Privacidade cont\u00e9m &#8230; <\/p>\n","protected":false},"author":2,"featured_media":0,"parent":0,"menu_order":0,"comment_status":"closed","ping_status":"open","template":"","meta":{"footnotes":""},"class_list":["post-46","page","type-page","status-publish","hentry"],"yoast_head":"<!-- This site is optimized with the Yoast SEO plugin v27.3 - https:\/\/yoast.com\/product\/yoast-seo-wordpress\/ -->\n<title>Pol\u00edtica de privacidade - Loja Fitoplant<\/title>\n<meta name=\"description\" content=\"Nossa Pol\u00edtica de Privacidade informa sobre coleta segura, armazenamento, tratamento e prote\u00e7\u00e3o dos dados pessoais dos usu\u00e1rios e visitantes.\" \/>\n<meta name=\"robots\" content=\"index, follow, max-snippet:-1, max-image-preview:large, max-video-preview:-1\" \/>\n<link rel=\"canonical\" href=\"https:\/\/www.fitoplant.com.br\/loja\/politica-de-privacidade\/\" \/>\n<meta property=\"og:locale\" content=\"pt_BR\" \/>\n<meta property=\"og:type\" content=\"article\" \/>\n<meta property=\"og:title\" content=\"Pol\u00edtica de privacidade - Loja Fitoplant\" \/>\n<meta property=\"og:description\" content=\"Nossa Pol\u00edtica de Privacidade informa sobre coleta segura, armazenamento, tratamento e prote\u00e7\u00e3o dos dados pessoais dos usu\u00e1rios e visitantes.\" \/>\n<meta property=\"og:url\" content=\"https:\/\/www.fitoplant.com.br\/loja\/politica-de-privacidade\/\" \/>\n<meta property=\"og:site_name\" content=\"Loja Fitoplant\" \/>\n<meta property=\"article:publisher\" content=\"https:\/\/www.facebook.com\/fitoplantsuplementos\/\" \/>\n<meta property=\"article:modified_time\" content=\"2024-12-20T01:38:40+00:00\" \/>\n<meta property=\"og:image\" content=\"https:\/\/www.fitoplant.com.br\/loja\/wp-content\/uploads\/2024\/07\/logo-fitoplant.png\" \/>\n\t<meta property=\"og:image:width\" content=\"1000\" \/>\n\t<meta property=\"og:image:height\" content=\"542\" \/>\n\t<meta property=\"og:image:type\" content=\"image\/png\" \/>\n<meta name=\"twitter:card\" content=\"summary_large_image\" \/>\n<meta name=\"twitter:label1\" content=\"Est. tempo de leitura\" \/>\n\t<meta name=\"twitter:data1\" content=\"10 minutos\" \/>\n<script type=\"application\/ld+json\" class=\"yoast-schema-graph\">{\"@context\":\"https:\\\/\\\/schema.org\",\"@graph\":[{\"@type\":\"WebPage\",\"@id\":\"https:\\\/\\\/www.fitoplant.com.br\\\/loja\\\/politica-de-privacidade\\\/\",\"url\":\"https:\\\/\\\/www.fitoplant.com.br\\\/loja\\\/politica-de-privacidade\\\/\",\"name\":\"Pol\u00edtica de privacidade - Loja Fitoplant\",\"isPartOf\":{\"@id\":\"https:\\\/\\\/www.fitoplant.com.br\\\/loja\\\/#website\"},\"datePublished\":\"2019-02-02T16:40:55+00:00\",\"dateModified\":\"2024-12-20T01:38:40+00:00\",\"description\":\"Nossa Pol\u00edtica de Privacidade informa sobre coleta segura, armazenamento, tratamento e prote\u00e7\u00e3o dos dados pessoais dos usu\u00e1rios e visitantes.\",\"breadcrumb\":{\"@id\":\"https:\\\/\\\/www.fitoplant.com.br\\\/loja\\\/politica-de-privacidade\\\/#breadcrumb\"},\"inLanguage\":\"pt-BR\",\"potentialAction\":[{\"@type\":\"ReadAction\",\"target\":[\"https:\\\/\\\/www.fitoplant.com.br\\\/loja\\\/politica-de-privacidade\\\/\"]}]},{\"@type\":\"BreadcrumbList\",\"@id\":\"https:\\\/\\\/www.fitoplant.com.br\\\/loja\\\/politica-de-privacidade\\\/#breadcrumb\",\"itemListElement\":[{\"@type\":\"ListItem\",\"position\":1,\"name\":\"In\u00edcio\",\"item\":\"https:\\\/\\\/www.fitoplant.com.br\\\/loja\\\/\"},{\"@type\":\"ListItem\",\"position\":2,\"name\":\"Pol\u00edtica de privacidade\"}]},{\"@type\":\"WebSite\",\"@id\":\"https:\\\/\\\/www.fitoplant.com.br\\\/loja\\\/#website\",\"url\":\"https:\\\/\\\/www.fitoplant.com.br\\\/loja\\\/\",\"name\":\"Loja Fitoplant\",\"description\":\"Suplementos Alimentares\",\"publisher\":{\"@id\":\"https:\\\/\\\/www.fitoplant.com.br\\\/loja\\\/#organization\"},\"alternateName\":\"Loja Fitoplant\",\"potentialAction\":[{\"@type\":\"SearchAction\",\"target\":{\"@type\":\"EntryPoint\",\"urlTemplate\":\"https:\\\/\\\/www.fitoplant.com.br\\\/loja\\\/?s={search_term_string}\"},\"query-input\":{\"@type\":\"PropertyValueSpecification\",\"valueRequired\":true,\"valueName\":\"search_term_string\"}}],\"inLanguage\":\"pt-BR\"},{\"@type\":\"Organization\",\"@id\":\"https:\\\/\\\/www.fitoplant.com.br\\\/loja\\\/#organization\",\"name\":\"Loja Fitoplant\",\"alternateName\":\"Loja Fitoplant\",\"url\":\"https:\\\/\\\/www.fitoplant.com.br\\\/loja\\\/\",\"logo\":{\"@type\":\"ImageObject\",\"inLanguage\":\"pt-BR\",\"@id\":\"https:\\\/\\\/www.fitoplant.com.br\\\/loja\\\/#\\\/schema\\\/logo\\\/image\\\/\",\"url\":\"https:\\\/\\\/www.fitoplant.com.br\\\/loja\\\/wp-content\\\/uploads\\\/2024\\\/07\\\/favicon.png\",\"contentUrl\":\"https:\\\/\\\/www.fitoplant.com.br\\\/loja\\\/wp-content\\\/uploads\\\/2024\\\/07\\\/favicon.png\",\"width\":60,\"height\":60,\"caption\":\"Loja Fitoplant\"},\"image\":{\"@id\":\"https:\\\/\\\/www.fitoplant.com.br\\\/loja\\\/#\\\/schema\\\/logo\\\/image\\\/\"},\"sameAs\":[\"https:\\\/\\\/www.facebook.com\\\/fitoplantsuplementos\\\/\",\"https:\\\/\\\/www.instagram.com\\\/fitoplant\",\"https:\\\/\\\/www.youtube.com\\\/@fitoplant\"]}]}<\/script>\n<!-- \/ Yoast SEO plugin. -->","yoast_head_json":{"title":"Pol\u00edtica de privacidade - Loja Fitoplant","description":"Nossa Pol\u00edtica de Privacidade informa sobre coleta segura, armazenamento, tratamento e prote\u00e7\u00e3o dos dados pessoais dos usu\u00e1rios e visitantes.","robots":{"index":"index","follow":"follow","max-snippet":"max-snippet:-1","max-image-preview":"max-image-preview:large","max-video-preview":"max-video-preview:-1"},"canonical":"https:\/\/www.fitoplant.com.br\/loja\/politica-de-privacidade\/","og_locale":"pt_BR","og_type":"article","og_title":"Pol\u00edtica de privacidade - Loja Fitoplant","og_description":"Nossa Pol\u00edtica de Privacidade informa sobre coleta segura, armazenamento, tratamento e prote\u00e7\u00e3o dos dados pessoais dos usu\u00e1rios e visitantes.","og_url":"https:\/\/www.fitoplant.com.br\/loja\/politica-de-privacidade\/","og_site_name":"Loja Fitoplant","article_publisher":"https:\/\/www.facebook.com\/fitoplantsuplementos\/","article_modified_time":"2024-12-20T01:38:40+00:00","og_image":[{"width":1000,"height":542,"url":"https:\/\/www.fitoplant.com.br\/loja\/wp-content\/uploads\/2024\/07\/logo-fitoplant.png","type":"image\/png"}],"twitter_card":"summary_large_image","twitter_misc":{"Est. tempo de leitura":"10 minutos"},"schema":{"@context":"https:\/\/schema.org","@graph":[{"@type":"WebPage","@id":"https:\/\/www.fitoplant.com.br\/loja\/politica-de-privacidade\/","url":"https:\/\/www.fitoplant.com.br\/loja\/politica-de-privacidade\/","name":"Pol\u00edtica de privacidade - Loja Fitoplant","isPartOf":{"@id":"https:\/\/www.fitoplant.com.br\/loja\/#website"},"datePublished":"2019-02-02T16:40:55+00:00","dateModified":"2024-12-20T01:38:40+00:00","description":"Nossa Pol\u00edtica de Privacidade informa sobre coleta segura, armazenamento, tratamento e prote\u00e7\u00e3o dos dados pessoais dos usu\u00e1rios e visitantes.","breadcrumb":{"@id":"https:\/\/www.fitoplant.com.br\/loja\/politica-de-privacidade\/#breadcrumb"},"inLanguage":"pt-BR","potentialAction":[{"@type":"ReadAction","target":["https:\/\/www.fitoplant.com.br\/loja\/politica-de-privacidade\/"]}]},{"@type":"BreadcrumbList","@id":"https:\/\/www.fitoplant.com.br\/loja\/politica-de-privacidade\/#breadcrumb","itemListElement":[{"@type":"ListItem","position":1,"name":"In\u00edcio","item":"https:\/\/www.fitoplant.com.br\/loja\/"},{"@type":"ListItem","position":2,"name":"Pol\u00edtica de privacidade"}]},{"@type":"WebSite","@id":"https:\/\/www.fitoplant.com.br\/loja\/#website","url":"https:\/\/www.fitoplant.com.br\/loja\/","name":"Loja Fitoplant","description":"Suplementos Alimentares","publisher":{"@id":"https:\/\/www.fitoplant.com.br\/loja\/#organization"},"alternateName":"Loja Fitoplant","potentialAction":[{"@type":"SearchAction","target":{"@type":"EntryPoint","urlTemplate":"https:\/\/www.fitoplant.com.br\/loja\/?s={search_term_string}"},"query-input":{"@type":"PropertyValueSpecification","valueRequired":true,"valueName":"search_term_string"}}],"inLanguage":"pt-BR"},{"@type":"Organization","@id":"https:\/\/www.fitoplant.com.br\/loja\/#organization","name":"Loja Fitoplant","alternateName":"Loja Fitoplant","url":"https:\/\/www.fitoplant.com.br\/loja\/","logo":{"@type":"ImageObject","inLanguage":"pt-BR","@id":"https:\/\/www.fitoplant.com.br\/loja\/#\/schema\/logo\/image\/","url":"https:\/\/www.fitoplant.com.br\/loja\/wp-content\/uploads\/2024\/07\/favicon.png","contentUrl":"https:\/\/www.fitoplant.com.br\/loja\/wp-content\/uploads\/2024\/07\/favicon.png","width":60,"height":60,"caption":"Loja Fitoplant"},"image":{"@id":"https:\/\/www.fitoplant.com.br\/loja\/#\/schema\/logo\/image\/"},"sameAs":["https:\/\/www.facebook.com\/fitoplantsuplementos\/","https:\/\/www.instagram.com\/fitoplant","https:\/\/www.youtube.com\/@fitoplant"]}]}},"_links":{"self":[{"href":"https:\/\/www.fitoplant.com.br\/loja\/wp-json\/wp\/v2\/pages\/46","targetHints":{"allow":["GET"]}}],"collection":[{"href":"https:\/\/www.fitoplant.com.br\/loja\/wp-json\/wp\/v2\/pages"}],"about":[{"href":"https:\/\/www.fitoplant.com.br\/loja\/wp-json\/wp\/v2\/types\/page"}],"author":[{"embeddable":true,"href":"https:\/\/www.fitoplant.com.br\/loja\/wp-json\/wp\/v2\/users\/2"}],"replies":[{"embeddable":true,"href":"https:\/\/www.fitoplant.com.br\/loja\/wp-json\/wp\/v2\/comments?post=46"}],"version-history":[{"count":1,"href":"https:\/\/www.fitoplant.com.br\/loja\/wp-json\/wp\/v2\/pages\/46\/revisions"}],"predecessor-version":[{"id":2940,"href":"https:\/\/www.fitoplant.com.br\/loja\/wp-json\/wp\/v2\/pages\/46\/revisions\/2940"}],"wp:attachment":[{"href":"https:\/\/www.fitoplant.com.br\/loja\/wp-json\/wp\/v2\/media?parent=46"}],"curies":[{"name":"wp","href":"https:\/\/api.w.org\/{rel}","templated":true}]}}